{"id":19797,"date":"2021-01-21T12:01:21","date_gmt":"2021-01-21T12:01:21","guid":{"rendered":"https:\/\/www.cm-evora.pt\/?page_id=19797"},"modified":"2021-01-21T12:26:52","modified_gmt":"2021-01-21T12:26:52","slug":"rede-de-cidades-criativas","status":"publish","type":"page","link":"https:\/\/www.cm-evora.pt\/en\/municipe\/camara-municipal\/rede-de-cidades-criativas\/","title":{"rendered":"(Portugu\u00eas) Rede de Cidades Criativas"},"content":{"rendered":"<p class=\"qtranxs-available-languages-message qtranxs-available-languages-message-en\">Sorry, this entry is only available in <a href=\"https:\/\/www.cm-evora.pt\/pt\/wp-json\/wp\/v2\/pages\/19797\" class=\"qtranxs-available-language-link qtranxs-available-language-link-pt\" title=\"Portugu\u00eas\">Portugu\u00eas<\/a>.<\/p><p>&nbsp;<\/p>\n<p>\u200b\u200bA\u00a0<span class=\"ms-rteThemeForeColor-3-0\"><strong>Rede de Cidades Criativas<\/strong><\/span>\u00a0tem como objetivo a defini\u00e7\u00e3o e implementa\u00e7\u00e3o de pol\u00edticas p\u00fablicas na \u00e1rea da criatividade e inova\u00e7\u00e3o em contexto municipal, bem como\u00a0a dissemina\u00e7\u00e3o das melhores pr\u00e1ticas entre os parceiros aderentes.<\/p>\n<p>A rede,\u00a0\u00a0liderada pelo Munic\u00edpio do Fund\u00e3o,\u00a0\u00e9 constitu\u00edda por 14 Munic\u00edpios:<\/p>\n<p>ABRANTES | \u00c1GUEDA | AVEIRO | CALDAS DA RAINHA | CASTELO BRANCO | \u00c9VORA | FUND\u00c3O | GUIMAR\u00c3ES | MONTEMOR O NOVO | \u00d3BIDOS | PENELA | POMBAL | S\u00c3O JO\u00c3O DA MADEIRA | TAVIRA<\/p>\n<p>Programa Estrat\u00e9gico da Rede de Cidade Criativas 2016<\/p>\n<p>O programa estrat\u00e9gico procura\u00a0identificar as \u00e1reas tem\u00e1ticas a desenvolver, contribuindo para a dissemina\u00e7\u00e3o de\u00a0boas pr\u00e1ticas\u00a0e a\u00e7\u00f5es concretas que poder\u00e3o ser implementadas\u00a0pelos parceiros.\u00a0Este programa identifica ainda\u00a0um conjunto de plataformas de inova\u00e7\u00e3o que devem ser\u00a0objeto de trabalho da rede e dos seus parceiros. A saber:<\/p>\n<div>\n<ul>\n<li>\u200bEduca\u00e7\u00e3o para a criatividade e inova\u00e7\u00e3o: Inclus\u00e3o da educa\u00e7\u00e3o criativa no programa das escolas, de reavalia\u00e7\u00e3o cientifico-pedag\u00f3gica e desenvolvimento de atividades de educa\u00e7\u00e3o criativa atrav\u00e9s das artes e sector cultural; conjunto de parcerias com a ind\u00fastria e servi\u00e7os para identificar e introduzir compet\u00eancias necess\u00e1rias, preenchendo lacunas e aumentando os seus desempenhos.<\/li>\n<li>Empreendedorismo e Investimento de Base Criativa: Inclus\u00e3o de atividades direcionadas ao apoio de sectores estrat\u00e9gicos e para aumentar as capacidades dos neg\u00f3cios criativos; desenvolvimento de mercados e encorajar a colabora\u00e7\u00e3o; identifica\u00e7\u00e3o de investimentos-alvo e atividades tendo em vista o aumento da facilidade de investimento;<\/li>\n<li>Converg\u00eancia criativa: Inclus\u00e3o de atividades que ligam neg\u00f3cios criativos a outros sectores para aumentar a inova\u00e7\u00e3o e desempenho em sectores como o turismo; investiga\u00e7\u00e3o e projetos-piloto que liguem empreendedores criativos, especialistas em tecnologia atrav\u00e9s do papel de incuba\u00e7\u00e3o das universidades.<\/li>\n<li>Participa\u00e7\u00e3o p\u00fablica: Cria\u00e7\u00e3o de um novo paradigma de gest\u00e3o p\u00fablica assente na participa\u00e7\u00e3o dos cidad\u00e3os; ativa\u00e7\u00e3o da comunidade para defini\u00e7\u00e3o, solu\u00e7\u00e3o e resolu\u00e7\u00e3o de desafios da sociedade.<\/li>\n<li>Lideran\u00e7a criativa: Atividades de desenvolvimento profissional para city-makers (executivos municipais e t\u00e9cnicos) \u2013 estruturadas sobre a forma de masterclass e forma\u00e7\u00f5es.<\/li>\n<li>Talento e criatividade: Programas e a\u00e7\u00f5es de atra\u00e7\u00e3o e desenvolvimento de talento e compet\u00eancias no setor criativo e tecnol\u00f3gico. Abordagens integradas de gest\u00e3o do talento em territ\u00f3rios de baixa densidade.<\/li>\n<\/ul>\n<\/div>\n<div><\/div>\n<div><\/div>\n<p><\/p>","protected":false},"excerpt":{"rendered":"<p>Sorry, this entry is only available in Portugu\u00eas.&nbsp; \u200b\u200bA\u00a0Rede de Cidades Criativas\u00a0tem como objetivo a defini\u00e7\u00e3o e implementa\u00e7\u00e3o de pol\u00edticas p\u00fablicas na \u00e1rea da criatividade e inova\u00e7\u00e3o em contexto municipal, bem como\u00a0a dissemina\u00e7\u00e3o das melhores pr\u00e1ticas entre os parceiros aderentes. A rede,\u00a0\u00a0liderada pelo Munic\u00edpio do Fund\u00e3o,\u00a0\u00e9 constitu\u00edda por 14 Munic\u00edpios: ABRANTES | \u00c1GUEDA | AVEIRO [&hellip;]<\/p>\n","protected":false},"author":45,"featured_media":0,"parent":1430,"menu_order":100,"comment_status":"closed","ping_status":"closed","template":"templates-map\/component-text-layout1.php","meta":{"_acf_changed":false,"footnotes":""},"categories":[],"class_list":["post-19797","page","type-page","status-publish","hentry"],"acf":{"imagens":[19804],"titulo_docs_seccao":"","documentos":[19801,19802]},"_links":{"self":[{"href":"https:\/\/www.cm-evora.pt\/en\/wp-json\/wp\/v2\/pages\/19797","targetHints":{"allow":["GET"]}}],"collection":[{"href":"https:\/\/www.cm-evora.pt\/en\/wp-json\/wp\/v2\/pages"}],"about":[{"href":"https:\/\/www.cm-evora.pt\/en\/wp-json\/wp\/v2\/types\/page"}],"author":[{"embeddable":true,"href":"https:\/\/www.cm-evora.pt\/en\/wp-json\/wp\/v2\/users\/45"}],"replies":[{"embeddable":true,"href":"https:\/\/www.cm-evora.pt\/en\/wp-json\/wp\/v2\/comments?post=19797"}],"version-history":[{"count":2,"href":"https:\/\/www.cm-evora.pt\/en\/wp-json\/wp\/v2\/pages\/19797\/revisions"}],"predecessor-version":[{"id":19806,"href":"https:\/\/www.cm-evora.pt\/en\/wp-json\/wp\/v2\/pages\/19797\/revisions\/19806"}],"up":[{"embeddable":true,"href":"https:\/\/www.cm-evora.pt\/en\/wp-json\/wp\/v2\/pages\/1430"}],"acf:post":[{"embeddable":true,"href":"https:\/\/www.cm-evora.pt\/en\/wp-json\/wp\/v2\/listas_ficheiros\/19802"},{"embeddable":true,"href":"https:\/\/www.cm-evora.pt\/en\/wp-json\/wp\/v2\/listas_ficheiros\/19801"}],"acf:attachment":[{"embeddable":true,"href":"https:\/\/www.cm-evora.pt\/en\/wp-json\/wp\/v2\/media\/19804"}],"wp:attachment":[{"href":"https:\/\/www.cm-evora.pt\/en\/wp-json\/wp\/v2\/media?parent=19797"}],"wp:term":[{"taxonomy":"category","embeddable":true,"href":"https:\/\/www.cm-evora.pt\/en\/wp-json\/wp\/v2\/categories?post=19797"}],"curies":[{"name":"wp","href":"https:\/\/api.w.org\/{rel}","templated":true}]}}