{"id":20137,"date":"2021-01-29T12:07:20","date_gmt":"2021-01-29T12:07:20","guid":{"rendered":"https:\/\/www.cm-evora.pt\/?page_id=20137"},"modified":"2025-02-07T08:04:27","modified_gmt":"2025-02-07T08:04:27","slug":"pocityf-positive-energy-city-transformation-framework","status":"publish","type":"page","link":"https:\/\/www.cm-evora.pt\/en\/municipe\/projetos-municipais\/projetos-estruturantes\/pocityf-positive-energy-city-transformation-framework\/","title":{"rendered":"POCITYF &#8211; Positive Energy CITY Transformation Framework"},"content":{"rendered":"<p style=\"text-align: center\"><a href=\"https:\/\/www.cm-evora.pt\/wp-content\/uploads\/2023\/05\/bannersite_POCITYF_3-02-1-1.png\" target=\"_blank\" rel=\"noopener\"><img loading=\"lazy\" decoding=\"async\" class=\"alignnone wp-image-49721 size-full\" src=\"https:\/\/www.cm-evora.pt\/wp-content\/uploads\/2023\/05\/bannersite_POCITYF_3-02-1-1.png\" alt=\"\" width=\"8012\" height=\"3000\" srcset=\"https:\/\/www.cm-evora.pt\/wp-content\/uploads\/2023\/05\/bannersite_POCITYF_3-02-1-1.png 8012w, https:\/\/www.cm-evora.pt\/wp-content\/uploads\/2023\/05\/bannersite_POCITYF_3-02-1-1-300x112.png 300w, https:\/\/www.cm-evora.pt\/wp-content\/uploads\/2023\/05\/bannersite_POCITYF_3-02-1-1-1024x383.png 1024w, https:\/\/www.cm-evora.pt\/wp-content\/uploads\/2023\/05\/bannersite_POCITYF_3-02-1-1-768x288.png 768w, https:\/\/www.cm-evora.pt\/wp-content\/uploads\/2023\/05\/bannersite_POCITYF_3-02-1-1-1536x575.png 1536w, https:\/\/www.cm-evora.pt\/wp-content\/uploads\/2023\/05\/bannersite_POCITYF_3-02-1-1-2048x767.png 2048w, https:\/\/www.cm-evora.pt\/wp-content\/uploads\/2023\/05\/bannersite_POCITYF_3-02-1-1-1320x494.png 1320w\" sizes=\"auto, (max-width: 8012px) 100vw, 8012px\" \/><\/a><\/p>\n<p>O POCITYF \u00e9 um projeto de cidades inteligentes e comunidades, cujo objetivo principal \u00e9 criar um conjunto de Positive Energy Blocks \u2013 \u00e1reas geograficamente delimitadas com uma produ\u00e7\u00e3o local renov\u00e1vel superior ao consumo, em termos de m\u00e9dia anual \u2013 nas cidades-piloto de \u00c9vora (Portugal) e Alkmaar (Holanda) e respetivas cidades-seguidoras de Granada (ES), Bari (\u0399\u03a4), Celje (SI), Ujpest (HU), Ioannina (GR) e Hvidovre (DK).<\/p>\n<p>Com a implementa\u00e7\u00e3o dos referidos Positive Energy Blocks, o POCITYF pretende transformar o tecido urbano dessas cidades, com enfoque nas \u00e1reas cultural e historicamente protegidas, em locais mais sustent\u00e1veis, saud\u00e1veis, acess\u00edveis e fi\u00e1veis para os seus cidad\u00e3os. Em \u00faltima an\u00e1lise, melhorar a qualidade de vida das oito cidades referidas, atrav\u00e9s de um modelo sustent\u00e1vel e centrado no cidad\u00e3o.<\/p>\n<p>A estrat\u00e9gia do projeto POCITYF foi desenvolvida em quatro Linhas de Transi\u00e7\u00e3o Energ\u00e9tica (LTE) de atua\u00e7\u00e3o complementares e multidisciplinares, com a integra\u00e7\u00e3o de sistemas energ\u00e9ticos comercializados e inovadores, para tornar a cidade mais autossustent\u00e1vel e amiga do ambiente.<\/p>\n<p>O projeto POCITYF tem a dura\u00e7\u00e3o de 60 meses, um cons\u00f3rcio de 46 parceiros de 12 pa\u00edses europeus e um investimento total de 22,5M\u20ac (destinado na sua maioria \u00e0s duas cidades lanterna, \u00c9vora e Alkmaar). \u00c9vora ir\u00e1 beneficiar de um investimento de 9,8M\u20ac (total dos parceiros que trabalhar\u00e3o para \u00c9vora), do qual 8,1M\u20ac ser\u00e1 financiamento entregue pela CE.<\/p>\n<p>O Munic\u00edpio de \u00c9vora ir\u00e1 receber da CE uma verba de 1,15M\u20ac, da qual se destina: 488m\u20ac \u00e0 subcontrata\u00e7\u00e3o para a instala\u00e7\u00e3o de equipamentos a fornecer pelos parceiros; 414m\u20ac a custos diretos com pessoal; 251m\u20ac a outros custos indiretos e diretos.<\/p>\n<p>De forma geral, o POCITYF ir\u00e1 dotar as infraestruturas, tecnologias e servi\u00e7os (i.e., edif\u00edcios, rede, mobilidade el\u00e9trica) chave da cidade com camadas de intelig\u00eancia, gizando o caminho para as tornar mais seguras, verdes e responsivas \u00e0s necessidades contempor\u00e2neas dos seus cidad\u00e3os, tecido empresarial e outras organiza\u00e7\u00f5es.<\/p>\n<p>&nbsp;<\/p>\n<h3 dir=\"auto\"><strong>Consulte os links para saber mais sobre o projeto:<\/strong><\/h3>\n<ul>\n<li style=\"list-style-type: none\">\n<ul>\n<li dir=\"auto\"><a href=\"https:\/\/www.cm-evora.pt\/wp-content\/uploads\/2025\/02\/stand-POCITYF_VPortalCME-1.pdf\" target=\"_blank\" rel=\"noopener\">Documento explicativo<\/a><\/li>\n<li dir=\"auto\"><a href=\"https:\/\/Pocityf.eu\" target=\"_blank\" rel=\"noopener noreferrer\">Site Oficial<\/a><\/li>\n<\/ul>\n<\/li>\n<\/ul>\n<p>&nbsp;<\/p>\n<p style=\"text-align: center\"><a href=\"https:\/\/www.cm-evora.pt\/wp-content\/uploads\/2021\/01\/Pocityf.jpg\"><img loading=\"lazy\" decoding=\"async\" class=\"alignnone size-full wp-image-20138\" src=\"https:\/\/www.cm-evora.pt\/wp-content\/uploads\/2021\/01\/Pocityf.jpg\" alt=\"\" width=\"1843\" height=\"1080\" srcset=\"https:\/\/www.cm-evora.pt\/wp-content\/uploads\/2021\/01\/Pocityf.jpg 1843w, https:\/\/www.cm-evora.pt\/wp-content\/uploads\/2021\/01\/Pocityf-300x176.jpg 300w, https:\/\/www.cm-evora.pt\/wp-content\/uploads\/2021\/01\/Pocityf-1024x600.jpg 1024w, https:\/\/www.cm-evora.pt\/wp-content\/uploads\/2021\/01\/Pocityf-768x450.jpg 768w, https:\/\/www.cm-evora.pt\/wp-content\/uploads\/2021\/01\/Pocityf-1536x900.jpg 1536w, https:\/\/www.cm-evora.pt\/wp-content\/uploads\/2021\/01\/Pocityf-1320x774.jpg 1320w\" sizes=\"auto, (max-width: 1843px) 100vw, 1843px\" \/><\/a><\/p>\n<p>&nbsp;<\/p>\n<p><a href=\"https:\/\/www.cm-evora.pt\/wp-content\/uploads\/2022\/02\/Pocityf_Imagem_ref2.jpg\"><img loading=\"lazy\" decoding=\"async\" class=\"alignnone wp-image-31743 size-full\" src=\"https:\/\/www.cm-evora.pt\/wp-content\/uploads\/2022\/02\/Pocityf_Imagem_ref2.jpg\" alt=\"\" width=\"1151\" height=\"336\" srcset=\"https:\/\/www.cm-evora.pt\/wp-content\/uploads\/2022\/02\/Pocityf_Imagem_ref2.jpg 1151w, https:\/\/www.cm-evora.pt\/wp-content\/uploads\/2022\/02\/Pocityf_Imagem_ref2-300x88.jpg 300w, https:\/\/www.cm-evora.pt\/wp-content\/uploads\/2022\/02\/Pocityf_Imagem_ref2-1024x299.jpg 1024w, https:\/\/www.cm-evora.pt\/wp-content\/uploads\/2022\/02\/Pocityf_Imagem_ref2-768x224.jpg 768w, https:\/\/www.cm-evora.pt\/wp-content\/uploads\/2022\/02\/Pocityf_Imagem_ref2-774x226.jpg 774w\" sizes=\"auto, (max-width: 1151px) 100vw, 1151px\" \/><\/a><\/p>\n","protected":false},"excerpt":{"rendered":"<p>O POCITYF \u00e9 um projeto de cidades inteligentes e comunidades, cujo objetivo principal \u00e9 criar um conjunto de Positive Energy Blocks \u2013 \u00e1reas geograficamente delimitadas com uma produ\u00e7\u00e3o local renov\u00e1vel superior ao consumo, em termos de m\u00e9dia anual \u2013 nas cidades-piloto de \u00c9vora (Portugal) e Alkmaar (Holanda) e respetivas cidades-seguidoras de Granada (ES), Bari (\u0399\u03a4), [&hellip;]<\/p>\n","protected":false},"author":46,"featured_media":0,"parent":2579,"menu_order":1,"comment_status":"closed","ping_status":"closed","template":"templates-map\/component-text-list-layout1.php","meta":{"_acf_changed":false,"footnotes":""},"categories":[],"class_list":["post-20137","page","type-page","status-publish","hentry"],"acf":[],"_links":{"self":[{"href":"https:\/\/www.cm-evora.pt\/en\/wp-json\/wp\/v2\/pages\/20137","targetHints":{"allow":["GET"]}}],"collection":[{"href":"https:\/\/www.cm-evora.pt\/en\/wp-json\/wp\/v2\/pages"}],"about":[{"href":"https:\/\/www.cm-evora.pt\/en\/wp-json\/wp\/v2\/types\/page"}],"author":[{"embeddable":true,"href":"https:\/\/www.cm-evora.pt\/en\/wp-json\/wp\/v2\/users\/46"}],"replies":[{"embeddable":true,"href":"https:\/\/www.cm-evora.pt\/en\/wp-json\/wp\/v2\/comments?post=20137"}],"version-history":[{"count":40,"href":"https:\/\/www.cm-evora.pt\/en\/wp-json\/wp\/v2\/pages\/20137\/revisions"}],"predecessor-version":[{"id":70974,"href":"https:\/\/www.cm-evora.pt\/en\/wp-json\/wp\/v2\/pages\/20137\/revisions\/70974"}],"up":[{"embeddable":true,"href":"https:\/\/www.cm-evora.pt\/en\/wp-json\/wp\/v2\/pages\/2579"}],"wp:attachment":[{"href":"https:\/\/www.cm-evora.pt\/en\/wp-json\/wp\/v2\/media?parent=20137"}],"wp:term":[{"taxonomy":"category","embeddable":true,"href":"https:\/\/www.cm-evora.pt\/en\/wp-json\/wp\/v2\/categories?post=20137"}],"curies":[{"name":"wp","href":"https:\/\/api.w.org\/{rel}","templated":true}]}}