{"id":20192,"date":"2021-01-29T21:27:36","date_gmt":"2021-01-29T21:27:36","guid":{"rendered":"https:\/\/www.cm-evora.pt\/?page_id=20192"},"modified":"2024-05-08T11:35:58","modified_gmt":"2024-05-08T10:35:58","slug":"fablab-evoratech","status":"publish","type":"page","link":"https:\/\/www.cm-evora.pt\/en\/investidor\/infraestruturas\/evoratech\/fablab-evoratech\/","title":{"rendered":"FabLab \u00c9voraTech"},"content":{"rendered":"<p class=\"qtranxs-available-languages-message qtranxs-available-languages-message-en\">Sorry, this entry is only available in <a href=\"https:\/\/www.cm-evora.pt\/pt\/wp-json\/wp\/v2\/pages\/20192\" class=\"qtranxs-available-language-link qtranxs-available-language-link-pt\" title=\"Portugu\u00eas\">Portugu\u00eas<\/a>.<\/p><p><\/p>\n<p>Os Fablab pertencem a uma rede global de laborat\u00f3rios locais, oferecendo as condi\u00e7\u00f5es ideais para estimular atividades de engenharia atrav\u00e9s do fomento do esp\u00edrito de inova\u00e7\u00e3o e criatividade, ao disponibilizar o acesso a ferramentas para prototipagem e fabrica\u00e7\u00e3o digital. O Fablab pode ser utilizado para criar praticamente qualquer coisa.<\/p>\n<p>Cada utilizador deve aprender fazendo por si, partilhando o mesmo espa\u00e7o com outros projetos e outros utilizadores. O Fablab est\u00e1 acess\u00edvel para utilizadores individuais e grupos.<\/p>\n<p>A rede FabLab garante assist\u00eancia operacional, educacional, t\u00e9cnica, financeira e log\u00edstica para l\u00e1 do que est\u00e1 dispon\u00edvel dentro de um laborat\u00f3rio.<\/p>\n<p>Capacidades do FabLab \u00c9voraTech:<\/p>\n<ul>\n<li style=\"list-style-type: none\">\n<ul>\n<li>Projeto de fabrica\u00e7\u00e3o digital (Impress\u00e3o 3D, Fresagem CNC, Corte e grava\u00e7\u00e3o a laser);<\/li>\n<li>Projeto de esquemas el\u00e9tricos; Projeto de placas eletr\u00f3nicas; Projeto de modela\u00e7\u00e3o 3D (Desenho t\u00e9cnico);<\/li>\n<li>Web Design;<\/li>\n<li>Programa\u00e7\u00e3o avan\u00e7ada;<\/li>\n<li>Projeto Mec\u00e2nico (simula\u00e7\u00e3o 3D avan\u00e7ada);<\/li>\n<li>Impress\u00e3o e corte de vinil; Redes IoT;<\/li>\n<li>Projeto de Rob\u00f3tica; Conce\u00e7\u00e3o de apps simples (Multiplataforma).<\/li>\n<\/ul>\n<\/li>\n<\/ul>\n<p>Para realizar pedidos de marca\u00e7\u00f5es de servi\u00e7os: <a href=\"https:\/\/apps.ctd.pt\/recursosadral\/\" target=\"_blank\" rel=\"noopener\">https:\/\/apps.ctd.pt\/recursosadral\/<\/a><\/p>\n<p><\/p>","protected":false},"excerpt":{"rendered":"<p>Sorry, this entry is only available in Portugu\u00eas. Os Fablab pertencem a uma rede global de laborat\u00f3rios locais, oferecendo as condi\u00e7\u00f5es ideais para estimular atividades de engenharia atrav\u00e9s do fomento do esp\u00edrito de inova\u00e7\u00e3o e criatividade, ao disponibilizar o acesso a ferramentas para prototipagem e fabrica\u00e7\u00e3o digital. O Fablab pode ser utilizado para criar praticamente [&hellip;]<\/p>\n","protected":false},"author":45,"featured_media":0,"parent":2869,"menu_order":2,"comment_status":"closed","ping_status":"closed","template":"templates-map\/component-text-layout1.php","meta":{"_acf_changed":false,"footnotes":""},"categories":[],"class_list":["post-20192","page","type-page","status-publish","hentry"],"acf":{"imagens":"","titulo_docs_seccao":"","documentos":""},"_links":{"self":[{"href":"https:\/\/www.cm-evora.pt\/en\/wp-json\/wp\/v2\/pages\/20192","targetHints":{"allow":["GET"]}}],"collection":[{"href":"https:\/\/www.cm-evora.pt\/en\/wp-json\/wp\/v2\/pages"}],"about":[{"href":"https:\/\/www.cm-evora.pt\/en\/wp-json\/wp\/v2\/types\/page"}],"author":[{"embeddable":true,"href":"https:\/\/www.cm-evora.pt\/en\/wp-json\/wp\/v2\/users\/45"}],"replies":[{"embeddable":true,"href":"https:\/\/www.cm-evora.pt\/en\/wp-json\/wp\/v2\/comments?post=20192"}],"version-history":[{"count":3,"href":"https:\/\/www.cm-evora.pt\/en\/wp-json\/wp\/v2\/pages\/20192\/revisions"}],"predecessor-version":[{"id":61442,"href":"https:\/\/www.cm-evora.pt\/en\/wp-json\/wp\/v2\/pages\/20192\/revisions\/61442"}],"up":[{"embeddable":true,"href":"https:\/\/www.cm-evora.pt\/en\/wp-json\/wp\/v2\/pages\/2869"}],"wp:attachment":[{"href":"https:\/\/www.cm-evora.pt\/en\/wp-json\/wp\/v2\/media?parent=20192"}],"wp:term":[{"taxonomy":"category","embeddable":true,"href":"https:\/\/www.cm-evora.pt\/en\/wp-json\/wp\/v2\/categories?post=20192"}],"curies":[{"name":"wp","href":"https:\/\/api.w.org\/{rel}","templated":true}]}}