{"id":20202,"date":"2021-02-01T10:12:36","date_gmt":"2021-02-01T10:12:36","guid":{"rendered":"https:\/\/www.cm-evora.pt\/?page_id=20202"},"modified":"2023-06-14T11:12:29","modified_gmt":"2023-06-14T10:12:29","slug":"projecto-life-agua-da-prata","status":"publish","type":"page","link":"https:\/\/www.cm-evora.pt\/en\/municipe\/projetos-municipais\/projetos-estruturantes\/projecto-life-agua-da-prata\/","title":{"rendered":"Projeto Life \u2013 \u00c1gua da Prata"},"content":{"rendered":"<p><a href=\"https:\/\/www.cm-evora.pt\/wp-content\/uploads\/2021\/02\/Painel_045.jpg_reduzido.jpg\"><img loading=\"lazy\" decoding=\"async\" class=\"alignnone size-full wp-image-20205\" src=\"https:\/\/www.cm-evora.pt\/wp-content\/uploads\/2021\/02\/Painel_045.jpg_reduzido.jpg\" alt=\"\" width=\"2126\" height=\"1611\" srcset=\"https:\/\/www.cm-evora.pt\/wp-content\/uploads\/2021\/02\/Painel_045.jpg_reduzido.jpg 2126w, https:\/\/www.cm-evora.pt\/wp-content\/uploads\/2021\/02\/Painel_045.jpg_reduzido-300x227.jpg 300w, https:\/\/www.cm-evora.pt\/wp-content\/uploads\/2021\/02\/Painel_045.jpg_reduzido-1024x776.jpg 1024w, https:\/\/www.cm-evora.pt\/wp-content\/uploads\/2021\/02\/Painel_045.jpg_reduzido-768x582.jpg 768w, https:\/\/www.cm-evora.pt\/wp-content\/uploads\/2021\/02\/Painel_045.jpg_reduzido-1536x1164.jpg 1536w, https:\/\/www.cm-evora.pt\/wp-content\/uploads\/2021\/02\/Painel_045.jpg_reduzido-2048x1552.jpg 2048w, https:\/\/www.cm-evora.pt\/wp-content\/uploads\/2021\/02\/Painel_045.jpg_reduzido-1320x1000.jpg 1320w\" sizes=\"auto, (max-width: 2126px) 100vw, 2126px\" \/><\/a><\/p>\n<p>&nbsp;<\/p>\n<p>O Projecto Life \u2013 \u00c1gua da Prata, or\u00e7ado em cerca de um milh\u00e3o e quatrocentos mil euros, comparticipado em 60 por cento atrav\u00e9s de fundos comunit\u00e1rios, tem como objetivos primordiais:<\/p>\n<ul>\n<li style=\"list-style-type: none\">\n<ul>\n<li>Substituir a \u00e1gua tratada para rega por \u00e1gua n\u00e3o tratada, reutilizando as nascentes originais e o aqueduto hist\u00f3rico.<\/li>\n<li>Promover obras de adapta\u00e7\u00e3o no aqueduto, de forma a harmonizar a constru\u00e7\u00e3o a uma nova fun\u00e7\u00e3o.<\/li>\n<li>Promover uma adapta\u00e7\u00e3o estrutural dos espa\u00e7os verdes para resistirem a ondas de calor e precipita\u00e7\u00f5es extremas (com solu\u00e7\u00f5es de base natural), assim como medidas adicionais de efici\u00eancia na rega e poupan\u00e7a de energia.<\/li>\n<\/ul>\n<\/li>\n<\/ul>\n<p>Este projeto, que n\u00e3o se esgota no seu prazo de execu\u00e7\u00e3o (dezembro de 2022) \u2013 antes pelo contr\u00e1rio \u2013 centra-se no Aqueduto da \u00c1gua da Prata, uma obra hidr\u00e1ulica do s\u00e9culo XVI, com 18 quil\u00f3metros de extens\u00e3o, ainda operacional e classificado como Monumento Nacional desde 1910.<\/p>\n<p>O projeto, cofinanciado pelo Programa Life, um instrumento financeiro da Uni\u00e3o europeia que apoia projetos ambientais de conserva\u00e7\u00e3o da natureza e de interven\u00e7\u00e3o clim\u00e1tica, ter\u00e1 como a\u00e7\u00f5es preparat\u00f3rias:<\/p>\n<ul>\n<li style=\"list-style-type: none\">\n<ul>\n<li>A limpeza e restauro das capta\u00e7\u00f5es de \u00e1gua do aqueduto.<\/li>\n<li>A adapta\u00e7\u00e3o e restauro do aqueduto.<\/li>\n<li>A constru\u00e7\u00e3o de reservat\u00f3rio em S. Bento.<\/li>\n<li>A constru\u00e7\u00e3o de rede de distribui\u00e7\u00e3o de \u00e1gua para rega.<\/li>\n<li>A instala\u00e7\u00e3o de sistemas aut\u00f3nomos de rega.<\/li>\n<li>O melhoramento da aplica\u00e7\u00e3o da \u00e1gua nos jardins e a transforma\u00e7\u00e3o de espa\u00e7os verdes.<\/li>\n<\/ul>\n<\/li>\n<\/ul>\n<p>Com a implementa\u00e7\u00e3o destas medidas surgir\u00e3o, entre outras consequ\u00eancias, a substitui\u00e7\u00e3o de \u00e1gua tratada por n\u00e3o tratada, ganhos de efici\u00eancia na rega e a adapta\u00e7\u00e3o estrutural de espa\u00e7os verdes.<\/p>\n<p>No \u00e2mbito da transforma\u00e7\u00e3o de espa\u00e7os verdes, destaque para a interven\u00e7\u00e3o j\u00e1 verificada no Jardim das Corunheiras, com a planta\u00e7\u00e3o de \u00e1rvores e arbustos para ensombramento do relvado \u2013 criando ilhas de frescura e, deste modo, reduzindo-se a quantidade de \u00e1gua da rega \u2013 e, dentro em breve, junto \u00e0 bacia da ribeira da Torregela, onde se proceder\u00e1 ao restabelecimento da galeria rip\u00edcola, com o refor\u00e7o das margens inst\u00e1veis com pedras, estacas de salgueiro e recupera\u00e7\u00e3o da pali\u00e7ada e planta\u00e7\u00e3o de \u00e1rvores e arbustos de esp\u00e9cies nativas.<\/p>\n<p>O projeto prev\u00ea tamb\u00e9m a constru\u00e7\u00e3o de um reservat\u00f3rio de \u00e1gua em S. Bento que ter\u00e1 como fun\u00e7\u00e3o separar a \u00e1gua, regularizar caudais e pressurizar o sistema de distribui\u00e7\u00e3o.<\/p>\n<p>Fazem parte do Conselho Consultivo do Projeto Life \u2013 \u00c1gua da Prata representantes da Comunidade Intermunicipal do Alentejo Central, Universidade de \u00c9vora, Administra\u00e7\u00e3o Regional Hidrogr\u00e1fica do Alentejo, Dire\u00e7\u00e3o Regional de Cultura do Alentejo e os agrupamentos de escolas Severim Faria, Andr\u00e9 de Gouveia e Manuel Ferreira Patr\u00edcio.<\/p>\n<p>&nbsp;<\/p>\n<p><iframe loading=\"lazy\" title=\"Projeto LIFE - \u00c1gua da Prata\" width=\"500\" height=\"281\" src=\"https:\/\/www.youtube.com\/embed\/eDPS8DzxdmA?feature=oembed\" frameborder=\"0\" allow=\"accelerometer; autoplay; clipboard-write; encrypted-media; gyroscope; picture-in-picture; web-share\" referrerpolicy=\"strict-origin-when-cross-origin\" allowfullscreen><\/iframe><\/p>\n","protected":false},"excerpt":{"rendered":"<p>&nbsp; O Projecto Life \u2013 \u00c1gua da Prata, or\u00e7ado em cerca de um milh\u00e3o e quatrocentos mil euros, comparticipado em 60 por cento atrav\u00e9s de fundos comunit\u00e1rios, tem como objetivos primordiais: Substituir a \u00e1gua tratada para rega por \u00e1gua n\u00e3o tratada, reutilizando as nascentes originais e o aqueduto hist\u00f3rico. Promover obras de adapta\u00e7\u00e3o no aqueduto, [&hellip;]<\/p>\n","protected":false},"author":46,"featured_media":0,"parent":2579,"menu_order":3,"comment_status":"closed","ping_status":"closed","template":"templates-map\/component-text-layout1.php","meta":{"_acf_changed":false,"footnotes":""},"categories":[],"class_list":["post-20202","page","type-page","status-publish","hentry"],"acf":{"imagens":"","titulo_docs_seccao":"","documentos":[20211]},"_links":{"self":[{"href":"https:\/\/www.cm-evora.pt\/en\/wp-json\/wp\/v2\/pages\/20202","targetHints":{"allow":["GET"]}}],"collection":[{"href":"https:\/\/www.cm-evora.pt\/en\/wp-json\/wp\/v2\/pages"}],"about":[{"href":"https:\/\/www.cm-evora.pt\/en\/wp-json\/wp\/v2\/types\/page"}],"author":[{"embeddable":true,"href":"https:\/\/www.cm-evora.pt\/en\/wp-json\/wp\/v2\/users\/46"}],"replies":[{"embeddable":true,"href":"https:\/\/www.cm-evora.pt\/en\/wp-json\/wp\/v2\/comments?post=20202"}],"version-history":[{"count":7,"href":"https:\/\/www.cm-evora.pt\/en\/wp-json\/wp\/v2\/pages\/20202\/revisions"}],"predecessor-version":[{"id":50684,"href":"https:\/\/www.cm-evora.pt\/en\/wp-json\/wp\/v2\/pages\/20202\/revisions\/50684"}],"up":[{"embeddable":true,"href":"https:\/\/www.cm-evora.pt\/en\/wp-json\/wp\/v2\/pages\/2579"}],"acf:post":[{"embeddable":true,"href":"https:\/\/www.cm-evora.pt\/en\/wp-json\/wp\/v2\/listas_ficheiros\/20211"}],"wp:attachment":[{"href":"https:\/\/www.cm-evora.pt\/en\/wp-json\/wp\/v2\/media?parent=20202"}],"wp:term":[{"taxonomy":"category","embeddable":true,"href":"https:\/\/www.cm-evora.pt\/en\/wp-json\/wp\/v2\/categories?post=20202"}],"curies":[{"name":"wp","href":"https:\/\/api.w.org\/{rel}","templated":true}]}}