{"id":20257,"date":"2021-02-01T14:33:35","date_gmt":"2021-02-01T14:33:35","guid":{"rendered":"https:\/\/www.cm-evora.pt\/?page_id=20257"},"modified":"2023-02-20T15:10:00","modified_gmt":"2023-02-20T15:10:00","slug":"evora-laboratorio-vivo-para-a-descarbonizacao-lvpd","status":"publish","type":"page","link":"https:\/\/www.cm-evora.pt\/en\/municipe\/projetos-municipais\/projetos-estruturantes\/evora-laboratorio-vivo-para-a-descarbonizacao-lvpd\/","title":{"rendered":"(Portugu\u00eas) \u00c9vora Laborat\u00f3rio Vivo para a Descarboniza\u00e7\u00e3o &#8211; LVpD"},"content":{"rendered":"<p class=\"qtranxs-available-languages-message qtranxs-available-languages-message-en\">Sorry, this entry is only available in <a href=\"https:\/\/www.cm-evora.pt\/pt\/wp-json\/wp\/v2\/pages\/20257\" class=\"qtranxs-available-language-link qtranxs-available-language-link-pt\" title=\"Portugu\u00eas\">Portugu\u00eas<\/a>.<\/p><p><\/p>\n<p style=\"text-align: center\"><a href=\"https:\/\/www.cm-evora.pt\/wp-content\/uploads\/2021\/11\/logo1920.jpg\"><img loading=\"lazy\" decoding=\"async\" class=\"alignnone wp-image-28420 size-full\" src=\"https:\/\/www.cm-evora.pt\/wp-content\/uploads\/2021\/11\/logo1920-e1635851266818.jpg\" alt=\"\" width=\"1377\" height=\"792\" srcset=\"https:\/\/www.cm-evora.pt\/wp-content\/uploads\/2021\/11\/logo1920-e1635851266818.jpg 1377w, https:\/\/www.cm-evora.pt\/wp-content\/uploads\/2021\/11\/logo1920-e1635851266818-300x173.jpg 300w, https:\/\/www.cm-evora.pt\/wp-content\/uploads\/2021\/11\/logo1920-e1635851266818-1024x589.jpg 1024w, https:\/\/www.cm-evora.pt\/wp-content\/uploads\/2021\/11\/logo1920-e1635851266818-768x442.jpg 768w, https:\/\/www.cm-evora.pt\/wp-content\/uploads\/2021\/11\/logo1920-e1635851266818-1320x759.jpg 1320w\" sizes=\"auto, (max-width: 1377px) 100vw, 1377px\" \/><\/a><\/p>\n<p>&nbsp;<\/p>\n<p><strong>\u00c9vora tem em curso projeto \u201cLaborat\u00f3rio Vivo para a Descarboniza\u00e7\u00e3o\u201d<\/strong><\/p>\n<p>Na sequ\u00eancia da aplica\u00e7\u00e3o pr\u00e1tica das medidas assumidas como objetivo pela C\u00e2mara Municipal de \u00c9vora no sentido de mitigar os efeitos negativos das altera\u00e7\u00f5es clim\u00e1ticas, foi apresentada uma candidatura ao Fundo Ambiental, organismo tutelado pelo Minist\u00e9rio do Ambiente e A\u00e7\u00e3o Clim\u00e1tica, para um projeto que tem como objetivo principal a diminui\u00e7\u00e3o da carga de carbono em meio urbano, neste caso aplicado ao Centro Hist\u00f3rico de \u00c9vora.<\/p>\n<p>O denominado \u201cLaborat\u00f3rio Vivo para a Descarboniza\u00e7\u00e3o\u201d (LVpD), foi aprovado e est\u00e1 neste momento em vias de implementa\u00e7\u00e3o. O projeto da C\u00e2mara Municipal de \u00c9vora, um dos dez aprovados a n\u00edvel nacional, tem neste momento em curso o respetivo Plano de Implementa\u00e7\u00e3o, esperando-se a breve prazo a sua execu\u00e7\u00e3o pr\u00e1tica.<\/p>\n<p>&nbsp;<\/p>\n<p><strong>O que \u00e9, em concreto, o \u201cLaborat\u00f3rio Vivo para a Descarboniza\u00e7\u00e3o\u201d?<\/strong><\/p>\n<p>Os laborat\u00f3rios vivos para a descarboniza\u00e7\u00e3o t\u00eam como objetivo transformar as cidades, tornando-as mais inovadoras, sustent\u00e1veis, inclusivas e resilientes, com vista a melhorar a qualidade de vida dos seus habitantes. Para que tal seja poss\u00edvel, o projeto prev\u00ea a ado\u00e7\u00e3o de solu\u00e7\u00f5es tecnol\u00f3gicas que aumentem a efici\u00eancia e reduzam o consumo de energia, reduzindo ao mesmo tempo a produ\u00e7\u00e3o de di\u00f3xido do carbono (CO<sub>2<\/sub>) lan\u00e7ado na atmosfera.<\/p>\n<p>Em \u00c9vora, o LVpD ser\u00e1 posto em pr\u00e1tica no espa\u00e7o geogr\u00e1fico do Centro Hist\u00f3rico, incidindo as interven\u00e7\u00f5es em duas \u00e1reas distintas: mobilidade sustent\u00e1vel e espa\u00e7o coletivo eficiente. Pretende-se essencialmente, intervindo em mais de uma dezena de objetivos distintos, obter um maior conhecimento sobre os processos urbanos na cidade, incluindo a capacidade de implementar solu\u00e7\u00f5es testadas em contexto real com recolha e tratamento de dados para utiliza\u00e7\u00e3o em diferentes fases do processo. Em suma, ser\u00e1 criado um espa\u00e7o de experimenta\u00e7\u00e3o aberto na cidade, tendo em vista a incrementa\u00e7\u00e3o de um processo de efetiva descarboniza\u00e7\u00e3o do ambiente urbano.<\/p>\n<p>Na pr\u00e1tica, ser\u00e1 monitorizada a evolu\u00e7\u00e3o dos n\u00edveis de CO<sub>2<\/sub> presentes na atmosfera, ao mesmo tempo que ser\u00e3o testadas solu\u00e7\u00f5es inovadoras nos dom\u00ednios, entre outros, dos transportes e mobilidade, efici\u00eancia energ\u00e9tica em edif\u00edcios, servi\u00e7os ambientais inovadores e promo\u00e7\u00e3o da economia circular, numa l\u00f3gica de intera\u00e7\u00e3o entre o munic\u00edpio, centros de conhecimento, empresas, ind\u00fastrias e cidad\u00e3os.<\/p>\n<p>O sucesso deste projeto depende, de forma determinante, do envolvimento da popula\u00e7\u00e3o, das empresas e institui\u00e7\u00f5es, e da comunidade em geral, pelo que o fator informa\u00e7\u00e3o dever\u00e1 ser tido em conta na fase efetiva de implementa\u00e7\u00e3o. A informa\u00e7\u00e3o a todos os envolvidos, tanto na fase de procedimento como de divulga\u00e7\u00e3o de resultados, ser\u00e1 obrigatoriamente inclu\u00edda.<\/p>\n<p>&nbsp;<\/p>\n<h2 style=\"text-align: center\">____________________<\/h2>\n<p>&nbsp;<\/p>\n<h2>C\u00e2mara Municipal promove inqu\u00e9rito \u00e0 circula\u00e7\u00e3o de mercadorias<\/h2>\n<p><strong>No \u00e2mbito da Implementa\u00e7\u00e3o do Laborat\u00f3rio Vivo para a Descarboniza\u00e7\u00e3o de \u00c9vora (LVpD\u00c9), atualmente em curso, a C\u00e2mara Municipal, em parceria com a Associa\u00e7\u00e3o Comercial do Distrito de \u00c9vora (ACDE) e o parceiro LVpD\u00c9 Logistema, especializada em modelos de log\u00edstica, realizou as primeiras duas sess\u00f5es referentes ao processo de carateriza\u00e7\u00e3o do sistema log\u00edstica e circula\u00e7\u00e3o de mercadorias de abastecimento ao Centro Hist\u00f3rico de \u00c9vora (CH\u00c9).<\/strong><\/p>\n<p>O LVpD\u00c9 assenta num modelo de laborat\u00f3rio com participa\u00e7\u00e3o ativa dos agentes, de forma informada e continuada, que permite recolher informa\u00e7\u00e3o, dados e gerar conhecimento, por forma a contribuir para solu\u00e7\u00f5es inovadoras. A primeira fase tem como elemento-chave a realiza\u00e7\u00e3o de inqu\u00e9ritos para recolher informa\u00e7\u00e3o que caracterize as necessidades em termos de log\u00edstica para o CH\u00c9.<\/p>\n<p>A participa\u00e7\u00e3o ativa de todos os agentes econ\u00f3micos que t\u00eam atividade comercial no centro hist\u00f3rico \u00e9 fundamental para um diagn\u00f3stico e solu\u00e7\u00f5es que contribuam para a melhoria das condi\u00e7\u00f5es de log\u00edstica em termos de efici\u00eancia econ\u00f3mica, urbana e ambiental. Desta forma, a cidade ficar\u00e1 dotada do conhecimento real e mensur\u00e1vel sobre a situa\u00e7\u00e3o existente, para que, em colabora\u00e7\u00e3o com os agentes econ\u00f3micos, possam ser estudados e experimentados modelos log\u00edsticos que sirvam os interesses coletivos, permitindo a otimiza\u00e7\u00e3o de recursos face ao modelo tradicional.<\/p>\n<p>Apenas com a participa\u00e7\u00e3o e responsabiliza\u00e7\u00e3o de todos ser\u00e1 poss\u00edvel obter resultados positivos para a cidade ao n\u00edvel da Mobilidade, da Economia Circular e do Ambiente, com a ado\u00e7\u00e3o de solu\u00e7\u00f5es inovadoras que reduzam as emiss\u00f5es de CO<sub>2<\/sub>, que coloquem \u00c9vora na lideran\u00e7a do combate contra as altera\u00e7\u00f5es clim\u00e1ticas, de forma respons\u00e1vel e adaptada \u00e0s necessidades dos comerciantes e dos cidad\u00e3os.<\/p>\n<p>O desafio colocado \u00e9 tamb\u00e9m uma oportunidade para os Agentes Econ\u00f3micos integrarem o processo de participa\u00e7\u00e3o no LVpD\u00c9, atrav\u00e9s do preenchimento dos inqu\u00e9ritos, podendo faz\u00ea-lo atrav\u00e9s da p\u00e1gina <a href=\"http:\/\/www.evoralab.pt\" target=\"_blank\" rel=\"noopener\">www.evoralab.pt<\/a><\/p>\n<p>A C\u00e2mara Municipal de \u00c9vora e parceiros do LVpD\u00c9, neste dom\u00ednio em especial com a Logistema, dinamizar\u00e1 em breve, nos termos do contrato de financiamento com o Fundo Ambiental, um projeto-piloto que experimentar\u00e1 um primeiro modelo de log\u00edstica, em conjunto com a Universidade de \u00c9vora e o Hospital do Esp\u00edrito Santo. Para este modelo, ser\u00e1 implementada uma Plataforma Log\u00edstica comum para agrega\u00e7\u00e3o de mercadorias destinadas \u00e0s tr\u00eas institui\u00e7\u00f5es, sendo a sua distribui\u00e7\u00e3o realizada para destinos no centro hist\u00f3rico com recurso a ve\u00edculo neutro em termos de emiss\u00f5es de CO<sub>2<\/sub>. O objetivo \u00e9 testar modelos que possam ser posteriormente partilhados com comerciantes e empresas de log\u00edstica que pretendam melhorar os seus processos e que aceitem o desafio de descarboniza\u00e7\u00e3o imposto pela estrat\u00e9gia \u201cGreen Deal\u201d e metas tra\u00e7adas a n\u00edvel nacional e europeu.<\/p>\n<p>Mais informa\u00e7\u00e3o sobre o Laborat\u00f3rio Vivo para a Descarboniza\u00e7\u00e3o de \u00c9vora poder\u00e1 ser consultada no Portal da C\u00e2mara Municipal de \u00c9vora acedendo a: <a href=\"https:\/\/www.cm-evora.pt\/municipe\/projetos-municipais\/projetos-estruturantes\/evora-laboratorio-vivo-para-a-descarbonizacao-lvpd\/\" target=\"_blank\" rel=\"noopener\">https:\/\/www.cm-evora.pt\/municipe\/projetos-municipais\/projetos-estruturantes\/evora-laboratorio-vivo-para-a-descarbonizacao-lvpd\/<\/a> ou em <a href=\"http:\/\/www.evoralab.pt\" target=\"_blank\" rel=\"noopener\">www.evoralab.pt<\/a><\/p>\n<p>Brevemente ser\u00e3o efetuadas, em articula\u00e7\u00e3o com Associa\u00e7\u00f5es do setor do com\u00e9rcio e servi\u00e7os, novas sess\u00f5es de esclarecimento sobre o LVpD\u00c9.<\/p>\n<p>&nbsp;<\/p>","protected":false},"excerpt":{"rendered":"<p>Sorry, this entry is only available in Portugu\u00eas. &nbsp; \u00c9vora tem em curso projeto \u201cLaborat\u00f3rio Vivo para a Descarboniza\u00e7\u00e3o\u201d Na sequ\u00eancia da aplica\u00e7\u00e3o pr\u00e1tica das medidas assumidas como objetivo pela C\u00e2mara Municipal de \u00c9vora no sentido de mitigar os efeitos negativos das altera\u00e7\u00f5es clim\u00e1ticas, foi apresentada uma candidatura ao Fundo Ambiental, organismo tutelado pelo Minist\u00e9rio [&hellip;]<\/p>\n","protected":false},"author":46,"featured_media":0,"parent":2579,"menu_order":0,"comment_status":"closed","ping_status":"closed","template":"templates-map\/component-text-layout1.php","meta":{"_acf_changed":false,"footnotes":""},"categories":[],"class_list":["post-20257","page","type-page","status-publish","hentry"],"acf":{"imagens":"","titulo_docs_seccao":"","documentos":""},"_links":{"self":[{"href":"https:\/\/www.cm-evora.pt\/en\/wp-json\/wp\/v2\/pages\/20257","targetHints":{"allow":["GET"]}}],"collection":[{"href":"https:\/\/www.cm-evora.pt\/en\/wp-json\/wp\/v2\/pages"}],"about":[{"href":"https:\/\/www.cm-evora.pt\/en\/wp-json\/wp\/v2\/types\/page"}],"author":[{"embeddable":true,"href":"https:\/\/www.cm-evora.pt\/en\/wp-json\/wp\/v2\/users\/46"}],"replies":[{"embeddable":true,"href":"https:\/\/www.cm-evora.pt\/en\/wp-json\/wp\/v2\/comments?post=20257"}],"version-history":[{"count":7,"href":"https:\/\/www.cm-evora.pt\/en\/wp-json\/wp\/v2\/pages\/20257\/revisions"}],"predecessor-version":[{"id":45825,"href":"https:\/\/www.cm-evora.pt\/en\/wp-json\/wp\/v2\/pages\/20257\/revisions\/45825"}],"up":[{"embeddable":true,"href":"https:\/\/www.cm-evora.pt\/en\/wp-json\/wp\/v2\/pages\/2579"}],"wp:attachment":[{"href":"https:\/\/www.cm-evora.pt\/en\/wp-json\/wp\/v2\/media?parent=20257"}],"wp:term":[{"taxonomy":"category","embeddable":true,"href":"https:\/\/www.cm-evora.pt\/en\/wp-json\/wp\/v2\/categories?post=20257"}],"curies":[{"name":"wp","href":"https:\/\/api.w.org\/{rel}","templated":true}]}}