{"id":20270,"date":"2021-02-01T15:29:00","date_gmt":"2021-02-01T15:29:00","guid":{"rendered":"https:\/\/www.cm-evora.pt\/?page_id=20270"},"modified":"2023-02-20T14:56:35","modified_gmt":"2023-02-20T14:56:35","slug":"pegar-e-largar","status":"publish","type":"page","link":"https:\/\/www.cm-evora.pt\/en\/pegar-e-largar\/","title":{"rendered":"(Portugu\u00eas) Pegar e Largar"},"content":{"rendered":"<p class=\"qtranxs-available-languages-message qtranxs-available-languages-message-en\">Sorry, this entry is only available in <a href=\"https:\/\/www.cm-evora.pt\/pt\/wp-json\/wp\/v2\/pages\/20270\" class=\"qtranxs-available-language-link qtranxs-available-language-link-pt\" title=\"Portugu\u00eas\">Portugu\u00eas<\/a>.<\/p><p><\/p>\n<p style=\"text-align: center\"><a href=\"https:\/\/www.cm-evora.pt\/wp-content\/uploads\/2021\/02\/pegar-e-largar.jpg\" target=\"_blank\" rel=\"noopener\"><img loading=\"lazy\" decoding=\"async\" class=\"alignnone wp-image-20268 size-full\" src=\"https:\/\/www.cm-evora.pt\/wp-content\/uploads\/2021\/02\/pegar-e-largar.jpg\" alt=\"\" width=\"1079\" height=\"683\" srcset=\"https:\/\/www.cm-evora.pt\/wp-content\/uploads\/2021\/02\/pegar-e-largar.jpg 1079w, https:\/\/www.cm-evora.pt\/wp-content\/uploads\/2021\/02\/pegar-e-largar-300x190.jpg 300w, https:\/\/www.cm-evora.pt\/wp-content\/uploads\/2021\/02\/pegar-e-largar-1024x648.jpg 1024w, https:\/\/www.cm-evora.pt\/wp-content\/uploads\/2021\/02\/pegar-e-largar-768x486.jpg 768w\" sizes=\"auto, (max-width: 1079px) 100vw, 1079px\" \/><\/a><\/p>\n<p>&nbsp;<\/p>\n<p>O programa \u201cPegar e largar\u201d \u00e9 um programa CED, captura, esteriliza\u00e7\u00e3o e devolu\u00e7\u00e3o de gatos de rua. Trata-se de um m\u00e9todo humano e eficaz de controlo de col\u00f3nias de gatos e de redu\u00e7\u00e3o da popula\u00e7\u00e3o felina assilvestrada. O processo envolve a captura dos gatos de uma col\u00f3nia, a sua esteriliza\u00e7\u00e3o, um pequeno corte na orelha esquerda para fins de identifica\u00e7\u00e3o, vacina\u00e7\u00e3o, identifica\u00e7\u00e3o eletr\u00f3nica e desparasita\u00e7\u00e3o e, por fim, a devolu\u00e7\u00e3o do animal de volta ao seu territ\u00f3rio de origem.<\/p>\n<p>Se \u00e9 cuidador de alguma col\u00f3nia no concelho de \u00c9vora, fa\u00e7a o pedido de ajuda atrav\u00e9s do email: <a href=\"mailto:canil@cm-evora.pt\" target=\"_blank\" rel=\"noopener\">canil@cm-evora.pt<\/a><\/p>\n<p>&nbsp;<\/p>\n<p><strong>Para mais informa\u00e7\u00f5es<\/strong><\/p>\n<p>Canil Municipal de \u00c9vora<\/p>\n<p>Rua Ant\u00f3nio Francisco Melro, Zona industrial da Horta das Figueiras, 7005-212 \u00c9vora<\/p>\n<p><u>Telefone<\/u>: <a href=\"tel:+351266777182\" target=\"_blank\" rel=\"noopener\">+351 266 777 182<\/a> \u00abChamada para a rede fixa nacional\u00bb<\/p>\n<p><u>Email<\/u>: <a href=\"mailto:canil@cm-evora.pt\" target=\"_blank\" rel=\"noopener\">canil@cm-evora.pt<\/a><\/p>\n<p><u>Mensagem Privada<\/u>: <a href=\"https:\/\/www.facebook.com\/ProjetoFiel\" target=\"_blank\" rel=\"noopener\">FB Projeto Fiel<\/a><\/p>\n<p><u>Hor\u00e1rio de Funcionamento<\/u>: Dias \u00fateis das 09h00 \u00e0s 13h00 e das 14h00 \u00e0s 17h00.<\/p>\n<p>&nbsp;<\/p>","protected":false},"excerpt":{"rendered":"<p>Sorry, this entry is only available in Portugu\u00eas. &nbsp; O programa \u201cPegar e largar\u201d \u00e9 um programa CED, captura, esteriliza\u00e7\u00e3o e devolu\u00e7\u00e3o de gatos de rua. Trata-se de um m\u00e9todo humano e eficaz de controlo de col\u00f3nias de gatos e de redu\u00e7\u00e3o da popula\u00e7\u00e3o felina assilvestrada. O processo envolve a captura dos gatos de uma [&hellip;]<\/p>\n","protected":false},"author":45,"featured_media":0,"parent":0,"menu_order":9,"comment_status":"closed","ping_status":"closed","template":"templates-map\/component-text-layout1.php","meta":{"_acf_changed":false,"footnotes":""},"categories":[],"class_list":["post-20270","page","type-page","status-publish","hentry"],"acf":{"imagens":"","titulo_docs_seccao":"","documentos":[20276]},"_links":{"self":[{"href":"https:\/\/www.cm-evora.pt\/en\/wp-json\/wp\/v2\/pages\/20270","targetHints":{"allow":["GET"]}}],"collection":[{"href":"https:\/\/www.cm-evora.pt\/en\/wp-json\/wp\/v2\/pages"}],"about":[{"href":"https:\/\/www.cm-evora.pt\/en\/wp-json\/wp\/v2\/types\/page"}],"author":[{"embeddable":true,"href":"https:\/\/www.cm-evora.pt\/en\/wp-json\/wp\/v2\/users\/45"}],"replies":[{"embeddable":true,"href":"https:\/\/www.cm-evora.pt\/en\/wp-json\/wp\/v2\/comments?post=20270"}],"version-history":[{"count":5,"href":"https:\/\/www.cm-evora.pt\/en\/wp-json\/wp\/v2\/pages\/20270\/revisions"}],"predecessor-version":[{"id":45819,"href":"https:\/\/www.cm-evora.pt\/en\/wp-json\/wp\/v2\/pages\/20270\/revisions\/45819"}],"acf:post":[{"embeddable":true,"href":"https:\/\/www.cm-evora.pt\/en\/wp-json\/wp\/v2\/listas_ficheiros\/20276"}],"wp:attachment":[{"href":"https:\/\/www.cm-evora.pt\/en\/wp-json\/wp\/v2\/media?parent=20270"}],"wp:term":[{"taxonomy":"category","embeddable":true,"href":"https:\/\/www.cm-evora.pt\/en\/wp-json\/wp\/v2\/categories?post=20270"}],"curies":[{"name":"wp","href":"https:\/\/api.w.org\/{rel}","templated":true}]}}