{"id":20367,"date":"2021-02-03T09:34:31","date_gmt":"2021-02-03T09:34:31","guid":{"rendered":"https:\/\/www.cm-evora.pt\/?page_id=20367"},"modified":"2024-01-12T11:28:18","modified_gmt":"2024-01-12T11:28:18","slug":"projeto-territorio-eurobird","status":"publish","type":"page","link":"https:\/\/www.cm-evora.pt\/en\/municipe\/areas-de-acao\/ambiente\/projeto-territorio-eurobird\/","title":{"rendered":"Projeto &#8220;Territ\u00f3rio Eurobird&#8221;"},"content":{"rendered":"<p><a href=\"https:\/\/www.cm-evora.pt\/wp-content\/uploads\/2021\/02\/Identidade-Eurobird.png\" target=\"_blank\" rel=\"noopener\"><img loading=\"lazy\" decoding=\"async\" class=\"alignnone wp-image-20364 size-full\" src=\"https:\/\/www.cm-evora.pt\/wp-content\/uploads\/2021\/02\/Identidade-Eurobird.png\" alt=\"\" width=\"1527\" height=\"831\" srcset=\"https:\/\/www.cm-evora.pt\/wp-content\/uploads\/2021\/02\/Identidade-Eurobird.png 1527w, https:\/\/www.cm-evora.pt\/wp-content\/uploads\/2021\/02\/Identidade-Eurobird-300x163.png 300w, https:\/\/www.cm-evora.pt\/wp-content\/uploads\/2021\/02\/Identidade-Eurobird-1024x557.png 1024w, https:\/\/www.cm-evora.pt\/wp-content\/uploads\/2021\/02\/Identidade-Eurobird-768x418.png 768w, https:\/\/www.cm-evora.pt\/wp-content\/uploads\/2021\/02\/Identidade-Eurobird-1320x718.png 1320w\" sizes=\"auto, (max-width: 1527px) 100vw, 1527px\" \/><\/a><\/p>\n<p>No \u00e2mbito do Programa INTERREG V-A Espanha-Portugal (POCTEP) 2014-2020, que visa a coopera\u00e7\u00e3o no espa\u00e7o transfronteiri\u00e7o de Espanha e Portugal, foi aprovado o projeto \u201cTerrit\u00f3rio EUROBIRD\u201d.<\/p>\n<p>Depois de uma recalendariza\u00e7\u00e3o substancial devida \u00e0s condicionantes log\u00edsticas provocadas pelo surto epid\u00e9mico, avan\u00e7a no terreno este projeto, que incidir\u00e1 em grande parte no Alto de S\u00e3o Bento (ASB) e visa a conserva\u00e7\u00e3o e promo\u00e7\u00e3o do patrim\u00f3nio natural e cultural de territ\u00f3rios com grande potencial em termos de turismo ornitol\u00f3gico.<\/p>\n<p>O financiamento conseguido ir\u00e1 permitir a valoriza\u00e7\u00e3o de locais importantes para o avistamento de aves, o chamado \u201cbirdwatching\u201d, atrav\u00e9s da aquisi\u00e7\u00e3o de material, produ\u00e7\u00e3o de conte\u00fados informativos e melhoramento de centros de interpreta\u00e7\u00e3o, miradouros, etc.<\/p>\n<p>Os trabalhos tiveram in\u00edcio com a realiza\u00e7\u00e3o de censos de aves no ASB, tendo em vista o levantamento da riqueza de esp\u00e9cies do local e a sele\u00e7\u00e3o de locais de interven\u00e7\u00e3o.<\/p>\n<p>Milhafre-real (<em>Milvus milvus<\/em>), \u00e1guia-d&#8217;asa-redonda (<em>Buteo b\u00fateo<\/em>), poupa (<em>Upupa epops<\/em>), ferreirinha (<em>Prunella modularis<\/em>), pisco-de-peito-ruivo (<em>Erithacus rubecula<\/em>), milheirinha (<em>Serinus serinus<\/em>) s\u00e3o apenas alguns dos in\u00fameros exemplos da riqueza ornitol\u00f3gica que podemos encontrar mesmo \u00e0s portas da cidade.<\/p>\n<p>S\u00e3o benefici\u00e1rios deste projeto, para al\u00e9m da C\u00e2mara Municipal de \u00c9vora, os munic\u00edpios de Elvas, Castelo Branco e Campo Maior, a Diputaci\u00f3n Provincial de Badajoz, o ayuntamiento de Badajoz, as C\u00e1maras Oficiales de Comercio, Industria y Servicios de Badajoz e C\u00e1ceres, a Direcci\u00f3n General de Turismo, Conserjer\u00eda de Econom\u00eda e Infraestructuras, Junta de Extremadura e a empresa RANNA Consultor\u00eda.<\/p>\n<p><a href=\"https:\/\/www.cm-evora.pt\/wp-content\/uploads\/2021\/02\/1.jpg_1920.jpg\" target=\"_blank\" rel=\"noopener\"><img loading=\"lazy\" decoding=\"async\" class=\"alignnone wp-image-20365 size-full\" src=\"https:\/\/www.cm-evora.pt\/wp-content\/uploads\/2021\/02\/1.jpg_1920.jpg\" alt=\"\" width=\"1920\" height=\"1280\" srcset=\"https:\/\/www.cm-evora.pt\/wp-content\/uploads\/2021\/02\/1.jpg_1920.jpg 1920w, https:\/\/www.cm-evora.pt\/wp-content\/uploads\/2021\/02\/1.jpg_1920-300x200.jpg 300w, https:\/\/www.cm-evora.pt\/wp-content\/uploads\/2021\/02\/1.jpg_1920-1024x683.jpg 1024w, https:\/\/www.cm-evora.pt\/wp-content\/uploads\/2021\/02\/1.jpg_1920-768x512.jpg 768w, https:\/\/www.cm-evora.pt\/wp-content\/uploads\/2021\/02\/1.jpg_1920-1536x1024.jpg 1536w, https:\/\/www.cm-evora.pt\/wp-content\/uploads\/2021\/02\/1.jpg_1920-1320x880.jpg 1320w\" sizes=\"auto, (max-width: 1920px) 100vw, 1920px\" \/><\/a><\/p>\n<p>&nbsp;<\/p>\n","protected":false},"excerpt":{"rendered":"<p>No \u00e2mbito do Programa INTERREG V-A Espanha-Portugal (POCTEP) 2014-2020, que visa a coopera\u00e7\u00e3o no espa\u00e7o transfronteiri\u00e7o de Espanha e Portugal, foi aprovado o projeto \u201cTerrit\u00f3rio EUROBIRD\u201d. Depois de uma recalendariza\u00e7\u00e3o substancial devida \u00e0s condicionantes log\u00edsticas provocadas pelo surto epid\u00e9mico, avan\u00e7a no terreno este projeto, que incidir\u00e1 em grande parte no Alto de S\u00e3o Bento (ASB) [&hellip;]<\/p>\n","protected":false},"author":46,"featured_media":0,"parent":1490,"menu_order":7,"comment_status":"closed","ping_status":"closed","template":"templates-map\/component-text-list-layout1.php","meta":{"_acf_changed":false,"footnotes":""},"categories":[],"class_list":["post-20367","page","type-page","status-publish","hentry"],"acf":[],"_links":{"self":[{"href":"https:\/\/www.cm-evora.pt\/en\/wp-json\/wp\/v2\/pages\/20367","targetHints":{"allow":["GET"]}}],"collection":[{"href":"https:\/\/www.cm-evora.pt\/en\/wp-json\/wp\/v2\/pages"}],"about":[{"href":"https:\/\/www.cm-evora.pt\/en\/wp-json\/wp\/v2\/types\/page"}],"author":[{"embeddable":true,"href":"https:\/\/www.cm-evora.pt\/en\/wp-json\/wp\/v2\/users\/46"}],"replies":[{"embeddable":true,"href":"https:\/\/www.cm-evora.pt\/en\/wp-json\/wp\/v2\/comments?post=20367"}],"version-history":[{"count":18,"href":"https:\/\/www.cm-evora.pt\/en\/wp-json\/wp\/v2\/pages\/20367\/revisions"}],"predecessor-version":[{"id":56809,"href":"https:\/\/www.cm-evora.pt\/en\/wp-json\/wp\/v2\/pages\/20367\/revisions\/56809"}],"up":[{"embeddable":true,"href":"https:\/\/www.cm-evora.pt\/en\/wp-json\/wp\/v2\/pages\/1490"}],"wp:attachment":[{"href":"https:\/\/www.cm-evora.pt\/en\/wp-json\/wp\/v2\/media?parent=20367"}],"wp:term":[{"taxonomy":"category","embeddable":true,"href":"https:\/\/www.cm-evora.pt\/en\/wp-json\/wp\/v2\/categories?post=20367"}],"curies":[{"name":"wp","href":"https:\/\/api.w.org\/{rel}","templated":true}]}}