{"id":20396,"date":"2021-02-03T14:24:19","date_gmt":"2021-02-03T14:24:19","guid":{"rendered":"https:\/\/www.cm-evora.pt\/?page_id=20396"},"modified":"2024-07-15T08:33:19","modified_gmt":"2024-07-15T07:33:19","slug":"assistentes-operacionais","status":"publish","type":"page","link":"https:\/\/www.cm-evora.pt\/en\/assistentes-operacionais\/","title":{"rendered":"Assistentes Operacionais"},"content":{"rendered":"<p>S\u00f3 ser\u00e3o aceites candidaturas enviadas via CTT ou por email para <a href=\"mailto:cme.dgp@cm-evora.pt\" target=\"_blank\" rel=\"noopener\">cme.dgp@cm-evora.pt<\/a>. Atendimento presencial s\u00f3 por marca\u00e7\u00e3o.<\/p>\n<p>&nbsp;<\/p>\n<p>As candidaturas devem ser formalizadas mediante preenchimento obrigat\u00f3rio do formul\u00e1rio tipo, dispon\u00edvel na p\u00e1gina eletr\u00f3nica do Munic\u00edpio de \u00c9vora em <a href=\"https:\/\/www.cm-evora.pt\/\" target=\"_blank\" rel=\"noopener\">www.cm-evora.pt<\/a>, sob pena de exclus\u00e3o liminar do presente procedimento concursal, podendo a mesma ser enviada por e-mail para <a href=\"mailto:cme.dgp@cm-evora.pt\" target=\"_blank\" rel=\"noopener\">cme.dgp@cm-evora.pt<\/a> ou enviada por correio postal, em carta registada com aviso de rece\u00e7\u00e3o, contando neste caso a data do registo, para: C\u00e2mara Municipal de \u00c9vora &#8211; Pra\u00e7a de Sert\u00f3rio, 7004-506 \u00c9vora.<\/p>\n<div>\n<div><\/div>\n<hr \/>\n<div><\/div>\n<p><strong>Nota Informativa sobre os Formul\u00e1rios de Candidatura:<\/strong><\/p>\n<ol>\n<li style=\"list-style-type: none\">\n<ol>\n<li>O preenchimento dos formul\u00e1rios de candidatura, dever\u00e1 ser efetuado numa aplica\u00e7\u00e3o que permita o preenchimento e submiss\u00e3o de formul\u00e1rios PDF, como por exemplo o Adobe Acrobat Reader.<\/li>\n<li>Os campos pr\u00e9-preenchidos pela Divis\u00e3o de Gest\u00e3o de Pessoal (pontos 1 e 2 do requerimento) n\u00e3o dever\u00e3o ser alterados pelos candidatos.<\/li>\n<\/ol>\n<\/li>\n<\/ol>\n<\/div>\n","protected":false},"excerpt":{"rendered":"<p>S\u00f3 ser\u00e3o aceites candidaturas enviadas via CTT ou por email para cme.dgp@cm-evora.pt. Atendimento presencial s\u00f3 por marca\u00e7\u00e3o. &nbsp; As candidaturas devem ser formalizadas mediante preenchimento obrigat\u00f3rio do formul\u00e1rio tipo, dispon\u00edvel na p\u00e1gina eletr\u00f3nica do Munic\u00edpio de \u00c9vora em www.cm-evora.pt, sob pena de exclus\u00e3o liminar do presente procedimento concursal, podendo a mesma ser enviada por e-mail [&hellip;]<\/p>\n","protected":false},"author":45,"featured_media":0,"parent":0,"menu_order":21,"comment_status":"closed","ping_status":"closed","template":"templates-map\/component-file-gallery-layout2.php","meta":{"_acf_changed":false,"footnotes":""},"categories":[],"class_list":["post-20396","page","type-page","status-publish","hentry"],"acf":[],"_links":{"self":[{"href":"https:\/\/www.cm-evora.pt\/en\/wp-json\/wp\/v2\/pages\/20396","targetHints":{"allow":["GET"]}}],"collection":[{"href":"https:\/\/www.cm-evora.pt\/en\/wp-json\/wp\/v2\/pages"}],"about":[{"href":"https:\/\/www.cm-evora.pt\/en\/wp-json\/wp\/v2\/types\/page"}],"author":[{"embeddable":true,"href":"https:\/\/www.cm-evora.pt\/en\/wp-json\/wp\/v2\/users\/45"}],"replies":[{"embeddable":true,"href":"https:\/\/www.cm-evora.pt\/en\/wp-json\/wp\/v2\/comments?post=20396"}],"version-history":[{"count":50,"href":"https:\/\/www.cm-evora.pt\/en\/wp-json\/wp\/v2\/pages\/20396\/revisions"}],"predecessor-version":[{"id":63863,"href":"https:\/\/www.cm-evora.pt\/en\/wp-json\/wp\/v2\/pages\/20396\/revisions\/63863"}],"wp:attachment":[{"href":"https:\/\/www.cm-evora.pt\/en\/wp-json\/wp\/v2\/media?parent=20396"}],"wp:term":[{"taxonomy":"category","embeddable":true,"href":"https:\/\/www.cm-evora.pt\/en\/wp-json\/wp\/v2\/categories?post=20396"}],"curies":[{"name":"wp","href":"https:\/\/api.w.org\/{rel}","templated":true}]}}