{"id":20434,"date":"2021-02-04T12:25:55","date_gmt":"2021-02-04T12:25:55","guid":{"rendered":"https:\/\/www.cm-evora.pt\/?page_id=20434"},"modified":"2023-02-16T14:39:40","modified_gmt":"2023-02-16T14:39:40","slug":"informacao-risco-de-incendio-e-indice-ultravioleta","status":"publish","type":"page","link":"https:\/\/www.cm-evora.pt\/en\/municipe\/areas-de-acao\/protecao-civil\/informacao-risco-de-incendio-e-indice-ultravioleta\/","title":{"rendered":"(Portugu\u00eas) Informa\u00e7\u00e3o &#8211; Risco de Inc\u00eandio e \u00cdndice Ultravioleta"},"content":{"rendered":"<p class=\"qtranxs-available-languages-message qtranxs-available-languages-message-en\">Sorry, this entry is only available in <a href=\"https:\/\/www.cm-evora.pt\/pt\/wp-json\/wp\/v2\/pages\/20434\" class=\"qtranxs-available-language-link qtranxs-available-language-link-pt\" title=\"Portugu\u00eas\">Portugu\u00eas<\/a>.<\/p><p><\/p>\n<p style=\"text-align: center\"><a href=\"https:\/\/www.cm-evora.pt\/wp-content\/uploads\/2021\/02\/risco_incendios.png\" target=\"_blank\" rel=\"noopener\"><img loading=\"lazy\" decoding=\"async\" class=\"alignnone wp-image-20441 size-full\" src=\"https:\/\/www.cm-evora.pt\/wp-content\/uploads\/2021\/02\/risco_incendios.png\" alt=\"\" width=\"470\" height=\"261\" srcset=\"https:\/\/www.cm-evora.pt\/wp-content\/uploads\/2021\/02\/risco_incendios.png 470w, https:\/\/www.cm-evora.pt\/wp-content\/uploads\/2021\/02\/risco_incendios-300x167.png 300w\" sizes=\"auto, (max-width: 470px) 100vw, 470px\" \/><\/a><\/p>\n<p>&nbsp;<\/p>\n<p style=\"text-align: center\"><a href=\"http:\/\/www.ipma.pt\/pt\/riscoincendio\/rcm.pt\/index.jsp\" target=\"_blank\" rel=\"noopener noreferrer\">Risco de Inc\u00eandio Rural<\/a><\/p>\n<p style=\"text-align: center\"><a href=\"http:\/\/www.ipma.pt\/pt\/riscoincendio\/rcm.pt\/index.jsp\" target=\"_blank\" rel=\"noopener noreferrer\"><img loading=\"lazy\" decoding=\"async\" class=\"wp-image-9470 alignnone\" src=\"https:\/\/www.cm-evora.pt\/wp-content\/uploads\/2020\/06\/img-risco-incendio.jpg\" alt=\"\" width=\"225\" height=\"255\" \/><\/a><\/p>\n<p>&nbsp;<\/p>\n<p style=\"text-align: center\"><a href=\"https:\/\/fogos.icnf.pt\/rif\/rif.asp\" target=\"_blank\" rel=\"noopener noreferrer\">Risco de Inc\u00eandio Florestal<\/a><\/p>\n<p style=\"text-align: center\"><a href=\"https:\/\/fogos.icnf.pt\/rif\/rif.asp\" target=\"_blank\" rel=\"noopener noreferrer\"><img loading=\"lazy\" decoding=\"async\" class=\"alignnone wp-image-9474\" src=\"https:\/\/www.cm-evora.pt\/wp-content\/uploads\/2020\/06\/risco-incendio.jpg\" alt=\"\" width=\"308\" height=\"260\" srcset=\"https:\/\/www.cm-evora.pt\/wp-content\/uploads\/2020\/06\/risco-incendio.jpg 338w, https:\/\/www.cm-evora.pt\/wp-content\/uploads\/2020\/06\/risco-incendio-300x253.jpg 300w\" sizes=\"auto, (max-width: 308px) 100vw, 308px\" \/><\/a><\/p>\n<p>&nbsp;<\/p>\n<p style=\"text-align: center\"><a href=\"http:\/\/www.ipma.pt\/resources.www\/light\/index.html\" target=\"_blank\" rel=\"noopener noreferrer\">\u00cdndice Ultravioleta<\/a><\/p>\n<p style=\"text-align: center\"><a href=\"http:\/\/www.ipma.pt\/resources.www\/light\/index.html\" target=\"_blank\" rel=\"noopener noreferrer\"><img loading=\"lazy\" decoding=\"async\" class=\"alignnone wp-image-9476 size-full\" src=\"https:\/\/www.cm-evora.pt\/wp-content\/uploads\/2020\/06\/iuv_prev12.jpg\" alt=\"\" width=\"284\" height=\"284\" srcset=\"https:\/\/www.cm-evora.pt\/wp-content\/uploads\/2020\/06\/iuv_prev12.jpg 284w, https:\/\/www.cm-evora.pt\/wp-content\/uploads\/2020\/06\/iuv_prev12-150x150.jpg 150w\" sizes=\"auto, (max-width: 284px) 100vw, 284px\" \/><\/a><\/p>\n<p><\/p>","protected":false},"excerpt":{"rendered":"<p>Sorry, this entry is only available in Portugu\u00eas. &nbsp; Risco de Inc\u00eandio Rural &nbsp; Risco de Inc\u00eandio Florestal &nbsp; \u00cdndice Ultravioleta<\/p>\n","protected":false},"author":45,"featured_media":0,"parent":1517,"menu_order":8,"comment_status":"closed","ping_status":"closed","template":"templates-map\/component-text-layout1.php","meta":{"_acf_changed":false,"footnotes":""},"categories":[],"class_list":["post-20434","page","type-page","status-publish","hentry"],"acf":{"imagens":"","titulo_docs_seccao":"","documentos":""},"_links":{"self":[{"href":"https:\/\/www.cm-evora.pt\/en\/wp-json\/wp\/v2\/pages\/20434","targetHints":{"allow":["GET"]}}],"collection":[{"href":"https:\/\/www.cm-evora.pt\/en\/wp-json\/wp\/v2\/pages"}],"about":[{"href":"https:\/\/www.cm-evora.pt\/en\/wp-json\/wp\/v2\/types\/page"}],"author":[{"embeddable":true,"href":"https:\/\/www.cm-evora.pt\/en\/wp-json\/wp\/v2\/users\/45"}],"replies":[{"embeddable":true,"href":"https:\/\/www.cm-evora.pt\/en\/wp-json\/wp\/v2\/comments?post=20434"}],"version-history":[{"count":13,"href":"https:\/\/www.cm-evora.pt\/en\/wp-json\/wp\/v2\/pages\/20434\/revisions"}],"predecessor-version":[{"id":45767,"href":"https:\/\/www.cm-evora.pt\/en\/wp-json\/wp\/v2\/pages\/20434\/revisions\/45767"}],"up":[{"embeddable":true,"href":"https:\/\/www.cm-evora.pt\/en\/wp-json\/wp\/v2\/pages\/1517"}],"wp:attachment":[{"href":"https:\/\/www.cm-evora.pt\/en\/wp-json\/wp\/v2\/media?parent=20434"}],"wp:term":[{"taxonomy":"category","embeddable":true,"href":"https:\/\/www.cm-evora.pt\/en\/wp-json\/wp\/v2\/categories?post=20434"}],"curies":[{"name":"wp","href":"https:\/\/api.w.org\/{rel}","templated":true}]}}