{"id":20565,"date":"2021-02-08T14:34:55","date_gmt":"2021-02-08T14:34:55","guid":{"rendered":"https:\/\/www.cm-evora.pt\/?page_id=20565"},"modified":"2026-02-25T15:24:15","modified_gmt":"2026-02-25T15:24:15","slug":"mes-da-juventude","status":"publish","type":"page","link":"https:\/\/www.cm-evora.pt\/en\/municipe\/areas-de-acao\/juventude\/programas-e-iniciativaspara-a-juventude\/mes-da-juventude\/","title":{"rendered":"M\u00eas da Juventude"},"content":{"rendered":"<p><\/p>\n<p style=\"text-align: center\"><a href=\"https:\/\/www.cm-evora.pt\/wp-content\/uploads\/2025\/01\/MesDaJuventude2025-scaled.jpg\"><img loading=\"lazy\" decoding=\"async\" class=\"alignnone size-full wp-image-69688\" src=\"https:\/\/www.cm-evora.pt\/wp-content\/uploads\/2025\/01\/MesDaJuventude2025-scaled.jpg\" alt=\"\" width=\"2560\" height=\"1440\" srcset=\"https:\/\/www.cm-evora.pt\/wp-content\/uploads\/2025\/01\/MesDaJuventude2025-scaled.jpg 2560w, https:\/\/www.cm-evora.pt\/wp-content\/uploads\/2025\/01\/MesDaJuventude2025-300x169.jpg 300w, https:\/\/www.cm-evora.pt\/wp-content\/uploads\/2025\/01\/MesDaJuventude2025-1024x576.jpg 1024w, https:\/\/www.cm-evora.pt\/wp-content\/uploads\/2025\/01\/MesDaJuventude2025-768x432.jpg 768w, https:\/\/www.cm-evora.pt\/wp-content\/uploads\/2025\/01\/MesDaJuventude2025-1536x864.jpg 1536w, https:\/\/www.cm-evora.pt\/wp-content\/uploads\/2025\/01\/MesDaJuventude2025-2048x1152.jpg 2048w, https:\/\/www.cm-evora.pt\/wp-content\/uploads\/2025\/01\/MesDaJuventude2025-1320x743.jpg 1320w\" sizes=\"auto, (max-width: 2560px) 100vw, 2560px\" \/><\/a><\/p>\n<p style=\"text-align: center\"><strong>Comemora\u00e7\u00f5es do M\u00eas da Juventude<\/strong><\/p>\n<div class=\"kvgmc6g5 cxmmr5t8 oygrvhab hcukyx3x c1et5uql ii04i59q\">\n<div dir=\"auto\" style=\"text-align: center\"><strong>&#8220;Mar\u00e7o \u2013 M\u00eas da Juventude 2025&#8221;<\/strong><\/div>\n<\/div>\n<p>&nbsp;<\/p>\n<div dir=\"auto\" style=\"text-align: center\">Consulte a programa\u00e7\u00e3o <a href=\"https:\/\/www.cm-evora.pt\/eventos\/mes-da-juventude-marco-2025\/\" target=\"_blank\" rel=\"noopener\">aqui<\/a>.<\/div>\n<p>&nbsp;<\/p>\n<div dir=\"auto\" style=\"text-align: center\"><a href=\"https:\/\/www.cm-evora.pt\/wp-content\/uploads\/2025\/02\/CartazA3_MesJuventude2025.png\"><img loading=\"lazy\" decoding=\"async\" class=\"alignnone size-full wp-image-71523\" src=\"https:\/\/www.cm-evora.pt\/wp-content\/uploads\/2025\/02\/CartazA3_MesJuventude2025.png\" alt=\"\" width=\"7016\" height=\"9933\" srcset=\"https:\/\/www.cm-evora.pt\/wp-content\/uploads\/2025\/02\/CartazA3_MesJuventude2025.png 7016w, https:\/\/www.cm-evora.pt\/wp-content\/uploads\/2025\/02\/CartazA3_MesJuventude2025-212x300.png 212w, https:\/\/www.cm-evora.pt\/wp-content\/uploads\/2025\/02\/CartazA3_MesJuventude2025-723x1024.png 723w, https:\/\/www.cm-evora.pt\/wp-content\/uploads\/2025\/02\/CartazA3_MesJuventude2025-768x1087.png 768w, https:\/\/www.cm-evora.pt\/wp-content\/uploads\/2025\/02\/CartazA3_MesJuventude2025-1085x1536.png 1085w, https:\/\/www.cm-evora.pt\/wp-content\/uploads\/2025\/02\/CartazA3_MesJuventude2025-1447x2048.png 1447w, https:\/\/www.cm-evora.pt\/wp-content\/uploads\/2025\/02\/CartazA3_MesJuventude2025-1320x1869.png 1320w\" sizes=\"auto, (max-width: 7016px) 100vw, 7016px\" \/><\/a><\/div>\n<p style=\"text-align: center\">\n<p><\/p>","protected":false},"excerpt":{"rendered":"<p>Comemora\u00e7\u00f5es do M\u00eas da Juventude &#8220;Mar\u00e7o \u2013 M\u00eas da Juventude 2025&#8221; &nbsp; Consulte a programa\u00e7\u00e3o aqui. &nbsp;<\/p>\n","protected":false},"author":45,"featured_media":0,"parent":2511,"menu_order":5,"comment_status":"closed","ping_status":"closed","template":"templates-map\/component-text-layout1.php","meta":{"_acf_changed":false,"footnotes":""},"categories":[],"class_list":["post-20565","page","type-page","status-publish","hentry"],"acf":{"imagens":"","titulo_docs_seccao":"","documentos":""},"_links":{"self":[{"href":"https:\/\/www.cm-evora.pt\/en\/wp-json\/wp\/v2\/pages\/20565","targetHints":{"allow":["GET"]}}],"collection":[{"href":"https:\/\/www.cm-evora.pt\/en\/wp-json\/wp\/v2\/pages"}],"about":[{"href":"https:\/\/www.cm-evora.pt\/en\/wp-json\/wp\/v2\/types\/page"}],"author":[{"embeddable":true,"href":"https:\/\/www.cm-evora.pt\/en\/wp-json\/wp\/v2\/users\/45"}],"replies":[{"embeddable":true,"href":"https:\/\/www.cm-evora.pt\/en\/wp-json\/wp\/v2\/comments?post=20565"}],"version-history":[{"count":50,"href":"https:\/\/www.cm-evora.pt\/en\/wp-json\/wp\/v2\/pages\/20565\/revisions"}],"predecessor-version":[{"id":81942,"href":"https:\/\/www.cm-evora.pt\/en\/wp-json\/wp\/v2\/pages\/20565\/revisions\/81942"}],"up":[{"embeddable":true,"href":"https:\/\/www.cm-evora.pt\/en\/wp-json\/wp\/v2\/pages\/2511"}],"wp:attachment":[{"href":"https:\/\/www.cm-evora.pt\/en\/wp-json\/wp\/v2\/media?parent=20565"}],"wp:term":[{"taxonomy":"category","embeddable":true,"href":"https:\/\/www.cm-evora.pt\/en\/wp-json\/wp\/v2\/categories?post=20565"}],"curies":[{"name":"wp","href":"https:\/\/api.w.org\/{rel}","templated":true}]}}