{"id":20871,"date":"2021-02-12T10:00:00","date_gmt":"2021-02-12T10:00:00","guid":{"rendered":"https:\/\/www.cm-evora.pt\/?page_id=20871"},"modified":"2022-02-21T09:01:01","modified_gmt":"2022-02-21T09:01:01","slug":"acao-presente-e-futura","status":"publish","type":"page","link":"https:\/\/www.cm-evora.pt\/en\/municipe\/projetos-municipais\/evora-cidade-educadora\/acao-presente-e-futura\/","title":{"rendered":"(Portugu\u00eas) A\u00e7\u00e3o presente e futura"},"content":{"rendered":"<p class=\"qtranxs-available-languages-message qtranxs-available-languages-message-en\">Sorry, this entry is only available in <a href=\"https:\/\/www.cm-evora.pt\/pt\/wp-json\/wp\/v2\/pages\/20871\" class=\"qtranxs-available-language-link qtranxs-available-language-link-pt\" title=\"Portugu\u00eas\">Portugu\u00eas<\/a>.<\/p><p><\/p>\n<div>\n<div><span class=\"ms-rteThemeForeColor-4-5\">Tal como o tempo, tamb\u00e9m a cidade n\u00e3o para, a sua evolu\u00e7\u00e3o \u00e9 constante, e acompanhar essa mudan\u00e7a em todo o tempo, exige uma disponibilidade de fazer sempre mais, refazer, fazer de novo e tentar fazer de uma outra perspetiva, sempre em rede, num caminho que se faz partilhando. A Cidade Educadora que se apresenta em \u00c9vora como uma forma de estar, de ser e de gerar valor \u00e9 uma constante a\u00e7\u00e3o em rede, em v\u00e1rios n\u00edveis, com muitos atores e com uma envolv\u00eancia cont\u00ednua.<\/span><\/div>\n<div><span class=\"ms-rteThemeForeColor-4-5\">O centro do territ\u00f3rio \u00e9 a casa e, internamente, o desafio \u00e9 o de gerar identidade de Cidade Educadora na autarquia, a casa de portas abertas ao seu territ\u00f3rio, que faz, que procura um intuito educador, sempre um sentido de servi\u00e7o. Uma autarquia com sentido de responsabilidade de assumir a\u00e7\u00e3o que educa a cidade, \u00e9 motor para um territ\u00f3rio mais educador, mais casa, mais rede, mais centrado na resposta \u00e0s perguntas que se colocam. Uma autarquia que se deixa tamb\u00e9m educar pela cidade numa rela\u00e7\u00e3o desafiante.<\/span><\/div>\n<div><span class=\"ms-rteThemeForeColor-4-5\">A cidade vive, os seus agentes s\u00e3o geradores dessa vida nas a\u00e7\u00f5es que desenvolvem e na forma como procuram gerar impacto educador. A esse n\u00edvel, a rede abre-se ao territ\u00f3rio, procurando n\u00e3o deixar ningu\u00e9m de fora, em nenhum tempo, em nenhuma situa\u00e7\u00e3o. A voz do que vamos fazendo na nossa cidade, soa alto quando divulgamos, envolvemos, chamamos \u00e0 participa\u00e7\u00e3o efetiva, ajudamos a mudar vidas e aprendemos novas formas de mudan\u00e7a, em conjunto. A cidade vive, e em rede todos somos mais do que a vida que geramos isoladamente.<\/span><\/div>\n<\/div>\n<div><\/div>\n<p>&nbsp;<\/p>\n<p style=\"text-align: center\"><a href=\"https:\/\/www.cm-evora.pt\/wp-content\/uploads\/2021\/06\/infografia-site.jpg\" target=\"_blank\" rel=\"noopener\"><img loading=\"lazy\" decoding=\"async\" class=\"alignnone wp-image-23722 size-full\" src=\"https:\/\/www.cm-evora.pt\/wp-content\/uploads\/2021\/06\/infografia-site.jpg\" alt=\"\" width=\"1024\" height=\"879\" srcset=\"https:\/\/www.cm-evora.pt\/wp-content\/uploads\/2021\/06\/infografia-site.jpg 1024w, https:\/\/www.cm-evora.pt\/wp-content\/uploads\/2021\/06\/infografia-site-300x258.jpg 300w, https:\/\/www.cm-evora.pt\/wp-content\/uploads\/2021\/06\/infografia-site-768x659.jpg 768w\" sizes=\"auto, (max-width: 1024px) 100vw, 1024px\" \/><\/a><\/p>\n<div>\n<div><span class=\"ms-rteThemeForeColor-4-5\">Em 2019 foi constitu\u00eddo em \u00c9vora um\u00a0<\/span><strong><span class=\"ms-rteForeColor-8\">grupo\u00a0de\u00a0trabalho interno multidisciplinar<\/span><\/strong><span class=\"ms-rteThemeForeColor-4-5\">\u00a0para promover a reflex\u00e3o em torno de pr\u00e1ticas concretizadoras dos Princ\u00edpios da Carta das Cidades Educadoras e, portanto, o envolvimento e articula\u00e7\u00e3o transversal das interven\u00e7\u00f5es das v\u00e1rias entidades e institui\u00e7\u00f5es do territ\u00f3rio.<\/span><\/div>\n<\/div>\n<div>\n<p style=\"text-align: center\">\n<\/div>\n<p><\/p>","protected":false},"excerpt":{"rendered":"<p>Sorry, this entry is only available in Portugu\u00eas. Tal como o tempo, tamb\u00e9m a cidade n\u00e3o para, a sua evolu\u00e7\u00e3o \u00e9 constante, e acompanhar essa mudan\u00e7a em todo o tempo, exige uma disponibilidade de fazer sempre mais, refazer, fazer de novo e tentar fazer de uma outra perspetiva, sempre em rede, num caminho que se [&hellip;]<\/p>\n","protected":false},"author":45,"featured_media":0,"parent":10391,"menu_order":3,"comment_status":"closed","ping_status":"closed","template":"templates-map\/component-text-list-layout1.php","meta":{"_acf_changed":false,"footnotes":""},"categories":[],"class_list":["post-20871","page","type-page","status-publish","hentry"],"acf":[],"_links":{"self":[{"href":"https:\/\/www.cm-evora.pt\/en\/wp-json\/wp\/v2\/pages\/20871","targetHints":{"allow":["GET"]}}],"collection":[{"href":"https:\/\/www.cm-evora.pt\/en\/wp-json\/wp\/v2\/pages"}],"about":[{"href":"https:\/\/www.cm-evora.pt\/en\/wp-json\/wp\/v2\/types\/page"}],"author":[{"embeddable":true,"href":"https:\/\/www.cm-evora.pt\/en\/wp-json\/wp\/v2\/users\/45"}],"replies":[{"embeddable":true,"href":"https:\/\/www.cm-evora.pt\/en\/wp-json\/wp\/v2\/comments?post=20871"}],"version-history":[{"count":9,"href":"https:\/\/www.cm-evora.pt\/en\/wp-json\/wp\/v2\/pages\/20871\/revisions"}],"predecessor-version":[{"id":31838,"href":"https:\/\/www.cm-evora.pt\/en\/wp-json\/wp\/v2\/pages\/20871\/revisions\/31838"}],"up":[{"embeddable":true,"href":"https:\/\/www.cm-evora.pt\/en\/wp-json\/wp\/v2\/pages\/10391"}],"wp:attachment":[{"href":"https:\/\/www.cm-evora.pt\/en\/wp-json\/wp\/v2\/media?parent=20871"}],"wp:term":[{"taxonomy":"category","embeddable":true,"href":"https:\/\/www.cm-evora.pt\/en\/wp-json\/wp\/v2\/categories?post=20871"}],"curies":[{"name":"wp","href":"https:\/\/api.w.org\/{rel}","templated":true}]}}