{"id":21174,"date":"2021-02-25T13:56:40","date_gmt":"2021-02-25T13:56:40","guid":{"rendered":"https:\/\/www.cm-evora.pt\/?page_id=21174"},"modified":"2023-05-09T15:21:51","modified_gmt":"2023-05-09T14:21:51","slug":"conhecimento-territorial","status":"publish","type":"page","link":"https:\/\/www.cm-evora.pt\/en\/municipe\/projetos-municipais\/evora-cidade-educadora\/conhecimento-territorial\/","title":{"rendered":"Conhecimento Territorial"},"content":{"rendered":"<div class=\"mt-i cf\">\n<div class=\"mt-i-c cf line-color\">\n<div class=\"b b-text cf\">\n<div class=\"b-c b-text-c b-s b-s-t60 b-s-b60 b-cs cf\">\n<p>&nbsp;<\/p>\n<h4><em><span class=\"wnd-font-size-80\"><span class=\"wnd-font-size-130\">1.<\/span><span class=\"wsw-27\">\u00a0<\/span><\/span><span class=\"wsw-27\" style=\"color: #993300\"><span class=\"wsw-32\">Mapeamento da Cidade Educadora<\/span><\/span><\/em><\/h4>\n<p>Vis\u00e3o cartogr\u00e1fica.<\/p>\n<p style=\"padding-left: 40px\"><strong>a)<\/strong> Respostas no \u00e2mbito da educa\u00e7\u00e3o formal e n\u00e3o formal.<\/p>\n<p style=\"padding-left: 40px\"><strong>b)<\/strong> Respostas nas diferentes \u00e1reas (Ambiente, Desporto e Sa\u00fade, Educa\u00e7\u00e3o, Interven\u00e7\u00e3o social, Cultura e Patrim\u00f3nio, Cidadania e Seguran\u00e7a).<\/p>\n<p style=\"padding-left: 40px\"><strong>c)<\/strong> Respostas nos diferentes territ\u00f3rios (por freguesia).<\/p>\n<p>&nbsp;<\/p>\n<\/div>\n<\/div>\n<div class=\"b b-text cf\">\n<hr \/>\n<\/div>\n<\/div>\n<\/div>\n<div class=\"mt-i cf\">\n<div class=\"mt-i-c cf line-color\">\n<div class=\"b b-text cf\">\n<div class=\"b-c b-text-c b-s b-s-t60 b-s-b60 b-cs cf\">\n<p>&nbsp;<\/p>\n<h4><em>2.\u00a0<\/em><span class=\"wsw-27\" style=\"color: #3366ff\"><em>Identifica\u00e7\u00e3o de respostas institucionais<\/em><\/span><\/h4>\n<p><span class=\"wsw-21\">Identifica\u00e7\u00e3o de a\u00e7\u00f5es e projetos educadores (internos e externos) em plataforma.<\/span><\/p>\n<p>&nbsp;<\/p>\n<\/div>\n<\/div>\n<div class=\"b b-text cf\">\n<hr \/>\n<\/div>\n<\/div>\n<\/div>\n<div class=\"mt-i cf\">\n<div class=\"mt-i-c cf line-color\">\n<div class=\"b b-text cf\">\n<div class=\"b-c b-text-c b-s b-s-t60 b-s-b60 b-cs cf\">\n<p>&nbsp;<\/p>\n<h4><em>3.\u00a0<span style=\"color: #3366ff\"><span class=\"wsw-27\">Adequa\u00e7\u00e3o de conte\u00fados\u00a0<\/span><span class=\"wsw-27\">com finalidade pedag\u00f3gica<\/span><\/span><br \/>\n<\/em><\/h4>\n<div>\n<p>Promo\u00e7\u00e3o do conhecimento do patrim\u00f3nio local, atrav\u00e9s da cria\u00e7\u00e3o de recursos l\u00fadico-pedag\u00f3gicos.<\/p>\n<p>Cria\u00e7\u00e3o de Jogo da Gl\u00f3ria online para crian\u00e7as com provas sobre o territ\u00f3rio, (personalidades, locais, tradi\u00e7\u00f5es, etc.), freguesia a freguesia.<\/p>\n<p>&nbsp;<\/p>\n<\/div>\n<\/div>\n<\/div>\n<\/div>\n<\/div>\n","protected":false},"excerpt":{"rendered":"<p>&nbsp; 1.\u00a0Mapeamento da Cidade Educadora Vis\u00e3o cartogr\u00e1fica. a) Respostas no \u00e2mbito da educa\u00e7\u00e3o formal e n\u00e3o formal. b) Respostas nas diferentes \u00e1reas (Ambiente, Desporto e Sa\u00fade, Educa\u00e7\u00e3o, Interven\u00e7\u00e3o social, Cultura e Patrim\u00f3nio, Cidadania e Seguran\u00e7a). c) Respostas nos diferentes territ\u00f3rios (por freguesia). &nbsp; &nbsp; 2.\u00a0Identifica\u00e7\u00e3o de respostas institucionais Identifica\u00e7\u00e3o de a\u00e7\u00f5es e projetos educadores (internos [&hellip;]<\/p>\n","protected":false},"author":45,"featured_media":0,"parent":10391,"menu_order":11,"comment_status":"closed","ping_status":"closed","template":"templates-map\/component-text-layout1.php","meta":{"_acf_changed":false,"footnotes":""},"categories":[],"class_list":["post-21174","page","type-page","status-publish","hentry"],"acf":{"imagens":"","titulo_docs_seccao":"","documentos":""},"_links":{"self":[{"href":"https:\/\/www.cm-evora.pt\/en\/wp-json\/wp\/v2\/pages\/21174","targetHints":{"allow":["GET"]}}],"collection":[{"href":"https:\/\/www.cm-evora.pt\/en\/wp-json\/wp\/v2\/pages"}],"about":[{"href":"https:\/\/www.cm-evora.pt\/en\/wp-json\/wp\/v2\/types\/page"}],"author":[{"embeddable":true,"href":"https:\/\/www.cm-evora.pt\/en\/wp-json\/wp\/v2\/users\/45"}],"replies":[{"embeddable":true,"href":"https:\/\/www.cm-evora.pt\/en\/wp-json\/wp\/v2\/comments?post=21174"}],"version-history":[{"count":4,"href":"https:\/\/www.cm-evora.pt\/en\/wp-json\/wp\/v2\/pages\/21174\/revisions"}],"predecessor-version":[{"id":48853,"href":"https:\/\/www.cm-evora.pt\/en\/wp-json\/wp\/v2\/pages\/21174\/revisions\/48853"}],"up":[{"embeddable":true,"href":"https:\/\/www.cm-evora.pt\/en\/wp-json\/wp\/v2\/pages\/10391"}],"wp:attachment":[{"href":"https:\/\/www.cm-evora.pt\/en\/wp-json\/wp\/v2\/media?parent=21174"}],"wp:term":[{"taxonomy":"category","embeddable":true,"href":"https:\/\/www.cm-evora.pt\/en\/wp-json\/wp\/v2\/categories?post=21174"}],"curies":[{"name":"wp","href":"https:\/\/api.w.org\/{rel}","templated":true}]}}