{"id":21175,"date":"2021-02-25T14:08:44","date_gmt":"2021-02-25T14:08:44","guid":{"rendered":"https:\/\/www.cm-evora.pt\/?page_id=21175"},"modified":"2023-05-09T15:19:03","modified_gmt":"2023-05-09T14:19:03","slug":"participacao-e-envolvimento","status":"publish","type":"page","link":"https:\/\/www.cm-evora.pt\/en\/municipe\/projetos-municipais\/evora-cidade-educadora\/participacao-e-envolvimento\/","title":{"rendered":"Participa\u00e7\u00e3o e envolvimento"},"content":{"rendered":"<div class=\"mt-i cf\">\n<div class=\"mt-i-c cf line-color\">\n<div class=\"b b-text cf\">\n<div class=\"b-c b-text-c b-s b-s-t60 b-s-b60 b-cs cf\">\n<p>&nbsp;<\/p>\n<h4><em><span class=\"wnd-font-size-80\"><span class=\"wnd-font-size-130\">1. <\/span><\/span><span class=\"wsw-27\" style=\"color: #3366ff\">Comemora\u00e7\u00e3o do Dia Internacional das Cidades Educadoras<\/span><\/em><\/h4>\n<p>Apresenta\u00e7\u00e3o e organiza\u00e7\u00e3o de programa de comemora\u00e7\u00e3o da efem\u00e9ride, garantindo o envolvimento de atores-chave da Cidade (ex. Conselho Municipal de Educa\u00e7\u00e3o).<\/p>\n<\/div>\n<\/div>\n<div class=\"b b-text cf\">\n<p>&nbsp;<\/p>\n<\/div>\n<\/div>\n<\/div>\n<hr \/>\n<p>&nbsp;<\/p>\n<div class=\"mt-i cf\">\n<div class=\"mt-i-c cf line-color\">\n<div class=\"b b-text cf\">\n<div class=\"b-c b-text-c b-s b-s-t60 b-s-b60 b-cs cf\">\n<h4><em>2.\u00a0<\/em><span class=\"wsw-27\"><em><span style=\"color: #3366ff\">Documento orientador do PEL 2019-21<\/span><br \/>\n<\/em><\/span><\/h4>\n<div>\n<p>Produ\u00e7\u00e3o de um documento que sirva como orienta\u00e7\u00e3o para a a\u00e7\u00e3o a desenvolver nos anos letivos 2020-2021 e 2021-2022 (diagn\u00f3stico estrat\u00e9gico e plano de a\u00e7\u00e3o). Concretiza\u00e7\u00e3o de algumas a\u00e7\u00f5es previstas em plano de a\u00e7\u00e3o.<\/p>\n<\/div>\n<\/div>\n<\/div>\n<\/div>\n<\/div>\n","protected":false},"excerpt":{"rendered":"<p>&nbsp; 1. Comemora\u00e7\u00e3o do Dia Internacional das Cidades Educadoras Apresenta\u00e7\u00e3o e organiza\u00e7\u00e3o de programa de comemora\u00e7\u00e3o da efem\u00e9ride, garantindo o envolvimento de atores-chave da Cidade (ex. Conselho Municipal de Educa\u00e7\u00e3o). &nbsp; &nbsp; 2.\u00a0Documento orientador do PEL 2019-21 Produ\u00e7\u00e3o de um documento que sirva como orienta\u00e7\u00e3o para a a\u00e7\u00e3o a desenvolver nos anos letivos 2020-2021 e [&hellip;]<\/p>\n","protected":false},"author":45,"featured_media":0,"parent":10391,"menu_order":13,"comment_status":"closed","ping_status":"closed","template":"templates-map\/component-text-layout1.php","meta":{"_acf_changed":false,"footnotes":""},"categories":[],"class_list":["post-21175","page","type-page","status-publish","hentry"],"acf":{"imagens":"","titulo_docs_seccao":"","documentos":""},"_links":{"self":[{"href":"https:\/\/www.cm-evora.pt\/en\/wp-json\/wp\/v2\/pages\/21175","targetHints":{"allow":["GET"]}}],"collection":[{"href":"https:\/\/www.cm-evora.pt\/en\/wp-json\/wp\/v2\/pages"}],"about":[{"href":"https:\/\/www.cm-evora.pt\/en\/wp-json\/wp\/v2\/types\/page"}],"author":[{"embeddable":true,"href":"https:\/\/www.cm-evora.pt\/en\/wp-json\/wp\/v2\/users\/45"}],"replies":[{"embeddable":true,"href":"https:\/\/www.cm-evora.pt\/en\/wp-json\/wp\/v2\/comments?post=21175"}],"version-history":[{"count":4,"href":"https:\/\/www.cm-evora.pt\/en\/wp-json\/wp\/v2\/pages\/21175\/revisions"}],"predecessor-version":[{"id":48851,"href":"https:\/\/www.cm-evora.pt\/en\/wp-json\/wp\/v2\/pages\/21175\/revisions\/48851"}],"up":[{"embeddable":true,"href":"https:\/\/www.cm-evora.pt\/en\/wp-json\/wp\/v2\/pages\/10391"}],"wp:attachment":[{"href":"https:\/\/www.cm-evora.pt\/en\/wp-json\/wp\/v2\/media?parent=21175"}],"wp:term":[{"taxonomy":"category","embeddable":true,"href":"https:\/\/www.cm-evora.pt\/en\/wp-json\/wp\/v2\/categories?post=21175"}],"curies":[{"name":"wp","href":"https:\/\/api.w.org\/{rel}","templated":true}]}}