{"id":21177,"date":"2021-02-25T14:04:56","date_gmt":"2021-02-25T14:04:56","guid":{"rendered":"https:\/\/www.cm-evora.pt\/?page_id=21177"},"modified":"2023-05-09T15:19:33","modified_gmt":"2023-05-09T14:19:33","slug":"comunicacao","status":"publish","type":"page","link":"https:\/\/www.cm-evora.pt\/en\/municipe\/projetos-municipais\/evora-cidade-educadora\/comunicacao\/","title":{"rendered":"Comunica\u00e7\u00e3o"},"content":{"rendered":"<div class=\"mt-i cf\">\n<div class=\"mt-i-c cf line-color\">\n<div class=\"b b-text cf\">\n<div class=\"b-c b-text-c b-s b-s-t60 b-s-b60 b-cs cf\">\n<p>&nbsp;<\/p>\n<h4><em><span class=\"wnd-font-size-80\"><span class=\"wnd-font-size-130\">1. <\/span><\/span><span class=\"wsw-27\" style=\"color: #3366ff\">Atualiza\u00e7\u00e3o da informa\u00e7\u00e3o no site da CME e p\u00e1gina facebook<\/span><\/em><\/h4>\n<p>Defini\u00e7\u00e3o de estrutura da p\u00e1gina \u00c9vora, Cidade Educadora e atualiza\u00e7\u00e3o de conte\u00fados. Cria\u00e7\u00e3o de conte\u00fados que clarifiquem o conceito.<\/p>\n<\/div>\n<\/div>\n<\/div>\n<\/div>\n<p>&nbsp;<\/p>\n<hr \/>\n<p>&nbsp;<\/p>\n<div class=\"mt-i cf\">\n<div class=\"mt-i-c cf line-color\">\n<div class=\"b b-text cf\">\n<div class=\"b-c b-text-c b-s b-s-t60 b-s-b60 b-cs cf\">\n<h4><em>2.<\/em>\u00a0<span class=\"wsw-27\"><em><span style=\"color: #3366ff\">Newsletter \u00c9vora Cidade Educadora<\/span><br \/>\n<\/em><\/span><\/h4>\n<div>\n<p>Newsletter peri\u00f3dica, em suporte digital, com um prop\u00f3sito informativo e reflexivo sobre \u00c9vora como Cidade Educadora.<\/p>\n<\/div>\n<\/div>\n<\/div>\n<\/div>\n<\/div>\n<p>&nbsp;<\/p>\n<hr \/>\n<p>&nbsp;<\/p>\n<div class=\"mt-i cf\">\n<div class=\"mt-i-c cf line-color\">\n<div class=\"b b-text cf\">\n<div class=\"b-c b-text-c b-s b-s-t60 b-s-b60 b-cs cf\">\n<h4><em>3.<\/em> <span style=\"color: #3366ff\"><em><span class=\"wsw-27\">Refor\u00e7o da marca Cidade Educadora em a\u00e7\u00f5es, recursos e estruturas f\u00edsicas<\/span><\/em><\/span><\/h4>\n<p><span class=\"wsw-11\">(ex. informa\u00e7\u00e3o sobre obras, mensagens de Cidadania, divulga\u00e7\u00e3o do Encontro Cidade Educadora, etc.)<\/span><\/p>\n<\/div>\n<\/div>\n<\/div>\n<\/div>\n<p>&nbsp;<\/p>\n<hr \/>\n<div class=\"mt-i cf\">\n<div class=\"mt-i-c cf line-color\">\n<div class=\"b b-text cf\">\n<div class=\"b-c b-text-c b-s b-s-t60 b-s-b60 b-cs cf\">\n<p>&nbsp;<\/p>\n<h4><em>4.<\/em>\u00a0<span style=\"color: #3366ff\"><em><span class=\"wsw-27\">Sabia que&#8230; na nossa Cidade<\/span><\/em><\/span><\/h4>\n<p style=\"padding-left: 40px\"><strong>a<\/strong><span class=\"wsw-21\"><strong>)<\/strong> Divulga\u00e7\u00e3o de val\u00eancias internas para p\u00fablicos-alvo diversos (crian\u00e7as, fam\u00edlias, seniores, pessoas com defici\u00eancia, etc.).<\/span><\/p>\n<p style=\"padding-left: 40px\"><span class=\"wsw-21\"><strong>b)<\/strong> Perguntas frequentes gerais sobre o funcionamento dos servi\u00e7os da CME.<\/span><\/p>\n<\/div>\n<\/div>\n<\/div>\n<\/div>\n<p>&nbsp;<\/p>\n<hr \/>\n<p>&nbsp;<\/p>\n<div class=\"mt-i cf\">\n<div class=\"mt-i-c cf line-color\">\n<div class=\"b b-text cf\">\n<div class=\"b-c b-text-c b-s b-s-t60 b-s-b60 b-cs cf\">\n<h4><em>5.\u00a0<\/em><span style=\"color: #3366ff\"><em><span class=\"wsw-27\">Comunica\u00e7\u00e3o e interven\u00e7\u00e3o na Rede<\/span><\/em><\/span><\/h4>\n<ul>\n<li style=\"list-style-type: none\">\n<ul>\n<li>Envio de boas pr\u00e1ticas no Boletim da RTPCE.<\/li>\n<li>Partilha de boas pr\u00e1ticas no Banco Internacional de Documentos da AICE.<\/li>\n<li>Publica\u00e7\u00f5es em p\u00e1gina Facebook da RTPCE.<\/li>\n<li>Participa\u00e7\u00e3o em eventos da AICE\/RTPCE.<\/li>\n<\/ul>\n<\/li>\n<\/ul>\n<\/div>\n<\/div>\n<\/div>\n<\/div>\n","protected":false},"excerpt":{"rendered":"<p>&nbsp; 1. Atualiza\u00e7\u00e3o da informa\u00e7\u00e3o no site da CME e p\u00e1gina facebook Defini\u00e7\u00e3o de estrutura da p\u00e1gina \u00c9vora, Cidade Educadora e atualiza\u00e7\u00e3o de conte\u00fados. Cria\u00e7\u00e3o de conte\u00fados que clarifiquem o conceito. &nbsp; &nbsp; 2.\u00a0Newsletter \u00c9vora Cidade Educadora Newsletter peri\u00f3dica, em suporte digital, com um prop\u00f3sito informativo e reflexivo sobre \u00c9vora como Cidade Educadora. &nbsp; &nbsp; [&hellip;]<\/p>\n","protected":false},"author":45,"featured_media":0,"parent":10391,"menu_order":12,"comment_status":"closed","ping_status":"closed","template":"templates-map\/component-text-layout1.php","meta":{"_acf_changed":false,"footnotes":""},"categories":[],"class_list":["post-21177","page","type-page","status-publish","hentry"],"acf":{"imagens":"","titulo_docs_seccao":"","documentos":""},"_links":{"self":[{"href":"https:\/\/www.cm-evora.pt\/en\/wp-json\/wp\/v2\/pages\/21177","targetHints":{"allow":["GET"]}}],"collection":[{"href":"https:\/\/www.cm-evora.pt\/en\/wp-json\/wp\/v2\/pages"}],"about":[{"href":"https:\/\/www.cm-evora.pt\/en\/wp-json\/wp\/v2\/types\/page"}],"author":[{"embeddable":true,"href":"https:\/\/www.cm-evora.pt\/en\/wp-json\/wp\/v2\/users\/45"}],"replies":[{"embeddable":true,"href":"https:\/\/www.cm-evora.pt\/en\/wp-json\/wp\/v2\/comments?post=21177"}],"version-history":[{"count":6,"href":"https:\/\/www.cm-evora.pt\/en\/wp-json\/wp\/v2\/pages\/21177\/revisions"}],"predecessor-version":[{"id":48852,"href":"https:\/\/www.cm-evora.pt\/en\/wp-json\/wp\/v2\/pages\/21177\/revisions\/48852"}],"up":[{"embeddable":true,"href":"https:\/\/www.cm-evora.pt\/en\/wp-json\/wp\/v2\/pages\/10391"}],"wp:attachment":[{"href":"https:\/\/www.cm-evora.pt\/en\/wp-json\/wp\/v2\/media?parent=21177"}],"wp:term":[{"taxonomy":"category","embeddable":true,"href":"https:\/\/www.cm-evora.pt\/en\/wp-json\/wp\/v2\/categories?post=21177"}],"curies":[{"name":"wp","href":"https:\/\/api.w.org\/{rel}","templated":true}]}}