{"id":21178,"date":"2021-02-25T14:10:49","date_gmt":"2021-02-25T14:10:49","guid":{"rendered":"https:\/\/www.cm-evora.pt\/?page_id=21178"},"modified":"2021-07-22T09:24:00","modified_gmt":"2021-07-22T08:24:00","slug":"vivencia-do-espaco-publico","status":"publish","type":"page","link":"https:\/\/www.cm-evora.pt\/en\/municipe\/projetos-municipais\/evora-cidade-educadora\/vivencia-do-espaco-publico\/","title":{"rendered":"(Portugu\u00eas) Viv\u00eancia do espa\u00e7o p\u00fablico"},"content":{"rendered":"<p class=\"qtranxs-available-languages-message qtranxs-available-languages-message-en\">Sorry, this entry is only available in <a href=\"https:\/\/www.cm-evora.pt\/pt\/wp-json\/wp\/v2\/pages\/21178\" class=\"qtranxs-available-language-link qtranxs-available-language-link-pt\" title=\"Portugu\u00eas\">Portugu\u00eas<\/a>.<\/p><p><\/p>\n<div class=\"mt-i cf\">\n<div class=\"mt-i-c cf line-color\">\n<div class=\"b b-text cf\">\n<div class=\"b-c b-text-c b-s b-s-t60 b-s-b60 b-cs cf\">\n<p>&nbsp;<\/p>\n<h4><span style=\"color: #3366ff\"><em><span class=\"wnd-font-size-80\" style=\"color: #000000\"><span class=\"wnd-font-size-130\">1. <\/span><\/span><span class=\"wsw-27\">Propostas de iniciativas externas ao munic\u00edpio<\/span><\/em><\/span><\/h4>\n<p>(ex. Janeiras, Brincas, etc.)<\/p>\n<\/div>\n<\/div>\n<\/div>\n<\/div>\n<p>&nbsp;<\/p>\n<hr \/>\n<p>&nbsp;<\/p>\n<div class=\"mt-i cf\">\n<div class=\"mt-i-c cf line-color\">\n<div class=\"b b-text cf\">\n<div class=\"b-c b-text-c b-s b-s-t60 b-s-b60 b-cs cf\">\n<h4><em>2.\u00a0<\/em><span class=\"wsw-27\"><em><span style=\"color: #3366ff\"><em>P<\/em>ropostas de iniciativas do munic\u00edpio para a popula\u00e7\u00e3o<\/span><\/em><\/span><\/h4>\n<p><span class=\"wsw-27\"><span style=\"color: #000000\"><span class=\"wnd-font-size-80\"><span class=\"wsw-02\">(ex. Plano de Mobilidade, Laborat\u00f3rio Vivo da Descarboriza\u00e7\u00e3o, etc.)<\/span><\/span><\/span><em><br \/>\n<\/em><\/span><\/p>\n<div><\/div>\n<\/div>\n<\/div>\n<\/div>\n<\/div>\n<p><\/p>","protected":false},"excerpt":{"rendered":"<p>Sorry, this entry is only available in Portugu\u00eas. &nbsp; 1. Propostas de iniciativas externas ao munic\u00edpio (ex. Janeiras, Brincas, etc.) &nbsp; &nbsp; 2.\u00a0Propostas de iniciativas do munic\u00edpio para a popula\u00e7\u00e3o (ex. Plano de Mobilidade, Laborat\u00f3rio Vivo da Descarboriza\u00e7\u00e3o, etc.)<\/p>\n","protected":false},"author":45,"featured_media":0,"parent":10391,"menu_order":14,"comment_status":"closed","ping_status":"closed","template":"templates-map\/component-text-layout1.php","meta":{"_acf_changed":false,"footnotes":""},"categories":[],"class_list":["post-21178","page","type-page","status-publish","hentry"],"acf":{"imagens":"","titulo_docs_seccao":"","documentos":""},"_links":{"self":[{"href":"https:\/\/www.cm-evora.pt\/en\/wp-json\/wp\/v2\/pages\/21178","targetHints":{"allow":["GET"]}}],"collection":[{"href":"https:\/\/www.cm-evora.pt\/en\/wp-json\/wp\/v2\/pages"}],"about":[{"href":"https:\/\/www.cm-evora.pt\/en\/wp-json\/wp\/v2\/types\/page"}],"author":[{"embeddable":true,"href":"https:\/\/www.cm-evora.pt\/en\/wp-json\/wp\/v2\/users\/45"}],"replies":[{"embeddable":true,"href":"https:\/\/www.cm-evora.pt\/en\/wp-json\/wp\/v2\/comments?post=21178"}],"version-history":[{"count":2,"href":"https:\/\/www.cm-evora.pt\/en\/wp-json\/wp\/v2\/pages\/21178\/revisions"}],"predecessor-version":[{"id":21186,"href":"https:\/\/www.cm-evora.pt\/en\/wp-json\/wp\/v2\/pages\/21178\/revisions\/21186"}],"up":[{"embeddable":true,"href":"https:\/\/www.cm-evora.pt\/en\/wp-json\/wp\/v2\/pages\/10391"}],"wp:attachment":[{"href":"https:\/\/www.cm-evora.pt\/en\/wp-json\/wp\/v2\/media?parent=21178"}],"wp:term":[{"taxonomy":"category","embeddable":true,"href":"https:\/\/www.cm-evora.pt\/en\/wp-json\/wp\/v2\/categories?post=21178"}],"curies":[{"name":"wp","href":"https:\/\/api.w.org\/{rel}","templated":true}]}}