{"id":21188,"date":"2021-02-25T14:51:57","date_gmt":"2021-02-25T14:51:57","guid":{"rendered":"https:\/\/www.cm-evora.pt\/?page_id=21188"},"modified":"2022-02-09T13:18:40","modified_gmt":"2022-02-09T13:18:40","slug":"equipamentos-e-infraestruturas","status":"publish","type":"page","link":"https:\/\/www.cm-evora.pt\/en\/municipe\/projetos-municipais\/pel-projeto-educativo-local\/equipamentos-e-infraestruturas\/","title":{"rendered":"(Portugu\u00eas) Equipamentos e infraestruturas"},"content":{"rendered":"<p class=\"qtranxs-available-languages-message qtranxs-available-languages-message-en\">Sorry, this entry is only available in <a href=\"https:\/\/www.cm-evora.pt\/pt\/wp-json\/wp\/v2\/pages\/21188\" class=\"qtranxs-available-language-link qtranxs-available-language-link-pt\" title=\"Portugu\u00eas\">Portugu\u00eas<\/a>.<\/p><p>O <strong>Projeto Educativo Local (PEL)<\/strong> de \u00c9vora \u00e9 um projeto din\u00e2mico, vivo e em constante rela\u00e7\u00e3o. Envolve pessoas, veicula conhecimento, promove experi\u00eancias. Os espa\u00e7os tornam poss\u00edveis acontecimentos e nesse sentido, o PEL \u00e9 um projeto que ganha espa\u00e7o com os equipamentos e estruturas, na medida em que estes promovem capacidade de educar pelo contacto, pela experimenta\u00e7\u00e3o, pelo envolvimento. \u00c9vora ganha espa\u00e7o quando estes espa\u00e7os ganham vida e fortalecem o pr\u00f3prio Projeto Educativo Local de \u00c9vora.<\/p>\n<p>&nbsp;<\/p>\n<p style=\"text-align: center\"><iframe loading=\"lazy\" src=\"https:\/\/www.google.com\/maps\/d\/embed?mid=1HxZqLV5WEUorIWsaKjpSUt4Bc7d3WoS6\" width=\"640\" height=\"480\"><span data-mce-type=\"bookmark\" style=\"width: 0px;overflow: hidden;line-height: 0\" class=\"mce_SELRES_start\">\ufeff<\/span><\/iframe><\/p>\n<h5 style=\"text-align: center\">Amplie o mapa para conhecer os equipamentos e infraestruturas por \u00e1rea de interven\u00e7\u00e3o do PEL.<\/h5>\n<p><\/p>","protected":false},"excerpt":{"rendered":"<p>Sorry, this entry is only available in Portugu\u00eas.O Projeto Educativo Local (PEL) de \u00c9vora \u00e9 um projeto din\u00e2mico, vivo e em constante rela\u00e7\u00e3o. Envolve pessoas, veicula conhecimento, promove experi\u00eancias. Os espa\u00e7os tornam poss\u00edveis acontecimentos e nesse sentido, o PEL \u00e9 um projeto que ganha espa\u00e7o com os equipamentos e estruturas, na medida em que estes [&hellip;]<\/p>\n","protected":false},"author":45,"featured_media":0,"parent":2583,"menu_order":2,"comment_status":"closed","ping_status":"closed","template":"templates-map\/component-text-layout1.php","meta":{"_acf_changed":false,"footnotes":""},"categories":[],"class_list":["post-21188","page","type-page","status-publish","hentry"],"acf":{"imagens":"","titulo_docs_seccao":"","documentos":""},"_links":{"self":[{"href":"https:\/\/www.cm-evora.pt\/en\/wp-json\/wp\/v2\/pages\/21188","targetHints":{"allow":["GET"]}}],"collection":[{"href":"https:\/\/www.cm-evora.pt\/en\/wp-json\/wp\/v2\/pages"}],"about":[{"href":"https:\/\/www.cm-evora.pt\/en\/wp-json\/wp\/v2\/types\/page"}],"author":[{"embeddable":true,"href":"https:\/\/www.cm-evora.pt\/en\/wp-json\/wp\/v2\/users\/45"}],"replies":[{"embeddable":true,"href":"https:\/\/www.cm-evora.pt\/en\/wp-json\/wp\/v2\/comments?post=21188"}],"version-history":[{"count":7,"href":"https:\/\/www.cm-evora.pt\/en\/wp-json\/wp\/v2\/pages\/21188\/revisions"}],"predecessor-version":[{"id":31547,"href":"https:\/\/www.cm-evora.pt\/en\/wp-json\/wp\/v2\/pages\/21188\/revisions\/31547"}],"up":[{"embeddable":true,"href":"https:\/\/www.cm-evora.pt\/en\/wp-json\/wp\/v2\/pages\/2583"}],"wp:attachment":[{"href":"https:\/\/www.cm-evora.pt\/en\/wp-json\/wp\/v2\/media?parent=21188"}],"wp:term":[{"taxonomy":"category","embeddable":true,"href":"https:\/\/www.cm-evora.pt\/en\/wp-json\/wp\/v2\/categories?post=21188"}],"curies":[{"name":"wp","href":"https:\/\/api.w.org\/{rel}","templated":true}]}}