{"id":21593,"date":"2021-03-15T10:56:59","date_gmt":"2021-03-15T10:56:59","guid":{"rendered":"https:\/\/www.cm-evora.pt\/?page_id=21593"},"modified":"2024-01-18T10:59:29","modified_gmt":"2024-01-18T10:59:29","slug":"evora-assumiu-a-candidatura-a-capital-europeia-da-cultura-2027","status":"publish","type":"page","link":"https:\/\/www.cm-evora.pt\/en\/municipe\/areas-de-acao\/evora-capital-europeia-da-cultura-2027\/evora-assumiu-a-candidatura-a-capital-europeia-da-cultura-2027\/","title":{"rendered":"\u00c9vora assumiu a candidatura a Capital Europeia da Cultura 2027"},"content":{"rendered":"<p class=\"qtranxs-available-languages-message qtranxs-available-languages-message-en\">Sorry, this entry is only available in <a href=\"https:\/\/www.cm-evora.pt\/pt\/wp-json\/wp\/v2\/pages\/21593\" class=\"qtranxs-available-language-link qtranxs-available-language-link-pt\" title=\"Portugu\u00eas\">Portugu\u00eas<\/a>.<\/p><p><strong>A Cidade de \u00c9vora assumiu a candidatura a Capital Europeia da Cultura 2027 | The City of \u00c9vora assumed the candidacy for European Capital of Culture 2027<\/strong><\/p>\n<p style=\"text-align: center\"><a href=\"https:\/\/www.cm-evora.pt\/wp-content\/uploads\/2021\/03\/DSC_9018-scaled.jpg\" target=\"_blank\" rel=\"noopener\"><img loading=\"lazy\" decoding=\"async\" class=\"alignnone wp-image-21582 size-full\" src=\"https:\/\/www.cm-evora.pt\/wp-content\/uploads\/2021\/03\/DSC_9018-scaled.jpg\" alt=\"\" width=\"2560\" height=\"1781\" srcset=\"https:\/\/www.cm-evora.pt\/wp-content\/uploads\/2021\/03\/DSC_9018-scaled.jpg 2560w, https:\/\/www.cm-evora.pt\/wp-content\/uploads\/2021\/03\/DSC_9018-300x209.jpg 300w, https:\/\/www.cm-evora.pt\/wp-content\/uploads\/2021\/03\/DSC_9018-1024x712.jpg 1024w, https:\/\/www.cm-evora.pt\/wp-content\/uploads\/2021\/03\/DSC_9018-768x534.jpg 768w, https:\/\/www.cm-evora.pt\/wp-content\/uploads\/2021\/03\/DSC_9018-1536x1068.jpg 1536w, https:\/\/www.cm-evora.pt\/wp-content\/uploads\/2021\/03\/DSC_9018-2048x1424.jpg 2048w, https:\/\/www.cm-evora.pt\/wp-content\/uploads\/2021\/03\/DSC_9018-1320x918.jpg 1320w\" sizes=\"auto, (max-width: 2560px) 100vw, 2560px\" \/><\/a><\/p>\n<p>A candidatura de \u00c9vora a Capital Europeia da Cultura 2027 est\u00e1 estruturada em torno de uma Comiss\u00e3o Executiva constitu\u00edda pelas seguintes entidades: C\u00e2mara Municipal de \u00c9vora, Turismo do Alentejo ERT, Dire\u00e7\u00e3o-Regional de Cultura do Alentejo, Universidade de \u00c9vora, Funda\u00e7\u00e3o Eug\u00e9nio de Almeida, Comunidade Intermunicipal do Alentejo Central, Comiss\u00e3o de Coordena\u00e7\u00e3o de Desenvolvimento Regional do Alentejo e Ag\u00eancia Regional de Promo\u00e7\u00e3o Tur\u00edstica do Alentejo.<\/p>\n<p>Ap\u00f3s a declara\u00e7\u00e3o p\u00fablica do objetivo e na sequ\u00eancia dos primeiros passos vencidos no campo institucional, est\u00e1 em curso o envolvimento dos agentes locais e regionais no processo de candidatura. Com base no lema \u201cAnda, acreditando\u201d, a equipa de miss\u00e3o, com sede na Torre do Salvador e coordena\u00e7\u00e3o de Paula Mota Garcia, est\u00e1 a desenvolver um trabalho de ausculta\u00e7\u00e3o de entidades e agentes de v\u00e1rios setores de atividade, com o prop\u00f3sito de levar a cabo um vasto programa de participa\u00e7\u00e3o p\u00fablica que se estende \u00e0 cidade e \u00e0 regi\u00e3o.<\/p>\n<p>Desta forma, toda a comunidade poder\u00e1 associar-se em torno deste objetivo que, a concretizar-se, ser\u00e1 um importante contributo para o desenvolvimento da cidade de \u00c9vora e da regi\u00e3o do Alentejo.<\/p>\n<p style=\"text-align: center\">&#8212;&#8212;<\/p>\n<p>\u00c9vora\u2019s candidacy for the European Capital of Culture 2027 is structured around an Executive Committee constituted by the following entities: \u00c9vora City Hall, Tourism of the Alentejo ERT, Alentejo Regional Directorate of Culture, \u00c9vora University, Eug\u00e9nio de Almeida Foundation, Inter-municipal Community of Alentejo Central, Commission for Coordination of Regional Development of Alentejo and Regional Agency for Tourism Promotion of Alentejo.<\/p>\n<p>After the public declaration of the objective and following the first steps taken in the institutional field, the involvement of local and regional players in the application process is currently underway. Under the motto \u201cAnda, Acreditando\u201d (believing), the mission team, based in Torre do Salvador and coordinated by Paula Mota Garcia, is carrying out an extensive consultation process of entities and agents from different activity sectors, with the purpose of building a wide public participation program that extends to the city and the region.<\/p>\n<p>Thus, the entire community can be united behind this objective, which, if materialized, will be an important contribution to the development of the city of \u00c9vora and the Alentejo region.<\/p>\n<p>Following the public declaration of the objective and following the first steps in the institutional field, the involvement of local and regional players in the application process is then foreseen. In this way, the entire community, in the various areas of social and economic life of the region, can be associated around this goal, which will be an important contribution to the development of the city of \u00c9vora and the Alentejo region.<\/p>\n<p>&nbsp;<\/p>\n<div><a href=\"https:\/\/www.evora2027.com\/\" target=\"_blank\" rel=\"noopener noreferrer\"><img loading=\"lazy\" decoding=\"async\" class=\"alignleft wp-image-21621\" src=\"https:\/\/www.cm-evora.pt\/wp-content\/uploads\/2021\/03\/Imagem-base.jpg\" alt=\"\" width=\"52\" height=\"52\" srcset=\"https:\/\/www.cm-evora.pt\/wp-content\/uploads\/2021\/03\/Imagem-base.jpg 2048w, https:\/\/www.cm-evora.pt\/wp-content\/uploads\/2021\/03\/Imagem-base-300x300.jpg 300w, https:\/\/www.cm-evora.pt\/wp-content\/uploads\/2021\/03\/Imagem-base-1024x1024.jpg 1024w, https:\/\/www.cm-evora.pt\/wp-content\/uploads\/2021\/03\/Imagem-base-150x150.jpg 150w, https:\/\/www.cm-evora.pt\/wp-content\/uploads\/2021\/03\/Imagem-base-768x768.jpg 768w, https:\/\/www.cm-evora.pt\/wp-content\/uploads\/2021\/03\/Imagem-base-1536x1536.jpg 1536w, https:\/\/www.cm-evora.pt\/wp-content\/uploads\/2021\/03\/Imagem-base-1320x1320.jpg 1320w\" sizes=\"auto, (max-width: 52px) 100vw, 52px\" \/><\/a><a href=\"https:\/\/www.facebook.com\/Evora2027.CidadeCandidata\" target=\"_blank\" rel=\"noopener noreferrer\"><img loading=\"lazy\" decoding=\"async\" class=\"alignleft wp-image-21619\" src=\"https:\/\/www.cm-evora.pt\/wp-content\/uploads\/2021\/03\/LogoFace-e1615809016653-150x150.png\" alt=\"\" width=\"52\" height=\"52\" srcset=\"https:\/\/www.cm-evora.pt\/wp-content\/uploads\/2021\/03\/LogoFace-e1615809016653-150x150.png 150w, https:\/\/www.cm-evora.pt\/wp-content\/uploads\/2021\/03\/LogoFace-e1615809016653-300x300.png 300w, https:\/\/www.cm-evora.pt\/wp-content\/uploads\/2021\/03\/LogoFace-e1615809016653.png 561w\" sizes=\"auto, (max-width: 52px) 100vw, 52px\" \/><\/a> <a href=\"https:\/\/www.instagram.com\/evora2027cidadecandidatacec\/\" target=\"_blank\" rel=\"noopener noreferrer\"><img loading=\"lazy\" decoding=\"async\" class=\"alignleft wp-image-21620\" src=\"https:\/\/www.cm-evora.pt\/wp-content\/uploads\/2021\/03\/LogoInsta-e1615809097847-150x150.jpg\" alt=\"\" width=\"52\" height=\"52\" srcset=\"https:\/\/www.cm-evora.pt\/wp-content\/uploads\/2021\/03\/LogoInsta-e1615809097847-150x150.jpg 150w, https:\/\/www.cm-evora.pt\/wp-content\/uploads\/2021\/03\/LogoInsta-e1615809097847-300x298.jpg 300w, https:\/\/www.cm-evora.pt\/wp-content\/uploads\/2021\/03\/LogoInsta-e1615809097847.jpg 652w\" sizes=\"auto, (max-width: 52px) 100vw, 52px\" \/><\/a><\/div>\n<p><\/p>","protected":false},"excerpt":{"rendered":"<p>Sorry, this entry is only available in Portugu\u00eas.A Cidade de \u00c9vora assumiu a candidatura a Capital Europeia da Cultura 2027 | The City of \u00c9vora assumed the candidacy for European Capital of Culture 2027 A candidatura de \u00c9vora a Capital Europeia da Cultura 2027 est\u00e1 estruturada em torno de uma Comiss\u00e3o Executiva constitu\u00edda pelas seguintes [&hellip;]<\/p>\n","protected":false},"author":45,"featured_media":0,"parent":9100,"menu_order":2,"comment_status":"closed","ping_status":"closed","template":"templates-map\/component-text-layout1.php","meta":{"_acf_changed":false,"footnotes":""},"categories":[],"class_list":["post-21593","page","type-page","status-publish","hentry"],"acf":{"imagens":"","titulo_docs_seccao":"","documentos":[10063,10065,10067,10069]},"_links":{"self":[{"href":"https:\/\/www.cm-evora.pt\/en\/wp-json\/wp\/v2\/pages\/21593","targetHints":{"allow":["GET"]}}],"collection":[{"href":"https:\/\/www.cm-evora.pt\/en\/wp-json\/wp\/v2\/pages"}],"about":[{"href":"https:\/\/www.cm-evora.pt\/en\/wp-json\/wp\/v2\/types\/page"}],"author":[{"embeddable":true,"href":"https:\/\/www.cm-evora.pt\/en\/wp-json\/wp\/v2\/users\/45"}],"replies":[{"embeddable":true,"href":"https:\/\/www.cm-evora.pt\/en\/wp-json\/wp\/v2\/comments?post=21593"}],"version-history":[{"count":5,"href":"https:\/\/www.cm-evora.pt\/en\/wp-json\/wp\/v2\/pages\/21593\/revisions"}],"predecessor-version":[{"id":56964,"href":"https:\/\/www.cm-evora.pt\/en\/wp-json\/wp\/v2\/pages\/21593\/revisions\/56964"}],"up":[{"embeddable":true,"href":"https:\/\/www.cm-evora.pt\/en\/wp-json\/wp\/v2\/pages\/9100"}],"acf:post":[{"embeddable":true,"href":"https:\/\/www.cm-evora.pt\/en\/wp-json\/wp\/v2\/listas_ficheiros\/10069"},{"embeddable":true,"href":"https:\/\/www.cm-evora.pt\/en\/wp-json\/wp\/v2\/listas_ficheiros\/10067"},{"embeddable":true,"href":"https:\/\/www.cm-evora.pt\/en\/wp-json\/wp\/v2\/listas_ficheiros\/10065"},{"embeddable":true,"href":"https:\/\/www.cm-evora.pt\/en\/wp-json\/wp\/v2\/listas_ficheiros\/10063"}],"wp:attachment":[{"href":"https:\/\/www.cm-evora.pt\/en\/wp-json\/wp\/v2\/media?parent=21593"}],"wp:term":[{"taxonomy":"category","embeddable":true,"href":"https:\/\/www.cm-evora.pt\/en\/wp-json\/wp\/v2\/categories?post=21593"}],"curies":[{"name":"wp","href":"https:\/\/api.w.org\/{rel}","templated":true}]}}