{"id":21596,"date":"2021-03-15T10:58:15","date_gmt":"2021-03-15T10:58:15","guid":{"rendered":"https:\/\/www.cm-evora.pt\/?page_id=21596"},"modified":"2025-06-11T14:19:14","modified_gmt":"2025-06-11T13:19:14","slug":"destaques","status":"publish","type":"page","link":"https:\/\/www.cm-evora.pt\/en\/municipe\/areas-de-acao\/evora-capital-europeia-da-cultura-2027\/destaques\/","title":{"rendered":"Destaques"},"content":{"rendered":"<h3><\/h3>\n<h3><strong>\u00c9VORA \u00c9 CAPITAL EUROPEIA DA CULTURA EM 2027<\/strong><\/h3>\n<p style=\"text-align: center\"><a href=\"https:\/\/www.cm-evora.pt\/wp-content\/uploads\/2023\/02\/DJI_0002-scaled.jpg\" target=\"_blank\" rel=\"noopener\"><img loading=\"lazy\" decoding=\"async\" class=\"alignnone wp-image-45249 size-full\" src=\"https:\/\/www.cm-evora.pt\/wp-content\/uploads\/2023\/02\/DJI_0002-scaled.jpg\" alt=\"\" width=\"2560\" height=\"1707\" srcset=\"https:\/\/www.cm-evora.pt\/wp-content\/uploads\/2023\/02\/DJI_0002-scaled.jpg 2560w, https:\/\/www.cm-evora.pt\/wp-content\/uploads\/2023\/02\/DJI_0002-300x200.jpg 300w, https:\/\/www.cm-evora.pt\/wp-content\/uploads\/2023\/02\/DJI_0002-1024x683.jpg 1024w, https:\/\/www.cm-evora.pt\/wp-content\/uploads\/2023\/02\/DJI_0002-768x512.jpg 768w, https:\/\/www.cm-evora.pt\/wp-content\/uploads\/2023\/02\/DJI_0002-1536x1024.jpg 1536w, https:\/\/www.cm-evora.pt\/wp-content\/uploads\/2023\/02\/DJI_0002-2048x1365.jpg 2048w, https:\/\/www.cm-evora.pt\/wp-content\/uploads\/2023\/02\/DJI_0002-1320x880.jpg 1320w\" sizes=\"auto, (max-width: 2560px) 100vw, 2560px\" \/><\/a><\/p>\n<h6><span style=\"text-decoration: underline\">Cr\u00e9ditos<\/span>: Fu Qiang para \u00c9vora_27<\/h6>\n<p>&nbsp;<\/p>\n<p>\u00c9vora, e o Alentejo, ser\u00e3o Capital Europeia da Cultura (CEC) em 2027, levando o VAGAR \u00e0 Europa e ao mundo. Ao receber o t\u00edtulo, \u00c9vora representar\u00e1 Portugal no maior evento cultural da Europa, a par da cidade de Liep\u0101ja, na Let\u00f3nia, que tamb\u00e9m ser\u00e1 CEC em 2027.<\/p>\n<p>A decis\u00e3o do painel internacional de especialistas que avaliava as quatro candidaturas finalistas (para al\u00e9m de \u00c9vora, estavam na corrida Aveiro, Braga e Ponta Delgada), foi anunciada a 07 de dezembro de 2022, em Lisboa, e representa o culminar de um processo de candidatura longo, exigente e complexo, que no caso de \u00c9vora, come\u00e7ou em 2017. Esta \u00e9 a quarta vez que uma cidade portuguesa \u00e9 distinguida com o t\u00edtulo, depois de Lisboa, Porto e Guimar\u00e3es, e a primeira vez que v\u00e1rias cidades \u2013 12 no total \u2013 concorreram.<\/p>\n<p>No centro da candidatura de \u00c9vora, e do Alentejo, a Capital Europeia da Cultura est\u00e1 o conceito de \u201cvagar\u201d ligado \u00e0 identidade cultural alentejana, visto sob um novo prisma, multifacetado, amplificado e re-significado. A proposta de \u00c9vora 2027 baseia-se na convic\u00e7\u00e3o de que a criatividade do povo alentejano, o seu modo distinto de ser e de estar \u2013 o seu vagar \u2013 podem contribuir para encontrar solu\u00e7\u00f5es sustent\u00e1veis, inclusivas e belas para os principais desafios que enfrentamos enquanto europeus.<\/p>\n<p>\u00c9vora ser\u00e1 Capital Europeia da Cultura para afirmar o VAGAR como \u201cuma outra arte de exist\u00eancia para a Humanidade\u201d. Atrav\u00e9s de um programa cultural e art\u00edstico que cruza a arte e a ci\u00eancia, artistas e p\u00fablicos, local e global, \u00c9vora prop\u00f5e transformar-se num lugar que questiona, provoca, testa modelos e partilha solu\u00e7\u00f5es para um futuro melhor na Europa e no mundo. E nesse impulso, pretende reabrir-se ao resto do continente europeu e do mundo, dando voz e visibilidade a este territ\u00f3rio e \u00e0s suas comunidades.<\/p>\n<p>A partir de \u00c9vora, e do Alentejo, \u00c9vora 2027 prop\u00f5e elevar o VAGAR \u2013 enquanto consci\u00eancia plena de que n\u00f3s, enquanto humanos, estamos sempre em rela\u00e7\u00e3o com tudo o que nos rodeia \u2013 partilhando-o com a Europa e o mundo, num projeto que transformar\u00e1 a cidade e a regi\u00e3o, at\u00e9 2027 e mais al\u00e9m. Um processo mobilizador, atrativo e ativo, envolvendo o maior n\u00famero poss\u00edvel de pessoas, e que devolva a \u00c9vora, e ao Alentejo, o lugar que lhes cabe na constru\u00e7\u00e3o de uma nova vaga para a humanidade.<\/p>\n<p>&nbsp;<\/p>\n<h4><strong>A caminho de 2027, construindo um futuro comum<\/strong><\/h4>\n<p style=\"text-align: center\"><a href=\"https:\/\/www.cm-evora.pt\/wp-content\/uploads\/2023\/02\/IMG_5806-scaled.jpg\"><img loading=\"lazy\" decoding=\"async\" class=\"alignnone size-full wp-image-45250\" src=\"https:\/\/www.cm-evora.pt\/wp-content\/uploads\/2023\/02\/IMG_5806-scaled.jpg\" alt=\"\" width=\"2560\" height=\"1707\" srcset=\"https:\/\/www.cm-evora.pt\/wp-content\/uploads\/2023\/02\/IMG_5806-scaled.jpg 2560w, https:\/\/www.cm-evora.pt\/wp-content\/uploads\/2023\/02\/IMG_5806-300x200.jpg 300w, https:\/\/www.cm-evora.pt\/wp-content\/uploads\/2023\/02\/IMG_5806-1024x683.jpg 1024w, https:\/\/www.cm-evora.pt\/wp-content\/uploads\/2023\/02\/IMG_5806-768x512.jpg 768w, https:\/\/www.cm-evora.pt\/wp-content\/uploads\/2023\/02\/IMG_5806-1536x1024.jpg 1536w, https:\/\/www.cm-evora.pt\/wp-content\/uploads\/2023\/02\/IMG_5806-2048x1365.jpg 2048w, https:\/\/www.cm-evora.pt\/wp-content\/uploads\/2023\/02\/IMG_5806-1320x880.jpg 1320w\" sizes=\"auto, (max-width: 2560px) 100vw, 2560px\" \/><\/a><\/p>\n<h6><span style=\"text-decoration: underline\">Cr\u00e9ditos<\/span>: Fu Qiang para \u00c9vora_27<\/h6>\n<p>&nbsp;<\/p>\n<p>A candidatura de \u00c9vora a Capital Europeia da Cultura foi anunciada em 2017, no Sal\u00e3o de Paris, assumindo a designa\u00e7\u00e3o \u201c\u00c9vora 2027\u201d. Partiu do firme compromisso pol\u00edtico de um conjunto de entidades do territ\u00f3rio, que se juntaram para formar a Comiss\u00e3o Executiva \u00c9vora 2027, liderada pela C\u00e2mara Municipal de \u00c9vora, e que integra a Dire\u00e7\u00e3o Regional de Cultura do Alentejo, a Universidade de \u00c9vora, a Comunidade Intermunicipal do Alentejo Central, a Comiss\u00e3o de Coordena\u00e7\u00e3o de Desenvolvimento Regional do Alentejo, o Turismo do Alentejo \u2013 ERT, a Funda\u00e7\u00e3o Eug\u00e9nio de Almeida e a Ag\u00eancia Regional de Promo\u00e7\u00e3o Tur\u00edstica do Alentejo \u2013 ARPTA. Uma candidatura da cidade, \u00c9vora, e do seu territ\u00f3rio envolvente, o Alentejo, em toda a sua riqueza e diversidade que conta tamb\u00e9m com o apoio das quatro comunidades intermunicipais do Alentejo, que representam os 47 munic\u00edpios da regi\u00e3o.<\/p>\n<p>Para desenvolver o processo de candidatura foi criada, em 2019, uma Equipa de Miss\u00e3o que implementou um amplo processo de participa\u00e7\u00e3o, com o objetivo de sentir o pulsar do territ\u00f3rio, perceber quais as quest\u00f5es mais relevantes para as pessoas e as comunidades, e envolver o maior n\u00famero poss\u00edvel de pessoas num processo coletivo movido por um objetivo comum.<\/p>\n<p>Ser Capital Europeia da Cultura significa, para as cidades escolhidas, a oportunidade de refor\u00e7ar o sentido de comunidade e de perten\u00e7a, de se regenerar e requalificar, e atrav\u00e9s da cultura, impulsionar a economia local e a constru\u00e7\u00e3o de um futuro comum. Permite aprofundar o significado de diversidade, revelar o que nos torna \u00fanicos, mas tamb\u00e9m o que nos liga enquanto europeus. Com a cultura como motor de mudan\u00e7a e na rela\u00e7\u00e3o com outras dimens\u00f5es implicadas no desenvolvimento de uma cidade, a Capital Europeia da Cultura \u00e9 uma iniciativa com um profundo impacto cultural, econ\u00f3mico, social e tur\u00edstico imediato e a longo prazo na cidade que recebe o t\u00edtulo.<\/p>\n<p>&nbsp;<\/p>\n<p><em>Pode acompanhar:<\/em><\/p>\n<ul>\n<li style=\"list-style-type: none\">\n<ul>\n<li><a href=\"https:\/\/www.facebook.com\/Evora2027.CapitalEuropeiadaCultura\" target=\"_blank\" rel=\"noopener\">Facebook<\/a><\/li>\n<li><a href=\"https:\/\/www.instagram.com\/evora_2027\/\" target=\"_blank\" rel=\"noopener\">Instagram<\/a><\/li>\n<li><a href=\"https:\/\/www.youtube.com\/evora2027\" target=\"_blank\" rel=\"noopener\">Youtube<\/a><\/li>\n<\/ul>\n<\/li>\n<\/ul>\n<p>&nbsp;<\/p>\n<p><em>Mais informa\u00e7\u00e3o:<\/em><\/p>\n<ul>\n<li style=\"list-style-type: none\">\n<ul>\n<li><a href=\"http:\/\/www.evora2027.com\" target=\"_blank\" rel=\"noopener\">www.evora2027.com<\/a><\/li>\n<li><a href=\"mailto:info@evora2027.com\" target=\"_blank\" rel=\"noopener\">info@evora2027.com<\/a><\/li>\n<li><a href=\"mailto:press@evora2027.com\" target=\"_blank\" rel=\"noopener\">press@evora2027.com<\/a><\/li>\n<\/ul>\n<\/li>\n<\/ul>\n<p>&nbsp;<\/p>\n<p><em>Contactos:<\/em><\/p>\n<ul>\n<li style=\"list-style-type: none\">\n<ul>\n<li><u>Morada<\/u>: Torre do Salvador, Rua de Oliven\u00e7a, n\u00ba 3, 7000-866 \u00c9vora<\/li>\n<li><u>Telem\u00f3vel<\/u>: <a href=\"tel:+351966020850\" target=\"_blank\" rel=\"noopener\">+351 966 020 850<\/a> \u00abChamada para rede m\u00f3vel nacional\u00bb<\/li>\n<\/ul>\n<\/li>\n<\/ul>\n<p>&nbsp;<\/p>\n<p><em>Brochura Promocional \u00c9vora 27:<\/em><\/p>\n<p><a href=\"https:\/\/www.cm-evora.pt\/wp-content\/uploads\/2023\/01\/E27_VAGAR_Brochura_AF_SemMargensCorte.pdf\" target=\"_blank\" rel=\"noopener\">Brochura promocional \u00c9vora 27.pdf<\/a><\/p>\n<p>&nbsp;<\/p>\n<p><em>Plano Estrat\u00e9gico de \u00c9vora 2030:<\/em><\/p>\n<p><a href=\"https:\/\/www.cm-evora.pt\/wp-content\/uploads\/2025\/06\/Plano-Estrategico-Evora-2030_vf.pdf\" target=\"_blank\" rel=\"noopener\">Plano Estrat\u00e9gico de \u00c9vora 2030.pdf<\/a><\/p>\n<p>&nbsp;<\/p>\n<p><em>Plano Estrat\u00e9gico para a Cultura de \u00c9vora:<\/em><\/p>\n<p><a href=\"https:\/\/www.cm-evora.pt\/wp-content\/uploads\/2025\/06\/PECE_VF.pdf\" target=\"_blank\" rel=\"noopener\">Plano Estrat\u00e9gico para a Cultura de \u00c9vora.pdf<\/a><\/p>\n<p>&nbsp;<\/p>\n<p><em>First Progress Report for Monitoring Panel:<\/em><\/p>\n<p><a href=\"https:\/\/www.cm-evora.pt\/wp-content\/uploads\/2025\/06\/FirstMR_Evora_2027.pdf\" target=\"_blank\" rel=\"noopener\">First Progress Report for Monitoring Panel.pdf<\/a><\/p>\n","protected":false},"excerpt":{"rendered":"<p>\u00c9VORA \u00c9 CAPITAL EUROPEIA DA CULTURA EM 2027 Cr\u00e9ditos: Fu Qiang para \u00c9vora_27 &nbsp; \u00c9vora, e o Alentejo, ser\u00e3o Capital Europeia da Cultura (CEC) em 2027, levando o VAGAR \u00e0 Europa e ao mundo. Ao receber o t\u00edtulo, \u00c9vora representar\u00e1 Portugal no maior evento cultural da Europa, a par da cidade de Liep\u0101ja, na Let\u00f3nia, [&hellip;]<\/p>\n","protected":false},"author":45,"featured_media":0,"parent":9100,"menu_order":0,"comment_status":"closed","ping_status":"closed","template":"templates-map\/component-text-layout1.php","meta":{"_acf_changed":false,"footnotes":""},"categories":[],"class_list":["post-21596","page","type-page","status-publish","hentry"],"acf":{"imagens":"","titulo_docs_seccao":"","documentos":""},"_links":{"self":[{"href":"https:\/\/www.cm-evora.pt\/en\/wp-json\/wp\/v2\/pages\/21596","targetHints":{"allow":["GET"]}}],"collection":[{"href":"https:\/\/www.cm-evora.pt\/en\/wp-json\/wp\/v2\/pages"}],"about":[{"href":"https:\/\/www.cm-evora.pt\/en\/wp-json\/wp\/v2\/types\/page"}],"author":[{"embeddable":true,"href":"https:\/\/www.cm-evora.pt\/en\/wp-json\/wp\/v2\/users\/45"}],"replies":[{"embeddable":true,"href":"https:\/\/www.cm-evora.pt\/en\/wp-json\/wp\/v2\/comments?post=21596"}],"version-history":[{"count":25,"href":"https:\/\/www.cm-evora.pt\/en\/wp-json\/wp\/v2\/pages\/21596\/revisions"}],"predecessor-version":[{"id":75207,"href":"https:\/\/www.cm-evora.pt\/en\/wp-json\/wp\/v2\/pages\/21596\/revisions\/75207"}],"up":[{"embeddable":true,"href":"https:\/\/www.cm-evora.pt\/en\/wp-json\/wp\/v2\/pages\/9100"}],"wp:attachment":[{"href":"https:\/\/www.cm-evora.pt\/en\/wp-json\/wp\/v2\/media?parent=21596"}],"wp:term":[{"taxonomy":"category","embeddable":true,"href":"https:\/\/www.cm-evora.pt\/en\/wp-json\/wp\/v2\/categories?post=21596"}],"curies":[{"name":"wp","href":"https:\/\/api.w.org\/{rel}","templated":true}]}}