{"id":21686,"date":"2021-03-16T16:42:46","date_gmt":"2021-03-16T16:42:46","guid":{"rendered":"https:\/\/www.cm-evora.pt\/?page_id=21686"},"modified":"2021-03-16T16:51:30","modified_gmt":"2021-03-16T16:51:30","slug":"habevora","status":"publish","type":"page","link":"https:\/\/www.cm-evora.pt\/en\/municipe\/areas-de-acao\/habevora\/","title":{"rendered":"(Portugu\u00eas) Hab\u00e9vora"},"content":{"rendered":"<p class=\"qtranxs-available-languages-message qtranxs-available-languages-message-en\">Sorry, this entry is only available in <a href=\"https:\/\/www.cm-evora.pt\/pt\/wp-json\/wp\/v2\/pages\/21686\" class=\"qtranxs-available-language-link qtranxs-available-language-link-pt\" title=\"Portugu\u00eas\">Portugu\u00eas<\/a>.<\/p><p><img loading=\"lazy\" decoding=\"async\" class=\"alignnone size-full wp-image-21689\" src=\"https:\/\/www.cm-evora.pt\/wp-content\/uploads\/2021\/03\/HabE\u0301vora.jpeg\" alt=\"\" width=\"854\" height=\"376\" srcset=\"https:\/\/www.cm-evora.pt\/wp-content\/uploads\/2021\/03\/HabE\u0301vora.jpeg 854w, https:\/\/www.cm-evora.pt\/wp-content\/uploads\/2021\/03\/HabE\u0301vora-300x132.jpeg 300w, https:\/\/www.cm-evora.pt\/wp-content\/uploads\/2021\/03\/HabE\u0301vora-768x338.jpeg 768w\" sizes=\"auto, (max-width: 854px) 100vw, 854px\" \/><\/p>\n<p>\u201cA Hab\u00e9vora assume como miss\u00e3o estrat\u00e9gica a presta\u00e7\u00e3o de servi\u00e7os de gest\u00e3o de elevada qualidade em todas as suas \u00e1reas de atua\u00e7\u00e3o, com custos que representem ganhos globais para o Munic\u00edpio e, simultaneamente, com um elevado n\u00edvel de satisfa\u00e7\u00e3o social de todos os mun\u00edcipes que pretende servir.\u201d<\/p>\n<p>&nbsp;<\/p>\n<p>Para saber mais sobre a Hab\u00e9vora consulte a p\u00e1gina da mesma em <a href=\"http:\/\/www.habevora.pt\" target=\"_blank\" rel=\"noopener noreferrer\">www.habevora.pt<\/a>.<\/p>","protected":false},"excerpt":{"rendered":"<p>Sorry, this entry is only available in Portugu\u00eas. \u201cA Hab\u00e9vora assume como miss\u00e3o estrat\u00e9gica a presta\u00e7\u00e3o de servi\u00e7os de gest\u00e3o de elevada qualidade em todas as suas \u00e1reas de atua\u00e7\u00e3o, com custos que representem ganhos globais para o Munic\u00edpio e, simultaneamente, com um elevado n\u00edvel de satisfa\u00e7\u00e3o social de todos os mun\u00edcipes que pretende servir.\u201d [&hellip;]<\/p>\n","protected":false},"author":45,"featured_media":0,"parent":1300,"menu_order":10,"comment_status":"closed","ping_status":"closed","template":"templates-map\/component-text-layout1.php","meta":{"_acf_changed":false,"footnotes":""},"categories":[],"class_list":["post-21686","page","type-page","status-publish","hentry"],"acf":{"imagens":"","titulo_docs_seccao":"","documentos":""},"_links":{"self":[{"href":"https:\/\/www.cm-evora.pt\/en\/wp-json\/wp\/v2\/pages\/21686","targetHints":{"allow":["GET"]}}],"collection":[{"href":"https:\/\/www.cm-evora.pt\/en\/wp-json\/wp\/v2\/pages"}],"about":[{"href":"https:\/\/www.cm-evora.pt\/en\/wp-json\/wp\/v2\/types\/page"}],"author":[{"embeddable":true,"href":"https:\/\/www.cm-evora.pt\/en\/wp-json\/wp\/v2\/users\/45"}],"replies":[{"embeddable":true,"href":"https:\/\/www.cm-evora.pt\/en\/wp-json\/wp\/v2\/comments?post=21686"}],"version-history":[{"count":2,"href":"https:\/\/www.cm-evora.pt\/en\/wp-json\/wp\/v2\/pages\/21686\/revisions"}],"predecessor-version":[{"id":21690,"href":"https:\/\/www.cm-evora.pt\/en\/wp-json\/wp\/v2\/pages\/21686\/revisions\/21690"}],"up":[{"embeddable":true,"href":"https:\/\/www.cm-evora.pt\/en\/wp-json\/wp\/v2\/pages\/1300"}],"wp:attachment":[{"href":"https:\/\/www.cm-evora.pt\/en\/wp-json\/wp\/v2\/media?parent=21686"}],"wp:term":[{"taxonomy":"category","embeddable":true,"href":"https:\/\/www.cm-evora.pt\/en\/wp-json\/wp\/v2\/categories?post=21686"}],"curies":[{"name":"wp","href":"https:\/\/api.w.org\/{rel}","templated":true}]}}