{"id":22,"date":"2016-11-28T14:56:25","date_gmt":"2016-11-28T14:56:25","guid":{"rendered":"https:\/\/evora2.int.skilltech.pt\/susProjects\/wp_evora2_suite\/?page_id=22"},"modified":"2024-07-23T14:29:21","modified_gmt":"2024-07-23T13:29:21","slug":"municipe","status":"publish","type":"page","link":"https:\/\/www.cm-evora.pt\/en\/municipe\/","title":{"rendered":"CITIZEN"},"content":{"rendered":"<p class=\"qtranxs-available-languages-message qtranxs-available-languages-message-en\">Sorry, this entry is only available in <a href=\"https:\/\/www.cm-evora.pt\/pt\/wp-json\/wp\/v2\/pages\/22\" class=\"qtranxs-available-language-link qtranxs-available-language-link-pt\" title=\"Portugu\u00eas\">Portugu\u00eas<\/a>.<\/p><p><\/p>\n<p style=\"text-align: center\"><a href=\"https:\/\/www.cm-evora.pt\/wp-content\/uploads\/2023\/05\/AF_AreaDoMunicipe2-01.png\" target=\"_blank\" rel=\"noopener\"><img loading=\"lazy\" decoding=\"async\" class=\"alignnone wp-image-48937 size-full\" src=\"https:\/\/www.cm-evora.pt\/wp-content\/uploads\/2023\/05\/AF_AreaDoMunicipe2-01.png\" alt=\"\" width=\"2988\" height=\"2009\" srcset=\"https:\/\/www.cm-evora.pt\/wp-content\/uploads\/2023\/05\/AF_AreaDoMunicipe2-01.png 2988w, https:\/\/www.cm-evora.pt\/wp-content\/uploads\/2023\/05\/AF_AreaDoMunicipe2-01-300x202.png 300w, https:\/\/www.cm-evora.pt\/wp-content\/uploads\/2023\/05\/AF_AreaDoMunicipe2-01-1024x688.png 1024w, https:\/\/www.cm-evora.pt\/wp-content\/uploads\/2023\/05\/AF_AreaDoMunicipe2-01-768x516.png 768w, https:\/\/www.cm-evora.pt\/wp-content\/uploads\/2023\/05\/AF_AreaDoMunicipe2-01-1536x1033.png 1536w, https:\/\/www.cm-evora.pt\/wp-content\/uploads\/2023\/05\/AF_AreaDoMunicipe2-01-2048x1377.png 2048w, https:\/\/www.cm-evora.pt\/wp-content\/uploads\/2023\/05\/AF_AreaDoMunicipe2-01-1320x888.png 1320w\" sizes=\"auto, (max-width: 2988px) 100vw, 2988px\" \/><\/a><\/p>\n<p>&nbsp;<\/p>\n<p><strong>Os Mun\u00edcipes t\u00eam sido e ser\u00e3o sempre a primeira prioridade<\/strong><\/p>\n<p>Quer seja em sentido individual ou em representa\u00e7\u00e3o coletiva, atrav\u00e9s de associa\u00e7\u00f5es, clubes, organiza\u00e7\u00f5es populares de base social, ou grupos organizados de interesses comuns, o objetivo final do trabalho dos autarcas e de toda a estrutura municipal s\u00e3o as pessoas que vivem e fazem viver o Concelho.<br \/>\nNos \u00faltimos dois mandatos foi poss\u00edvel desenvolver um modelo de gest\u00e3o municipal em que a democracia participativa tem sido um dos pilares essenciais: ouvir pessoas e institui\u00e7\u00f5es, incorporar na a\u00e7\u00e3o municipal esperan\u00e7as, inquieta\u00e7\u00f5es, reivindica\u00e7\u00f5es, dificuldades, ideias, propostas. Desde modo t\u00eam sido criados processos e rotinas de gest\u00e3o que associam a participa\u00e7\u00e3o efetiva dos cidad\u00e3os e as suas organiza\u00e7\u00f5es na din\u00e2mica de gest\u00e3o do Munic\u00edpio, salvaguardando sempre o respeito pela autonomia m\u00fatua.<br \/>\nA participa\u00e7\u00e3o popular, nas suas mais diversas formas, \u00e9 decisiva para o desenvolvimento futuro de \u00c9vora pelo que esta \u00e9 uma pr\u00e1tica permanente que deve ser mantida e desenvolvida.<\/p>\n<p><\/p>","protected":false},"excerpt":{"rendered":"<p>Sorry, this entry is only available in Portugu\u00eas. &nbsp; Os Mun\u00edcipes t\u00eam sido e ser\u00e3o sempre a primeira prioridade Quer seja em sentido individual ou em representa\u00e7\u00e3o coletiva, atrav\u00e9s de associa\u00e7\u00f5es, clubes, organiza\u00e7\u00f5es populares de base social, ou grupos organizados de interesses comuns, o objetivo final do trabalho dos autarcas e de toda a estrutura [&hellip;]<\/p>\n","protected":false},"author":1,"featured_media":0,"parent":0,"menu_order":0,"comment_status":"closed","ping_status":"closed","template":"templates-map\/component-text-layout1.php","meta":{"_acf_changed":false,"footnotes":""},"categories":[],"class_list":["post-22","page","type-page","status-publish","hentry"],"acf":{"imagens":"","titulo_docs_seccao":"","documentos":""},"_links":{"self":[{"href":"https:\/\/www.cm-evora.pt\/en\/wp-json\/wp\/v2\/pages\/22","targetHints":{"allow":["GET"]}}],"collection":[{"href":"https:\/\/www.cm-evora.pt\/en\/wp-json\/wp\/v2\/pages"}],"about":[{"href":"https:\/\/www.cm-evora.pt\/en\/wp-json\/wp\/v2\/types\/page"}],"author":[{"embeddable":true,"href":"https:\/\/www.cm-evora.pt\/en\/wp-json\/wp\/v2\/users\/1"}],"replies":[{"embeddable":true,"href":"https:\/\/www.cm-evora.pt\/en\/wp-json\/wp\/v2\/comments?post=22"}],"version-history":[{"count":24,"href":"https:\/\/www.cm-evora.pt\/en\/wp-json\/wp\/v2\/pages\/22\/revisions"}],"predecessor-version":[{"id":64050,"href":"https:\/\/www.cm-evora.pt\/en\/wp-json\/wp\/v2\/pages\/22\/revisions\/64050"}],"wp:attachment":[{"href":"https:\/\/www.cm-evora.pt\/en\/wp-json\/wp\/v2\/media?parent=22"}],"wp:term":[{"taxonomy":"category","embeddable":true,"href":"https:\/\/www.cm-evora.pt\/en\/wp-json\/wp\/v2\/categories?post=22"}],"curies":[{"name":"wp","href":"https:\/\/api.w.org\/{rel}","templated":true}]}}