{"id":22665,"date":"2021-05-06T09:50:43","date_gmt":"2021-05-06T08:50:43","guid":{"rendered":"https:\/\/www.cm-evora.pt\/?page_id=22665"},"modified":"2024-06-05T09:13:16","modified_gmt":"2024-06-05T08:13:16","slug":"recrutamento","status":"publish","type":"page","link":"https:\/\/www.cm-evora.pt\/en\/municipe\/camara-municipal\/recursos-humanos\/recrutamento\/","title":{"rendered":"Recrutamento"},"content":{"rendered":"<p>A partir de 03\/01\/2024 todas as candidaturas dever\u00e3o ser submetidas obrigatoriamente\/exclusivamente atrav\u00e9s da <strong>Plataforma de Recrutamento do Munic\u00edpio de \u00c9vora<\/strong>, dispon\u00edvel em <a href=\"https:\/\/recrutamento.cm-evora.pt\/\" target=\"_blank\" rel=\"noopener\">https:\/\/recrutamento.cm-evora.pt\/<\/a>, n\u00e3o sendo aceite qualquer documenta\u00e7\u00e3o em papel entregue por outra via.<\/p>\n<p>Para consulta de documenta\u00e7\u00e3o relativa a procedimentos concursais anteriores a 03\/01\/2024, consultar aqui:<\/p>\n<ul>\n<li style=\"list-style-type: none\">\n<ul>\n<li><a href=\"https:\/\/www.cm-evora.pt\/dirigentes-e-tecnicos-superiores\/\" target=\"_blank\" rel=\"noopener\">Dirigentes e T\u00e9cnicos Superiores<\/a>,<\/li>\n<li><a href=\"https:\/\/www.cm-evora.pt\/coordenadores-e-assistentes-tecnicos\/\" target=\"_blank\" rel=\"noopener\">Coordenadores e Assistentes T\u00e9cnicos<\/a>,<\/li>\n<li><a href=\"https:\/\/www.cm-evora.pt\/assistentes-operacionais\/\" target=\"_blank\" rel=\"noopener\">Assistentes Operacionais<\/a>,<\/li>\n<li><a href=\"https:\/\/www.cm-evora.pt\/atividades-de-enriquecimento-curricular-2023-2024\/\" target=\"_blank\" rel=\"noopener\">Atividades de Enriquecimento Curricular 2023\/2024<\/a>.<\/li>\n<\/ul>\n<\/li>\n<\/ul>\n","protected":false},"excerpt":{"rendered":"<p>A partir de 03\/01\/2024 todas as candidaturas dever\u00e3o ser submetidas obrigatoriamente\/exclusivamente atrav\u00e9s da Plataforma de Recrutamento do Munic\u00edpio de \u00c9vora, dispon\u00edvel em https:\/\/recrutamento.cm-evora.pt\/, n\u00e3o sendo aceite qualquer documenta\u00e7\u00e3o em papel entregue por outra via. Para consulta de documenta\u00e7\u00e3o relativa a procedimentos concursais anteriores a 03\/01\/2024, consultar aqui: Dirigentes e T\u00e9cnicos Superiores, Coordenadores e Assistentes T\u00e9cnicos, [&hellip;]<\/p>\n","protected":false},"author":45,"featured_media":0,"parent":1444,"menu_order":3,"comment_status":"closed","ping_status":"closed","template":"templates-map\/component-text-layout1.php","meta":{"_acf_changed":false,"footnotes":""},"categories":[],"class_list":["post-22665","page","type-page","status-publish","hentry"],"acf":{"imagens":"","titulo_docs_seccao":"","documentos":""},"_links":{"self":[{"href":"https:\/\/www.cm-evora.pt\/en\/wp-json\/wp\/v2\/pages\/22665","targetHints":{"allow":["GET"]}}],"collection":[{"href":"https:\/\/www.cm-evora.pt\/en\/wp-json\/wp\/v2\/pages"}],"about":[{"href":"https:\/\/www.cm-evora.pt\/en\/wp-json\/wp\/v2\/types\/page"}],"author":[{"embeddable":true,"href":"https:\/\/www.cm-evora.pt\/en\/wp-json\/wp\/v2\/users\/45"}],"replies":[{"embeddable":true,"href":"https:\/\/www.cm-evora.pt\/en\/wp-json\/wp\/v2\/comments?post=22665"}],"version-history":[{"count":6,"href":"https:\/\/www.cm-evora.pt\/en\/wp-json\/wp\/v2\/pages\/22665\/revisions"}],"predecessor-version":[{"id":56897,"href":"https:\/\/www.cm-evora.pt\/en\/wp-json\/wp\/v2\/pages\/22665\/revisions\/56897"}],"up":[{"embeddable":true,"href":"https:\/\/www.cm-evora.pt\/en\/wp-json\/wp\/v2\/pages\/1444"}],"wp:attachment":[{"href":"https:\/\/www.cm-evora.pt\/en\/wp-json\/wp\/v2\/media?parent=22665"}],"wp:term":[{"taxonomy":"category","embeddable":true,"href":"https:\/\/www.cm-evora.pt\/en\/wp-json\/wp\/v2\/categories?post=22665"}],"curies":[{"name":"wp","href":"https:\/\/api.w.org\/{rel}","templated":true}]}}