{"id":2286,"date":"2019-12-22T17:52:17","date_gmt":"2019-12-22T17:52:17","guid":{"rendered":"https:\/\/evora2.int.skilltech.pt\/susProjects\/wp_evora2_suite\/?page_id=2286"},"modified":"2025-12-30T14:56:27","modified_gmt":"2025-12-30T14:56:27","slug":"servicos-municipais","status":"publish","type":"page","link":"https:\/\/www.cm-evora.pt\/en\/servicos\/servicos-municipais\/","title":{"rendered":"Servi\u00e7os Municipais"},"content":{"rendered":"<p><\/p>\n<h4 style=\"text-align: center\"><strong>CONTACTOS DE PROXIMIDADE \/ Atendimento ao P\u00fablico<\/strong><\/h4>\n<h4><a href=\"https:\/\/www.cm-evora.pt\/wp-content\/uploads\/2021\/01\/RPC4novavisopreviopagcme.jpg\" target=\"_blank\" rel=\"noopener\"><img loading=\"lazy\" decoding=\"async\" class=\"alignnone wp-image-19296 size-full\" src=\"https:\/\/www.cm-evora.pt\/wp-content\/uploads\/2021\/01\/RPC4novavisopreviopagcme.jpg\" alt=\"\" width=\"1920\" height=\"1089\" srcset=\"https:\/\/www.cm-evora.pt\/wp-content\/uploads\/2021\/01\/RPC4novavisopreviopagcme.jpg 1920w, https:\/\/www.cm-evora.pt\/wp-content\/uploads\/2021\/01\/RPC4novavisopreviopagcme-300x170.jpg 300w, https:\/\/www.cm-evora.pt\/wp-content\/uploads\/2021\/01\/RPC4novavisopreviopagcme-1024x581.jpg 1024w, https:\/\/www.cm-evora.pt\/wp-content\/uploads\/2021\/01\/RPC4novavisopreviopagcme-768x436.jpg 768w, https:\/\/www.cm-evora.pt\/wp-content\/uploads\/2021\/01\/RPC4novavisopreviopagcme-1536x871.jpg 1536w, https:\/\/www.cm-evora.pt\/wp-content\/uploads\/2021\/01\/RPC4novavisopreviopagcme-1320x749.jpg 1320w\" sizes=\"auto, (max-width: 1920px) 100vw, 1920px\" \/><\/a><\/h4>\n<p><strong>C\u00e2mara Municipal de \u00c9vora \u2013 Geral<\/strong><\/p>\n<p><u>Telefone<\/u>: <a href=\"tel:+351266777000\" target=\"_blank\" rel=\"noopener\">+351 266 777 000<\/a> \u00abChamada para a rede fixa nacional\u00bb<\/p>\n<p><u>Email<\/u>: <a href=\"mailto:cmevora@cm-evora.pt\" target=\"_blank\" rel=\"noopener\">cmevora@cm-evora.pt<\/a><\/p>\n<p>&nbsp;<\/p>\n<p><strong>Balc\u00e3o \u00danico<\/strong><\/p>\n<p><u>Telefone<\/u>: <a href=\"tel:+351266777084\" target=\"_blank\" rel=\"noopener\">+351 266 777 084<\/a> \u00abChamada para a rede fixa nacional\u00bb<\/p>\n<p><u>Email<\/u>: <a href=\"mailto:balcaounico@cm-evora.pt\" target=\"_blank\" rel=\"noopener\">balcaounico@cm-evora.pt<\/a><\/p>\n<p>&nbsp;<\/p>\n<p><strong>Divis\u00e3o de Administra\u00e7\u00e3o Geral e Financeira (DAGF)<\/strong><\/p>\n<p><u>Telefone<\/u>: <a href=\"tel:+351266777048\" target=\"_blank\" rel=\"noopener\">+351 266 777 048<\/a> \u00abChamada para a rede fixa nacional\u00bb<\/p>\n<p><u>Email<\/u>: <a href=\"mailto:cmevora@cm-evora.pt\" target=\"_blank\" rel=\"noopener\">cmevora@cm-evora.pt<\/a><\/p>\n<p>&nbsp;<\/p>\n<p><strong>Divis\u00e3o de Gest\u00e3o de Pessoal (DGP)<\/strong><\/p>\n<p><u>Telefone<\/u>: <a href=\"tel:+351266777070\" target=\"_blank\" rel=\"noopener\">+351 266 777 070<\/a> \u00abChamada para a rede fixa nacional\u00bb<\/p>\n<p><u>Email<\/u>: <a href=\"mailto:cme.dgp@cm-evora.pt\" target=\"_blank\" rel=\"noopener\">cme.dgp@cm-evora.pt<\/a><\/p>\n<p>&nbsp;<\/p>\n<p><strong>Divis\u00e3o Jur\u00eddica (DJ)<\/strong><\/p>\n<p><u>Telefone<\/u>: <a href=\"tel:+351266777037\" target=\"_blank\" rel=\"noopener\">+351 266 777 037<\/a> \u00abChamada para a rede fixa nacional\u00bb<\/p>\n<p><u>Email<\/u>: <a href=\"mailto:cme.dj@cm-evora.pt\" target=\"_blank\" rel=\"noopener\">cme.dj@cm-evora.pt<\/a><\/p>\n<p>&nbsp;<\/p>\n<p><strong>Divis\u00e3o de Cultura e Patrim\u00f3nio (DCP)<\/strong><\/p>\n<p><u>Telefone<\/u>: <a href=\"tel:+351266777033\" target=\"_blank\" rel=\"noopener\">+351 266 777 033<\/a> \u00abChamada para a rede fixa nacional\u00bb<\/p>\n<p><u>Email<\/u>: <a href=\"mailto:cme.dcp@cm-evora.pt\" target=\"_blank\" rel=\"noopener\">cme.dcp@cm-evora.pt<\/a><\/p>\n<p>&nbsp;<\/p>\n<p><strong>Divis\u00e3o de Educa\u00e7\u00e3o e Interven\u00e7\u00e3o Social (DEIS)<\/strong><\/p>\n<p><u>Telefone<\/u>: <a href=\"tel:+351266777108\" target=\"_blank\" rel=\"noopener\">+351 266 777 108<\/a> \u00abChamada para a rede fixa nacional\u00bb<\/p>\n<p><u>Email<\/u>: <a href=\"mailto:cme.deis@cm-evora.pt\" target=\"_blank\" rel=\"noopener\">cme.deis@cm-evora.pt<\/a><\/p>\n<p>&nbsp;<\/p>\n<p><strong>Divis\u00e3o de Juventude e Desporto (DJD) <\/strong><\/p>\n<p><u>Telefone<\/u>: <a href=\"tel:+351266777109\" target=\"_blank\" rel=\"noopener\">+351 266 777 109<\/a> \u00abChamada para a rede fixa nacional\u00bb<\/p>\n<p><u>Email<\/u>: <a href=\"mailto:cme.djd@cm-evora.pt\">cme.djd@cm-evora.pt<\/a><\/p>\n<p>&nbsp;<\/p>\n<p><strong>Divis\u00e3o de Desenvolvimento Econ\u00f3mico (DDE)<\/strong><\/p>\n<p><u>Telefone<\/u>: <a href=\"tel:+351266777170\" target=\"_blank\" rel=\"noopener\">+351 266 777 170<\/a> \u00abChamada para a rede fixa nacional\u00bb<\/p>\n<p><u>Email<\/u>: <a href=\"mailto:cme.dde@cm-evora.pt\" target=\"_blank\" rel=\"noopener\">cme.dde@cm-evora.pt<\/a><\/p>\n<p><strong>\u00a0<\/strong><\/p>\n<p><strong>Divis\u00e3o de Ordenamento e Reabilita\u00e7\u00e3o Urbana (DORU)<\/strong><\/p>\n<p><u>Telefone<\/u>: <a href=\"tel:+351266777027\" target=\"_blank\" rel=\"noopener\">+351 266 777 027<\/a> \u00abChamada para a rede fixa nacional\u00bb<\/p>\n<p><u>Email<\/u>: <a href=\"mailto:cme.doru@cm-evora.pt\" target=\"_blank\" rel=\"noopener\">cme.doru@cm-evora.pt<\/a><\/p>\n<p>&nbsp;<\/p>\n<p><strong>Divis\u00e3o de Gest\u00e3o Urban\u00edstica (DGU)<\/strong><\/p>\n<p><u>Telefone<\/u>: <a href=\"tel:+351266777057\" target=\"_blank\" rel=\"noopener\">+351 266 777 057<\/a> \u00abChamada para a rede fixa nacional\u00bb<\/p>\n<p><u>Email<\/u>: <a href=\"mailto:cme.dgu@cm-evora.pt\" target=\"_blank\" rel=\"noopener\">cme.dgu@cm-evora.pt<\/a><\/p>\n<p>&nbsp;<\/p>\n<p><strong>Divis\u00e3o de Fiscaliza\u00e7\u00e3o Municipal (DFM) <\/strong><\/p>\n<p><u>Telefone<\/u>: <a href=\"tel:+351266777158\" target=\"_blank\" rel=\"noopener\">+351 266 777 158<\/a> \u00abChamada para a rede fixa nacional\u00bb<\/p>\n<p><u>Email<\/u>: <a href=\"mailto:cme.dfm@cm-evora.pt\" target=\"_blank\" rel=\"noopener\">cme.dfm@cm-evora.pt<\/a><\/p>\n<p>&nbsp;<\/p>\n<p><strong>Divis\u00e3o de Ambiente e Mobilidade (DAM) \u2013 Geral<\/strong><\/p>\n<p><u>Telefone<\/u>: <a href=\"tel:+351266777154\" target=\"_blank\" rel=\"noopener\">+351 266 777 154<\/a> \u00abChamada para a rede fixa nacional\u00bb<\/p>\n<p><u>Email<\/u>: <a href=\"mailto:cme.dam@cm-evora.pt\" target=\"_blank\" rel=\"noopener\">cme.dam@cm-evora.pt<\/a><\/p>\n<ul>\n<li style=\"list-style-type: none\">\n<ul>\n<li><strong>Estacionamento <\/strong>\u2013 <a href=\"tel:+351266777158\" target=\"_blank\" rel=\"noopener\">+351 266 777 158<\/a> \u00abChamada para a rede fixa nacional\u00bb<\/li>\n<li><strong>Selos de Residente<\/strong> \u2013 <a href=\"tel:+351266777161\" target=\"_blank\" rel=\"noopener\">+351 266 777 161<\/a> \u00abChamada para a rede fixa nacional\u00bb<\/li>\n<li><strong>Condicionamentos de Tr\u00e2nsito<\/strong> \u2013 <a href=\"tel:+351926791642\" target=\"_blank\" rel=\"noopener\">+351 926 791 642<\/a> \u00abChamada para a rede m\u00f3vel nacional\u00bb<\/li>\n<li><strong>Cemit\u00e9rio dos Rem\u00e9dios<\/strong> \u2013 <a href=\"tel:+351266777180\" target=\"_blank\" rel=\"noopener\">+351 266 777 180<\/a> \u00abChamada para a rede fixa nacional\u00bb<\/li>\n<li><strong>Cemit\u00e9rio do Espinheiro<\/strong> \u2013 <a href=\"tel:+351266751186\" target=\"_blank\" rel=\"noopener\">+351 266 751 186<\/a> \u00abChamada para a rede fixa nacional\u00bb<\/li>\n<\/ul>\n<\/li>\n<\/ul>\n<p>&nbsp;<\/p>\n<p><strong>Servi\u00e7o Municipal de Prote\u00e7\u00e3o Civil (24 horas)<\/strong><\/p>\n<ul>\n<li style=\"list-style-type: none\">\n<ul>\n<li><strong>SMPC Ocorr\u00eancias <\/strong>\u2013 800 206 405 |\u00a0<a href=\"tel:+351266777150\" target=\"_blank\" rel=\"noopener\">+351 266 777 150<\/a> \u00abChamada para a rede fixa nacional\u00bb<\/li>\n<li><strong>SMPC Geral<\/strong> \u2013\u00a0<a href=\"tel:+351266777127\" target=\"_blank\" rel=\"noopener\">+351 266 777 127<\/a> \u00abChamada para a rede fixa nacional\u00bb<\/li>\n<li><strong>Leituras de \u00c1gua<\/strong> \u2013 800 200 377<\/li>\n<li><strong>Aer\u00f3dromo<\/strong> \u2013 <a href=\"tel:+351266777166\" target=\"_blank\" rel=\"noopener\">+351 266 777 166<\/a> \u00abChamada para a rede fixa nacional\u00bb<\/li>\n<\/ul>\n<\/li>\n<\/ul>\n<p>&nbsp;<\/p>\n<p><strong>Unidade de \u00c1guas e Saneamento (UAS) \u2013 Servi\u00e7os T\u00e9cnicos<\/strong><\/p>\n<p><u>Telefone<\/u>: <a href=\"tel:tel:+351266777156\" target=\"_blank\" rel=\"noopener\">+351 266 777 156<\/a> \u00abChamada para a rede fixa nacional\u00bb<\/p>\n<p>&nbsp;<\/p>\n<p><strong>Unidade de Higiene e Limpeza P\u00fablica (UHLP)<\/strong><\/p>\n<p><u>Telefone<\/u>: <a href=\"tel:+351266777181\" target=\"_blank\" rel=\"noopener\">+351 266 777 181<\/a> \u00abChamada para a rede fixa nacional\u00bb<\/p>\n<p><u>Email<\/u>: <a href=\"mailto:cme.uhlp@cm-evora.pt\" target=\"_blank\" rel=\"noopener\">cme.uhlp@cm-evora.pt<\/a><\/p>\n<p>&nbsp;<\/p>\n<p><strong>Servi\u00e7o Veterin\u00e1rio Municipal<\/strong><\/p>\n<p><u>Telefone<\/u>: <a href=\"tel:+351266777182\" target=\"_blank\" rel=\"noopener\">+351 266 777 182<\/a> \u00abChamada para a rede fixa nacional\u00bb<\/p>\n<p><u>Email<\/u>: <a href=\"mailto:canil@cm-evora.pt\" target=\"_blank\" rel=\"noopener\">canil@cm-evora.pt<\/a><\/p>\n<p>&nbsp;<\/p>\n<p><strong>Hab\u00e9vora<\/strong><\/p>\n<p><u>Telefone<\/u>: <a href=\"tel:+351266777120\" target=\"_blank\" rel=\"noopener\">+351 266 777 120<\/a> \u00abChamada para a rede fixa nacional\u00bb<\/p>\n<p><u>Email<\/u>: <a href=\"mailto:geral@habevora.pt\" target=\"_blank\" rel=\"noopener\">geral@habevora.pt<\/a><\/p>","protected":false},"excerpt":{"rendered":"<p>CONTACTOS DE PROXIMIDADE \/ Atendimento ao P\u00fablico C\u00e2mara Municipal de \u00c9vora \u2013 Geral Telefone: +351 266 777 000 \u00abChamada para a rede fixa nacional\u00bb Email: cmevora@cm-evora.pt &nbsp; Balc\u00e3o \u00danico Telefone: +351 266 777 084 \u00abChamada para a rede fixa nacional\u00bb Email: balcaounico@cm-evora.pt &nbsp; Divis\u00e3o de Administra\u00e7\u00e3o Geral e Financeira (DAGF) Telefone: +351 266 777 048 [&hellip;]<\/p>\n","protected":false},"author":1,"featured_media":0,"parent":1608,"menu_order":1,"comment_status":"closed","ping_status":"closed","template":"templates-map\/component-text-layout1.php","meta":{"_acf_changed":false,"footnotes":""},"categories":[],"class_list":["post-2286","page","type-page","status-publish","hentry"],"acf":{"imagens":"","titulo_docs_seccao":"","documentos":""},"_links":{"self":[{"href":"https:\/\/www.cm-evora.pt\/en\/wp-json\/wp\/v2\/pages\/2286","targetHints":{"allow":["GET"]}}],"collection":[{"href":"https:\/\/www.cm-evora.pt\/en\/wp-json\/wp\/v2\/pages"}],"about":[{"href":"https:\/\/www.cm-evora.pt\/en\/wp-json\/wp\/v2\/types\/page"}],"author":[{"embeddable":true,"href":"https:\/\/www.cm-evora.pt\/en\/wp-json\/wp\/v2\/users\/1"}],"replies":[{"embeddable":true,"href":"https:\/\/www.cm-evora.pt\/en\/wp-json\/wp\/v2\/comments?post=2286"}],"version-history":[{"count":25,"href":"https:\/\/www.cm-evora.pt\/en\/wp-json\/wp\/v2\/pages\/2286\/revisions"}],"predecessor-version":[{"id":80587,"href":"https:\/\/www.cm-evora.pt\/en\/wp-json\/wp\/v2\/pages\/2286\/revisions\/80587"}],"up":[{"embeddable":true,"href":"https:\/\/www.cm-evora.pt\/en\/wp-json\/wp\/v2\/pages\/1608"}],"wp:attachment":[{"href":"https:\/\/www.cm-evora.pt\/en\/wp-json\/wp\/v2\/media?parent=2286"}],"wp:term":[{"taxonomy":"category","embeddable":true,"href":"https:\/\/www.cm-evora.pt\/en\/wp-json\/wp\/v2\/categories?post=2286"}],"curies":[{"name":"wp","href":"https:\/\/api.w.org\/{rel}","templated":true}]}}