{"id":23255,"date":"2021-05-27T15:04:20","date_gmt":"2021-05-27T14:04:20","guid":{"rendered":"https:\/\/www.cm-evora.pt\/?page_id=23255"},"modified":"2026-01-30T15:18:53","modified_gmt":"2026-01-30T15:18:53","slug":"imi-imt-e-irs","status":"publish","type":"page","link":"https:\/\/www.cm-evora.pt\/en\/municipe\/areas-de-acao\/habitacao-e-reabilitacao-urbana\/beneficios-fiscais\/imi-imt-e-irs\/","title":{"rendered":"(Portugu\u00eas) IMI, IMT e IRS"},"content":{"rendered":"<p class=\"qtranxs-available-languages-message qtranxs-available-languages-message-en\">Sorry, this entry is only available in <a href=\"https:\/\/www.cm-evora.pt\/pt\/wp-json\/wp\/v2\/pages\/23255\" class=\"qtranxs-available-language-link qtranxs-available-language-link-pt\" title=\"Portugu\u00eas\">Portugu\u00eas<\/a>.<\/p><p>Os propriet\u00e1rios e titulares de outros direitos, \u00f3nus e encargos sobre os edif\u00edcios ou fra\u00e7\u00f5es, compreendidos nas \u00e1reas de reabilita\u00e7\u00e3o urbana no concelho de \u00c9vora, t\u00eam acesso aos benef\u00edcios fiscais no \u00e2mbito de a\u00e7\u00f5es de reabilita\u00e7\u00e3o:<\/p>\n<p>&nbsp;<\/p>\n<p>O que \u00e9 uma a\u00e7\u00e3o de reabilita\u00e7\u00e3o? (Consulte <a href=\"https:\/\/info.portaldasfinancas.gov.pt\/pt\/informacao_fiscal\/codigos_tributarios\/bf_rep\/Pages\/ebf-artigo-71-ordm-.aspx\" target=\"_blank\" rel=\"noopener\">aqui<\/a>)<\/p>\n<p>&nbsp;<\/p>\n<p>Como realizar uma candidatura? (Consulte <a href=\"https:\/\/www.cm-evora.pt\/wp-content\/uploads\/2021\/11\/fluxogramas-002-1.pdf\" target=\"_blank\" rel=\"noopener\">aqui<\/a>)<\/p>","protected":false},"excerpt":{"rendered":"<p>Sorry, this entry is only available in Portugu\u00eas.Os propriet\u00e1rios e titulares de outros direitos, \u00f3nus e encargos sobre os edif\u00edcios ou fra\u00e7\u00f5es, compreendidos nas \u00e1reas de reabilita\u00e7\u00e3o urbana no concelho de \u00c9vora, t\u00eam acesso aos benef\u00edcios fiscais no \u00e2mbito de a\u00e7\u00f5es de reabilita\u00e7\u00e3o: &nbsp; O que \u00e9 uma a\u00e7\u00e3o de reabilita\u00e7\u00e3o? (Consulte aqui) &nbsp; Como [&hellip;]<\/p>\n","protected":false},"author":45,"featured_media":0,"parent":16122,"menu_order":0,"comment_status":"closed","ping_status":"closed","template":"templates-map\/component-text-list-layout1.php","meta":{"_acf_changed":false,"footnotes":""},"categories":[],"class_list":["post-23255","page","type-page","status-publish","hentry"],"acf":[],"_links":{"self":[{"href":"https:\/\/www.cm-evora.pt\/en\/wp-json\/wp\/v2\/pages\/23255","targetHints":{"allow":["GET"]}}],"collection":[{"href":"https:\/\/www.cm-evora.pt\/en\/wp-json\/wp\/v2\/pages"}],"about":[{"href":"https:\/\/www.cm-evora.pt\/en\/wp-json\/wp\/v2\/types\/page"}],"author":[{"embeddable":true,"href":"https:\/\/www.cm-evora.pt\/en\/wp-json\/wp\/v2\/users\/45"}],"replies":[{"embeddable":true,"href":"https:\/\/www.cm-evora.pt\/en\/wp-json\/wp\/v2\/comments?post=23255"}],"version-history":[{"count":9,"href":"https:\/\/www.cm-evora.pt\/en\/wp-json\/wp\/v2\/pages\/23255\/revisions"}],"predecessor-version":[{"id":81268,"href":"https:\/\/www.cm-evora.pt\/en\/wp-json\/wp\/v2\/pages\/23255\/revisions\/81268"}],"up":[{"embeddable":true,"href":"https:\/\/www.cm-evora.pt\/en\/wp-json\/wp\/v2\/pages\/16122"}],"wp:attachment":[{"href":"https:\/\/www.cm-evora.pt\/en\/wp-json\/wp\/v2\/media?parent=23255"}],"wp:term":[{"taxonomy":"category","embeddable":true,"href":"https:\/\/www.cm-evora.pt\/en\/wp-json\/wp\/v2\/categories?post=23255"}],"curies":[{"name":"wp","href":"https:\/\/api.w.org\/{rel}","templated":true}]}}