{"id":2414,"date":"2020-02-03T11:31:30","date_gmt":"2020-02-03T11:31:30","guid":{"rendered":"https:\/\/evora2.int.skilltech.pt\/susProjects\/wp_evora2_suite\/?page_id=2414"},"modified":"2025-11-04T11:42:06","modified_gmt":"2025-11-04T11:42:06","slug":"despachos-de-delegacao-de-poderes","status":"publish","type":"page","link":"https:\/\/www.cm-evora.pt\/en\/municipe\/camara-municipal\/recursos-humanos\/despachos-de-delegacao-de-poderes\/","title":{"rendered":"Despachos de Delega\u00e7\u00e3o de Poderes\/Compet\u00eancias"},"content":{"rendered":"<p><\/p>\n<p style=\"text-align: center\"><a href=\"https:\/\/www.cm-evora.pt\/wp-content\/uploads\/2020\/06\/imagem-assinatura639.jpg\" target=\"_blank\" rel=\"noopener\"><img loading=\"lazy\" decoding=\"async\" class=\"alignnone wp-image-5717 size-full\" src=\"https:\/\/www.cm-evora.pt\/wp-content\/uploads\/2020\/06\/imagem-assinatura639.jpg\" alt=\"\" width=\"639\" height=\"362\" srcset=\"https:\/\/www.cm-evora.pt\/wp-content\/uploads\/2020\/06\/imagem-assinatura639.jpg 639w, https:\/\/www.cm-evora.pt\/wp-content\/uploads\/2020\/06\/imagem-assinatura639-300x170.jpg 300w\" sizes=\"auto, (max-width: 639px) 100vw, 639px\" \/><\/a><\/p>\n<p>Na sequ\u00eancia da entrada em vigor do novo C\u00f3digo do Procedimento Administrativo (D.L. n\u00ba 4\/2015, artigos 47\u00ba n\u00ba 2 e 159\u00ba), torna-se obrigat\u00f3rio a publica\u00e7\u00e3o de todos os despachos de Delega\u00e7\u00e3o de Poderes no s\u00edtio oficial na internet.<\/p>","protected":false},"excerpt":{"rendered":"<p>Na sequ\u00eancia da entrada em vigor do novo C\u00f3digo do Procedimento Administrativo (D.L. n\u00ba 4\/2015, artigos 47\u00ba n\u00ba 2 e 159\u00ba), torna-se obrigat\u00f3rio a publica\u00e7\u00e3o de todos os despachos de Delega\u00e7\u00e3o de Poderes no s\u00edtio oficial na internet.<\/p>\n","protected":false},"author":1,"featured_media":0,"parent":1444,"menu_order":2,"comment_status":"closed","ping_status":"closed","template":"templates-map\/component-file-gallery-layout3.php","meta":{"_acf_changed":false,"footnotes":""},"categories":[],"class_list":["post-2414","page","type-page","status-publish","hentry"],"acf":[],"_links":{"self":[{"href":"https:\/\/www.cm-evora.pt\/en\/wp-json\/wp\/v2\/pages\/2414","targetHints":{"allow":["GET"]}}],"collection":[{"href":"https:\/\/www.cm-evora.pt\/en\/wp-json\/wp\/v2\/pages"}],"about":[{"href":"https:\/\/www.cm-evora.pt\/en\/wp-json\/wp\/v2\/types\/page"}],"author":[{"embeddable":true,"href":"https:\/\/www.cm-evora.pt\/en\/wp-json\/wp\/v2\/users\/1"}],"replies":[{"embeddable":true,"href":"https:\/\/www.cm-evora.pt\/en\/wp-json\/wp\/v2\/comments?post=2414"}],"version-history":[{"count":21,"href":"https:\/\/www.cm-evora.pt\/en\/wp-json\/wp\/v2\/pages\/2414\/revisions"}],"predecessor-version":[{"id":78938,"href":"https:\/\/www.cm-evora.pt\/en\/wp-json\/wp\/v2\/pages\/2414\/revisions\/78938"}],"up":[{"embeddable":true,"href":"https:\/\/www.cm-evora.pt\/en\/wp-json\/wp\/v2\/pages\/1444"}],"wp:attachment":[{"href":"https:\/\/www.cm-evora.pt\/en\/wp-json\/wp\/v2\/media?parent=2414"}],"wp:term":[{"taxonomy":"category","embeddable":true,"href":"https:\/\/www.cm-evora.pt\/en\/wp-json\/wp\/v2\/categories?post=2414"}],"curies":[{"name":"wp","href":"https:\/\/api.w.org\/{rel}","templated":true}]}}