{"id":2416,"date":"2020-02-03T11:34:59","date_gmt":"2020-02-03T11:34:59","guid":{"rendered":"https:\/\/evora2.int.skilltech.pt\/susProjects\/wp_evora2_suite\/?page_id=2416"},"modified":"2026-01-02T09:14:45","modified_gmt":"2026-01-02T09:14:45","slug":"impostos-e-taxas-municipais","status":"publish","type":"page","link":"https:\/\/www.cm-evora.pt\/en\/municipe\/camara-municipal\/impostos-e-taxas-municipais\/","title":{"rendered":"Impostos e Taxas Municipais"},"content":{"rendered":"<p>Informa\u00e7\u00f5es relativas ao Imposto Municipal sobre Im\u00f3veis (IMI), Derrama, Participa\u00e7\u00e3o Vari\u00e1vel no IRS e Taxa Municipal de Direitos de Passagem (TMDP) aprovadas para o ano de 2025.<\/p>\n<p style=\"text-align: center\"><a href=\"https:\/\/www.cm-evora.pt\/wp-content\/uploads\/2020\/06\/calculator.jpg\"><img loading=\"lazy\" decoding=\"async\" class=\"alignnone wp-image-5976\" src=\"https:\/\/www.cm-evora.pt\/wp-content\/uploads\/2020\/06\/calculator.jpg\" alt=\"\" width=\"787\" height=\"446\" srcset=\"https:\/\/www.cm-evora.pt\/wp-content\/uploads\/2020\/06\/calculator.jpg 639w, https:\/\/www.cm-evora.pt\/wp-content\/uploads\/2020\/06\/calculator-300x170.jpg 300w\" sizes=\"auto, (max-width: 787px) 100vw, 787px\" \/><\/a><\/p>\n<p>&nbsp;<\/p>\n<p>Nos termos do artigo 79\u00ba da Lei n.\u00ba 73\/2013, de 3 de setembro, que estabelece o Regime Financeiro das Autarquias Locais e das Entidades Intermunicipais, publicita-se que a Assembleia Municipal de \u00c9vora, na sua reuni\u00e3o de 20 de dezembro de 2024 aprovou os seguintes impostos e taxas para o ano 2025:<\/p>","protected":false},"excerpt":{"rendered":"<p>Informa\u00e7\u00f5es relativas ao Imposto Municipal sobre Im\u00f3veis (IMI), Derrama, Participa\u00e7\u00e3o Vari\u00e1vel no IRS e Taxa Municipal de Direitos de Passagem (TMDP) aprovadas para o ano de 2025. &nbsp; Nos termos do artigo 79\u00ba da Lei n.\u00ba 73\/2013, de 3 de setembro, que estabelece o Regime Financeiro das Autarquias Locais e das Entidades Intermunicipais, publicita-se que [&hellip;]<\/p>\n","protected":false},"author":1,"featured_media":0,"parent":1430,"menu_order":10,"comment_status":"closed","ping_status":"closed","template":"templates-map\/component-text-list-layout1.php","meta":{"_acf_changed":false,"footnotes":""},"categories":[],"class_list":["post-2416","page","type-page","status-publish","hentry"],"acf":[],"_links":{"self":[{"href":"https:\/\/www.cm-evora.pt\/en\/wp-json\/wp\/v2\/pages\/2416","targetHints":{"allow":["GET"]}}],"collection":[{"href":"https:\/\/www.cm-evora.pt\/en\/wp-json\/wp\/v2\/pages"}],"about":[{"href":"https:\/\/www.cm-evora.pt\/en\/wp-json\/wp\/v2\/types\/page"}],"author":[{"embeddable":true,"href":"https:\/\/www.cm-evora.pt\/en\/wp-json\/wp\/v2\/users\/1"}],"replies":[{"embeddable":true,"href":"https:\/\/www.cm-evora.pt\/en\/wp-json\/wp\/v2\/comments?post=2416"}],"version-history":[{"count":15,"href":"https:\/\/www.cm-evora.pt\/en\/wp-json\/wp\/v2\/pages\/2416\/revisions"}],"predecessor-version":[{"id":80588,"href":"https:\/\/www.cm-evora.pt\/en\/wp-json\/wp\/v2\/pages\/2416\/revisions\/80588"}],"up":[{"embeddable":true,"href":"https:\/\/www.cm-evora.pt\/en\/wp-json\/wp\/v2\/pages\/1430"}],"wp:attachment":[{"href":"https:\/\/www.cm-evora.pt\/en\/wp-json\/wp\/v2\/media?parent=2416"}],"wp:term":[{"taxonomy":"category","embeddable":true,"href":"https:\/\/www.cm-evora.pt\/en\/wp-json\/wp\/v2\/categories?post=2416"}],"curies":[{"name":"wp","href":"https:\/\/api.w.org\/{rel}","templated":true}]}}