{"id":2434,"date":"2020-02-03T11:57:08","date_gmt":"2020-02-03T11:57:08","guid":{"rendered":"https:\/\/evora2.int.skilltech.pt\/susProjects\/wp_evora2_suite\/?page_id=2434"},"modified":"2025-03-18T15:07:19","modified_gmt":"2025-03-18T15:07:19","slug":"atendimento-descentralizado-de-eleitos-com-pelouros-nas-freguesias-rurais","status":"publish","type":"page","link":"https:\/\/www.cm-evora.pt\/en\/municipe\/camara-municipal\/atendimento\/atendimento-descentralizado-de-eleitos-com-pelouros-nas-freguesias-rurais\/","title":{"rendered":"Atendimento Descentralizado de Eleitos com Pelouros nas Freguesias Rurais"},"content":{"rendered":"<div style=\"text-align: center\"><a href=\"https:\/\/www.cm-evora.pt\/wp-content\/uploads\/2020\/06\/AD-639x362.jpg\" target=\"_blank\" rel=\"noopener\"><img loading=\"lazy\" decoding=\"async\" class=\"alignnone wp-image-6071 size-full\" src=\"https:\/\/www.cm-evora.pt\/wp-content\/uploads\/2020\/06\/AD-639x362.jpg\" alt=\"\" width=\"639\" height=\"362\" srcset=\"https:\/\/www.cm-evora.pt\/wp-content\/uploads\/2020\/06\/AD-639x362.jpg 639w, https:\/\/www.cm-evora.pt\/wp-content\/uploads\/2020\/06\/AD-639x362-300x170.jpg 300w\" sizes=\"auto, (max-width: 639px) 100vw, 639px\" \/><\/a><\/div>\n<p>&nbsp;<\/p>\n<div>\n<p>\u00c9 tamb\u00e9m esse o esp\u00edrito dos atendimentos que os eleitos realizam semanalmente na C\u00e2mara Municipal (<a href=\"https:\/\/www.cm-evora.pt\/municipe\/camara-municipal\/executivo\/\" target=\"_blank\" rel=\"noopener\">hor\u00e1rios e dias dos atendimentos semanais<\/a>). Porque sabemos que nem todos t\u00eam condi\u00e7\u00f5es ou disponibilidade para se dirigir aos Pa\u00e7os do Concelho, o Munic\u00edpio implementou os Atendimentos Descentralizados, especialmente destinados aos habitantes das freguesias rurais. Nestes atendimentos, pode falar pessoalmente com o Presidente ou Vereador, expor-lhe problemas, cr\u00edticas, propostas.<\/p>\n<p>Vamos, em conjunto, procurar as melhores solu\u00e7\u00f5es, dentro das compet\u00eancias da C\u00e2mara Municipal.<\/p>\n<p>Para mais informa\u00e7\u00f5es contacte o <a href=\"tel:+351266777147\u200b\" target=\"_blank\" rel=\"noopener\">+351 266 777 147<\/a> \u00abChamada para a rede fixa nacional\u00bb.<\/p>\n<p>&nbsp;<\/p>\n<\/div>\n","protected":false},"excerpt":{"rendered":"<p>&nbsp; \u00c9 tamb\u00e9m esse o esp\u00edrito dos atendimentos que os eleitos realizam semanalmente na C\u00e2mara Municipal (hor\u00e1rios e dias dos atendimentos semanais). Porque sabemos que nem todos t\u00eam condi\u00e7\u00f5es ou disponibilidade para se dirigir aos Pa\u00e7os do Concelho, o Munic\u00edpio implementou os Atendimentos Descentralizados, especialmente destinados aos habitantes das freguesias rurais. Nestes atendimentos, pode falar [&hellip;]<\/p>\n","protected":false},"author":1,"featured_media":6071,"parent":1298,"menu_order":1,"comment_status":"closed","ping_status":"closed","template":"templates-map\/component-text-layout1.php","meta":{"_acf_changed":false,"footnotes":""},"categories":[],"class_list":["post-2434","page","type-page","status-publish","has-post-thumbnail","hentry"],"acf":{"imagens":"","titulo_docs_seccao":"","documentos":""},"_links":{"self":[{"href":"https:\/\/www.cm-evora.pt\/en\/wp-json\/wp\/v2\/pages\/2434","targetHints":{"allow":["GET"]}}],"collection":[{"href":"https:\/\/www.cm-evora.pt\/en\/wp-json\/wp\/v2\/pages"}],"about":[{"href":"https:\/\/www.cm-evora.pt\/en\/wp-json\/wp\/v2\/types\/page"}],"author":[{"embeddable":true,"href":"https:\/\/www.cm-evora.pt\/en\/wp-json\/wp\/v2\/users\/1"}],"replies":[{"embeddable":true,"href":"https:\/\/www.cm-evora.pt\/en\/wp-json\/wp\/v2\/comments?post=2434"}],"version-history":[{"count":14,"href":"https:\/\/www.cm-evora.pt\/en\/wp-json\/wp\/v2\/pages\/2434\/revisions"}],"predecessor-version":[{"id":72387,"href":"https:\/\/www.cm-evora.pt\/en\/wp-json\/wp\/v2\/pages\/2434\/revisions\/72387"}],"up":[{"embeddable":true,"href":"https:\/\/www.cm-evora.pt\/en\/wp-json\/wp\/v2\/pages\/1298"}],"wp:featuredmedia":[{"embeddable":true,"href":"https:\/\/www.cm-evora.pt\/en\/wp-json\/wp\/v2\/media\/6071"}],"wp:attachment":[{"href":"https:\/\/www.cm-evora.pt\/en\/wp-json\/wp\/v2\/media?parent=2434"}],"wp:term":[{"taxonomy":"category","embeddable":true,"href":"https:\/\/www.cm-evora.pt\/en\/wp-json\/wp\/v2\/categories?post=2434"}],"curies":[{"name":"wp","href":"https:\/\/api.w.org\/{rel}","templated":true}]}}