{"id":2442,"date":"2020-02-03T12:09:59","date_gmt":"2020-02-03T12:09:59","guid":{"rendered":"https:\/\/evora2.int.skilltech.pt\/susProjects\/wp_evora2_suite\/?page_id=2442"},"modified":"2022-12-19T15:25:53","modified_gmt":"2022-12-19T15:25:53","slug":"implementacao-da-taxa-turistica-municipal","status":"publish","type":"page","link":"https:\/\/www.cm-evora.pt\/en\/municipe\/camara-municipal\/gestao-participada\/implementacao-da-taxa-turistica-municipal\/","title":{"rendered":"(Portugu\u00eas) Implementa\u00e7\u00e3o da Taxa Tur\u00edstica Municipal"},"content":{"rendered":"<p class=\"qtranxs-available-languages-message qtranxs-available-languages-message-en\">Sorry, this entry is only available in <a href=\"https:\/\/www.cm-evora.pt\/pt\/wp-json\/wp\/v2\/pages\/2442\" class=\"qtranxs-available-language-link qtranxs-available-language-link-pt\" title=\"Portugu\u00eas\">Portugu\u00eas<\/a>.<\/p><p><\/p>\n<h4 style=\"text-align: center\"><strong>Processo de ausculta\u00e7\u00e3o e reflex\u00e3o promovido pelo Munic\u00edpio de \u00c9vora<\/strong><\/h4>\n<p style=\"text-align: center\"><a href=\"https:\/\/www.cm-evora.pt\/wp-content\/uploads\/2020\/10\/fototaxaturistica.jpg\" target=\"_blank\" rel=\"noopener\"><img loading=\"lazy\" decoding=\"async\" class=\"alignnone wp-image-15148 size-full\" src=\"https:\/\/www.cm-evora.pt\/wp-content\/uploads\/2020\/10\/fototaxaturistica.jpg\" alt=\"\" width=\"638\" height=\"362\" srcset=\"https:\/\/www.cm-evora.pt\/wp-content\/uploads\/2020\/10\/fototaxaturistica.jpg 638w, https:\/\/www.cm-evora.pt\/wp-content\/uploads\/2020\/10\/fototaxaturistica-300x170.jpg 300w\" sizes=\"auto, (max-width: 638px) 100vw, 638px\" \/><\/a><\/p>\n<p>No \u00e2mbito da gest\u00e3o participada que tem vindo a ser desenvolvida pelo Munic\u00edpio de \u00c9vora, a C\u00e2mara Municipal est\u00e1 a estudar a eventual aplica\u00e7\u00e3o de uma taxa tur\u00edstica sobre as dormidas e formas de utiliza\u00e7\u00e3o desta receita &#8211; incrementar a promo\u00e7\u00e3o tur\u00edstica, oferecer melhores condi\u00e7\u00f5es e servi\u00e7os p\u00fablicos a quem nos visita, minorar aos residentes e empresas os custos dos servi\u00e7os p\u00fablicos prestados aos turistas &#8211; entre outras que possam surgir.<\/p>\n<p>Neste contexto est\u00e1 a decorrer um per\u00edodo de reflex\u00e3o sobre esta tem\u00e1tica, o qual teve o seu ponto de partida com a realiza\u00e7\u00e3o no passado dia 9 de Abril 2019, de uma reuni\u00e3o de ausculta\u00e7\u00e3o dos empres\u00e1rios e associa\u00e7\u00f5es do setor do Turismo sobre a eventual cria\u00e7\u00e3o de taxa tur\u00edstica para o concelho de \u00c9vora.<\/p>\n<p>Na sequ\u00eancia do compromisso assumido pelo Presidente da C\u00e2mara de elabora\u00e7\u00e3o de um estudo sobre o turismo no concelho de \u00c9vora, seguiu-se, no passado dia 27 de junho 2019, a Sess\u00e3o de Apresenta\u00e7\u00e3o P\u00fablica do Relat\u00f3rio da Evolu\u00e7\u00e3o do Turismo na Cidade de \u00c9vora 2019, realizado pela Universidade de \u00c9vora (CIDEHUS \u2013 Tourism Creative Lab), que contou com a coordena\u00e7\u00e3o cient\u00edfica e t\u00e9cnica dos professores Jaime Serra, Joana Lima, No\u00e9mi Marujo e Maria do Ros\u00e1rio Borges.<\/p>\n<p>Aqui disponibilizamos o relat\u00f3rio para consulta:\u200b<\/p>\n<p style=\"text-align: center\"><a href=\"https:\/\/www.cm-evora.pt\/wp-content\/uploads\/2020\/06\/Relat%C3%B3rio-Caracteriza%C3%A7%C3%A3o-Evolu%C3%A7%C3%A3o-Turismo-%C3%89vora-_VF.pdf\" target=\"_blank\" rel=\"https:\/\/www.cm-evora.pt\/wp-content\/uploads\/2020\/06\/Relat%C3%B3rio-Caracteriza%C3%A7%C3%A3o-Evolu%C3%A7%C3%A3o-Turismo-%C3%89vora-_VF.pdf noopener noreferrer\"><img loading=\"lazy\" decoding=\"async\" class=\"alignnone wp-image-15149 size-full\" src=\"https:\/\/www.cm-evora.pt\/wp-content\/uploads\/2020\/10\/relatoriotaxa300.jpg\" alt=\"\" width=\"300\" height=\"442\" srcset=\"https:\/\/www.cm-evora.pt\/wp-content\/uploads\/2020\/10\/relatoriotaxa300.jpg 300w, https:\/\/www.cm-evora.pt\/wp-content\/uploads\/2020\/10\/relatoriotaxa300-204x300.jpg 204w\" sizes=\"auto, (max-width: 300px) 100vw, 300px\" \/><\/a><\/p>\n<p>&nbsp;<\/p>","protected":false},"excerpt":{"rendered":"<p>Sorry, this entry is only available in Portugu\u00eas. Processo de ausculta\u00e7\u00e3o e reflex\u00e3o promovido pelo Munic\u00edpio de \u00c9vora No \u00e2mbito da gest\u00e3o participada que tem vindo a ser desenvolvida pelo Munic\u00edpio de \u00c9vora, a C\u00e2mara Municipal est\u00e1 a estudar a eventual aplica\u00e7\u00e3o de uma taxa tur\u00edstica sobre as dormidas e formas de utiliza\u00e7\u00e3o desta receita [&hellip;]<\/p>\n","protected":false},"author":1,"featured_media":0,"parent":2438,"menu_order":1,"comment_status":"closed","ping_status":"closed","template":"templates-map\/component-text-layout1.php","meta":{"_acf_changed":false,"footnotes":""},"categories":[],"class_list":["post-2442","page","type-page","status-publish","hentry"],"acf":{"imagens":"","titulo_docs_seccao":"","documentos":[6087]},"_links":{"self":[{"href":"https:\/\/www.cm-evora.pt\/en\/wp-json\/wp\/v2\/pages\/2442","targetHints":{"allow":["GET"]}}],"collection":[{"href":"https:\/\/www.cm-evora.pt\/en\/wp-json\/wp\/v2\/pages"}],"about":[{"href":"https:\/\/www.cm-evora.pt\/en\/wp-json\/wp\/v2\/types\/page"}],"author":[{"embeddable":true,"href":"https:\/\/www.cm-evora.pt\/en\/wp-json\/wp\/v2\/users\/1"}],"replies":[{"embeddable":true,"href":"https:\/\/www.cm-evora.pt\/en\/wp-json\/wp\/v2\/comments?post=2442"}],"version-history":[{"count":11,"href":"https:\/\/www.cm-evora.pt\/en\/wp-json\/wp\/v2\/pages\/2442\/revisions"}],"predecessor-version":[{"id":43949,"href":"https:\/\/www.cm-evora.pt\/en\/wp-json\/wp\/v2\/pages\/2442\/revisions\/43949"}],"up":[{"embeddable":true,"href":"https:\/\/www.cm-evora.pt\/en\/wp-json\/wp\/v2\/pages\/2438"}],"acf:post":[{"embeddable":true,"href":"https:\/\/www.cm-evora.pt\/en\/wp-json\/wp\/v2\/listas_ficheiros\/6087"}],"wp:attachment":[{"href":"https:\/\/www.cm-evora.pt\/en\/wp-json\/wp\/v2\/media?parent=2442"}],"wp:term":[{"taxonomy":"category","embeddable":true,"href":"https:\/\/www.cm-evora.pt\/en\/wp-json\/wp\/v2\/categories?post=2442"}],"curies":[{"name":"wp","href":"https:\/\/api.w.org\/{rel}","templated":true}]}}