{"id":2444,"date":"2020-02-03T12:10:20","date_gmt":"2020-02-03T12:10:20","guid":{"rendered":"https:\/\/evora2.int.skilltech.pt\/susProjects\/wp_evora2_suite\/?page_id=2444"},"modified":"2021-01-21T15:33:53","modified_gmt":"2021-01-21T15:33:53","slug":"caminhos-pelo-concelho","status":"publish","type":"page","link":"https:\/\/www.cm-evora.pt\/en\/municipe\/camara-municipal\/gestao-participada\/caminhos-pelo-concelho\/","title":{"rendered":"(Portugu\u00eas) Caminhos pelo Concelho"},"content":{"rendered":"<p class=\"qtranxs-available-languages-message qtranxs-available-languages-message-en\">Sorry, this entry is only available in <a href=\"https:\/\/www.cm-evora.pt\/pt\/wp-json\/wp\/v2\/pages\/2444\" class=\"qtranxs-available-language-link qtranxs-available-language-link-pt\" title=\"Portugu\u00eas\">Portugu\u00eas<\/a>.<\/p><p><\/p>\n<h4 style=\"text-align: center\">Esta iniciativa foi suspensa devido \u00e0 pandemia Covid 19, sendo retomada logo que poss\u00edvel.<\/h4>\n<p style=\"text-align: center\"><a href=\"https:\/\/www.cm-evora.pt\/wp-content\/uploads\/2020\/12\/meia-pagina_caminhos_15-06-2019-scaled.jpg\"><img loading=\"lazy\" decoding=\"async\" class=\"alignnone wp-image-16847 size-full\" src=\"https:\/\/www.cm-evora.pt\/wp-content\/uploads\/2020\/12\/meia-pagina_caminhos_15-06-2019-scaled.jpg\" alt=\"\" width=\"980\" height=\"2560\" srcset=\"https:\/\/www.cm-evora.pt\/wp-content\/uploads\/2020\/12\/meia-pagina_caminhos_15-06-2019-scaled.jpg 980w, https:\/\/www.cm-evora.pt\/wp-content\/uploads\/2020\/12\/meia-pagina_caminhos_15-06-2019-115x300.jpg 115w, https:\/\/www.cm-evora.pt\/wp-content\/uploads\/2020\/12\/meia-pagina_caminhos_15-06-2019-392x1024.jpg 392w, https:\/\/www.cm-evora.pt\/wp-content\/uploads\/2020\/12\/meia-pagina_caminhos_15-06-2019-768x2006.jpg 768w, https:\/\/www.cm-evora.pt\/wp-content\/uploads\/2020\/12\/meia-pagina_caminhos_15-06-2019-588x1536.jpg 588w, https:\/\/www.cm-evora.pt\/wp-content\/uploads\/2020\/12\/meia-pagina_caminhos_15-06-2019-784x2048.jpg 784w\" sizes=\"auto, (max-width: 980px) 100vw, 980px\" \/><\/a><\/p>\n<p><\/p>","protected":false},"excerpt":{"rendered":"<p>Sorry, this entry is only available in Portugu\u00eas. Esta iniciativa foi suspensa devido \u00e0 pandemia Covid 19, sendo retomada logo que poss\u00edvel.<\/p>\n","protected":false},"author":1,"featured_media":0,"parent":2438,"menu_order":2,"comment_status":"closed","ping_status":"closed","template":"templates-map\/component-text-layout1.php","meta":{"_acf_changed":false,"footnotes":""},"categories":[],"class_list":["post-2444","page","type-page","status-publish","hentry"],"acf":{"imagens":"","titulo_docs_seccao":"","documentos":""},"_links":{"self":[{"href":"https:\/\/www.cm-evora.pt\/en\/wp-json\/wp\/v2\/pages\/2444","targetHints":{"allow":["GET"]}}],"collection":[{"href":"https:\/\/www.cm-evora.pt\/en\/wp-json\/wp\/v2\/pages"}],"about":[{"href":"https:\/\/www.cm-evora.pt\/en\/wp-json\/wp\/v2\/types\/page"}],"author":[{"embeddable":true,"href":"https:\/\/www.cm-evora.pt\/en\/wp-json\/wp\/v2\/users\/1"}],"replies":[{"embeddable":true,"href":"https:\/\/www.cm-evora.pt\/en\/wp-json\/wp\/v2\/comments?post=2444"}],"version-history":[{"count":15,"href":"https:\/\/www.cm-evora.pt\/en\/wp-json\/wp\/v2\/pages\/2444\/revisions"}],"predecessor-version":[{"id":19823,"href":"https:\/\/www.cm-evora.pt\/en\/wp-json\/wp\/v2\/pages\/2444\/revisions\/19823"}],"up":[{"embeddable":true,"href":"https:\/\/www.cm-evora.pt\/en\/wp-json\/wp\/v2\/pages\/2438"}],"wp:attachment":[{"href":"https:\/\/www.cm-evora.pt\/en\/wp-json\/wp\/v2\/media?parent=2444"}],"wp:term":[{"taxonomy":"category","embeddable":true,"href":"https:\/\/www.cm-evora.pt\/en\/wp-json\/wp\/v2\/categories?post=2444"}],"curies":[{"name":"wp","href":"https:\/\/api.w.org\/{rel}","templated":true}]}}