{"id":2450,"date":"2020-02-03T12:12:06","date_gmt":"2020-02-03T12:12:06","guid":{"rendered":"https:\/\/evora2.int.skilltech.pt\/susProjects\/wp_evora2_suite\/?page_id=2450"},"modified":"2022-12-19T15:34:06","modified_gmt":"2022-12-19T15:34:06","slug":"debates-no-ambito-da-carta-educativa-de-evora-2017-2027","status":"publish","type":"page","link":"https:\/\/www.cm-evora.pt\/en\/municipe\/camara-municipal\/gestao-participada\/debates-no-ambito-da-carta-educativa-de-evora-2017-2027\/","title":{"rendered":"(Portugu\u00eas) Debates no \u00e2mbito da Carta Educativa de \u00c9vora 2017-2027"},"content":{"rendered":"<p class=\"qtranxs-available-languages-message qtranxs-available-languages-message-en\">Sorry, this entry is only available in <a href=\"https:\/\/www.cm-evora.pt\/pt\/wp-json\/wp\/v2\/pages\/2450\" class=\"qtranxs-available-language-link qtranxs-available-language-link-pt\" title=\"Portugu\u00eas\">Portugu\u00eas<\/a>.<\/p><p><\/p>\n<p style=\"text-align: center\"><a href=\"https:\/\/www.cm-evora.pt\/wp-content\/uploads\/2020\/06\/banner-carta_639x362.jpg\" target=\"_blank\" rel=\"noopener\"><img loading=\"lazy\" decoding=\"async\" class=\"alignnone wp-image-6047 size-full\" src=\"https:\/\/www.cm-evora.pt\/wp-content\/uploads\/2020\/06\/banner-carta_639x362.jpg\" alt=\"\" width=\"639\" height=\"362\" srcset=\"https:\/\/www.cm-evora.pt\/wp-content\/uploads\/2020\/06\/banner-carta_639x362.jpg 639w, https:\/\/www.cm-evora.pt\/wp-content\/uploads\/2020\/06\/banner-carta_639x362-300x170.jpg 300w\" sizes=\"auto, (max-width: 639px) 100vw, 639px\" \/><\/a><\/p>\n<p>&nbsp;<\/p>\n<h4 style=\"text-align: center\">DEBATES<\/h4>\n<h4 style=\"text-align: center\">&#8220;CARTA EDUCATIVA DO CONCELHO DE \u00c9VORA&#8221;<\/h4>\n<h4 style=\"text-align: center\">2017\/ 2027<\/h4>\n<p>&nbsp;<\/p>\n<p>A C\u00e2mara Municipal de \u00c9vora, em reuni\u00e3o de 18 de mar\u00e7o de 2015 aprovou por unanimidade dar in\u00edcio aos trabalhos de revis\u00e3o da Carta Educativa de \u00c9vora, atrav\u00e9s da elabora\u00e7\u00e3o da Carta Educativa de \u00c9vora para o per\u00edodo 2017-2027. Os trabalhos est\u00e3o em curso, desenvolvidos por uma equipa interna da autarquia, composta por t\u00e9cnicos de v\u00e1rios servi\u00e7os, com o apoio de parceiros externos, estando a ocorrer uma fase de participa\u00e7\u00e3o preventiva, assente na realiza\u00e7\u00e3o de um conjunto de pain\u00e9is tem\u00e1ticos sobre \u00e1reas chave da tem\u00e1tica da educa\u00e7\u00e3o. Estes pain\u00e9is, al\u00e9m de contarem com o envolvimento de toda a comunidade educativa, est\u00e3o tamb\u00e9m abertos \u00e0 participa\u00e7\u00e3o de toda a popula\u00e7\u00e3o.<\/p>\n<p>Pain\u00e9is j\u00e1 realizados<\/p>","protected":false},"excerpt":{"rendered":"<p>Sorry, this entry is only available in Portugu\u00eas. &nbsp; DEBATES &#8220;CARTA EDUCATIVA DO CONCELHO DE \u00c9VORA&#8221; 2017\/ 2027 &nbsp; A C\u00e2mara Municipal de \u00c9vora, em reuni\u00e3o de 18 de mar\u00e7o de 2015 aprovou por unanimidade dar in\u00edcio aos trabalhos de revis\u00e3o da Carta Educativa de \u00c9vora, atrav\u00e9s da elabora\u00e7\u00e3o da Carta Educativa de \u00c9vora para [&hellip;]<\/p>\n","protected":false},"author":1,"featured_media":0,"parent":2438,"menu_order":3,"comment_status":"closed","ping_status":"closed","template":"templates-map\/component-file-gallery-layout2.php","meta":{"_acf_changed":false,"footnotes":""},"categories":[],"class_list":["post-2450","page","type-page","status-publish","hentry"],"acf":[],"_links":{"self":[{"href":"https:\/\/www.cm-evora.pt\/en\/wp-json\/wp\/v2\/pages\/2450","targetHints":{"allow":["GET"]}}],"collection":[{"href":"https:\/\/www.cm-evora.pt\/en\/wp-json\/wp\/v2\/pages"}],"about":[{"href":"https:\/\/www.cm-evora.pt\/en\/wp-json\/wp\/v2\/types\/page"}],"author":[{"embeddable":true,"href":"https:\/\/www.cm-evora.pt\/en\/wp-json\/wp\/v2\/users\/1"}],"replies":[{"embeddable":true,"href":"https:\/\/www.cm-evora.pt\/en\/wp-json\/wp\/v2\/comments?post=2450"}],"version-history":[{"count":8,"href":"https:\/\/www.cm-evora.pt\/en\/wp-json\/wp\/v2\/pages\/2450\/revisions"}],"predecessor-version":[{"id":43960,"href":"https:\/\/www.cm-evora.pt\/en\/wp-json\/wp\/v2\/pages\/2450\/revisions\/43960"}],"up":[{"embeddable":true,"href":"https:\/\/www.cm-evora.pt\/en\/wp-json\/wp\/v2\/pages\/2438"}],"wp:attachment":[{"href":"https:\/\/www.cm-evora.pt\/en\/wp-json\/wp\/v2\/media?parent=2450"}],"wp:term":[{"taxonomy":"category","embeddable":true,"href":"https:\/\/www.cm-evora.pt\/en\/wp-json\/wp\/v2\/categories?post=2450"}],"curies":[{"name":"wp","href":"https:\/\/api.w.org\/{rel}","templated":true}]}}