{"id":24519,"date":"2021-07-06T18:02:44","date_gmt":"2021-07-06T17:02:44","guid":{"rendered":"https:\/\/www.cm-evora.pt\/?page_id=24519"},"modified":"2025-12-15T12:09:21","modified_gmt":"2025-12-15T12:09:21","slug":"evora-onde-o-alentejo-se-prova-a-mesa-campanha-de-apoio-a-restauracao","status":"archive","type":"page","link":"https:\/\/www.cm-evora.pt\/en\/municipe\/areas-de-acao\/apoio-ao-comercio-local-e-restauracao\/evora-onde-o-alentejo-se-prova-a-mesa-campanha-de-apoio-a-restauracao\/","title":{"rendered":"Archived: \u00c9VORA ONDE O ALENTEJO SE PROVA \u00c0 MESA | Campanha de apoio \u00e0 restaura\u00e7\u00e3o"},"content":{"rendered":"<p class=\"qtranxs-available-languages-message qtranxs-available-languages-message-en\">Sorry, this entry is only available in <a href=\"https:\/\/www.cm-evora.pt\/pt\/wp-json\/wp\/v2\/pages\/24519\" class=\"qtranxs-available-language-link qtranxs-available-language-link-pt\" title=\"Portugu\u00eas\">Portugu\u00eas<\/a>.<\/p><p><\/p>\n<p style=\"text-align: center\"><a href=\"https:\/\/www.cm-evora.pt\/wp-content\/uploads\/2021\/06\/layout_novosite_cme_junho_03.png\" target=\"_blank\" rel=\"noopener\"><img loading=\"lazy\" decoding=\"async\" class=\"alignnone wp-image-23745 size-full\" src=\"https:\/\/www.cm-evora.pt\/wp-content\/uploads\/2021\/06\/layout_novosite_cme_junho_03.png\" alt=\"\" width=\"1680\" height=\"649\" srcset=\"https:\/\/www.cm-evora.pt\/wp-content\/uploads\/2021\/06\/layout_novosite_cme_junho_03.png 1680w, https:\/\/www.cm-evora.pt\/wp-content\/uploads\/2021\/06\/layout_novosite_cme_junho_03-300x116.png 300w, https:\/\/www.cm-evora.pt\/wp-content\/uploads\/2021\/06\/layout_novosite_cme_junho_03-1024x396.png 1024w, https:\/\/www.cm-evora.pt\/wp-content\/uploads\/2021\/06\/layout_novosite_cme_junho_03-768x297.png 768w, https:\/\/www.cm-evora.pt\/wp-content\/uploads\/2021\/06\/layout_novosite_cme_junho_03-1536x593.png 1536w, https:\/\/www.cm-evora.pt\/wp-content\/uploads\/2021\/06\/layout_novosite_cme_junho_03-1320x510.png 1320w\" sizes=\"auto, (max-width: 1680px) 100vw, 1680px\" \/><\/a><\/p>\n<p>\u00c9 tempo de trazer os clientes de volta.<\/p>\n<p>A C\u00e2mara Municipal de \u00c9vora tem em curso um programa de apoio aos restaurantes e bares do nosso Concelho. Esta \u00e9 uma campanha local e nacional com o objetivo de trazer de volta a \u00c9vora os turistas apaixonados pela boa gastronomia alentejana.<\/p>\n<p>Lembramos que est\u00e3o dispon\u00edveis gratuitamente, mediante solicita\u00e7\u00e3o, uma s\u00e9rie de materiais para o seu neg\u00f3cio.<\/p>\n<ul>\n<li style=\"list-style-type: none\">\n<ul>\n<li>Placa aberto\/Fechado<\/li>\n<li>Bases de copos<\/li>\n<li>Individuais de mesa<\/li>\n<\/ul>\n<\/li>\n<\/ul>\n<p>&nbsp;<\/p>\n<p>Todos os interessados que pretendam aderir \u00e0 campanha devem solicitar os materiais \u00e0 CME atrav\u00e9s do endere\u00e7o: <a href=\"mailto:cme.dc.comunicacao@cm-evora.pt\" target=\"_blank\" rel=\"noopener\">cme.dc.comunicacao@cm-evora.pt<\/a>.<\/p>\n<div style=\"width: 1920px;\" class=\"wp-video\"><!--[if lt IE 9]><script>document.createElement('video');<\/script><![endif]-->\n<video class=\"wp-video-shortcode\" id=\"video-24519-1\" width=\"1920\" height=\"1350\" preload=\"metadata\" controls=\"controls\"><source type=\"video\/mp4\" src=\"https:\/\/www.cm-evora.pt\/wp-content\/uploads\/2021\/06\/Campanha-Restauracao_Publicacao.mp4?_=1\" \/><a href=\"https:\/\/www.cm-evora.pt\/wp-content\/uploads\/2021\/06\/Campanha-Restauracao_Publicacao.mp4\">https:\/\/www.cm-evora.pt\/wp-content\/uploads\/2021\/06\/Campanha-Restauracao_Publicacao.mp4<\/a><\/video><\/div>\n<p>&nbsp;<\/p>\n<p>Queremos contar com a sua participa\u00e7\u00e3o na segunda fase da campanha e ajudar a divulgar o seu neg\u00f3cio atrav\u00e9s das redes sociais. Queremos que d\u00ea a cara, que fa\u00e7a parte da nossa estrat\u00e9gia. Como? Aceitando que voc\u00ea e a sua equipa sejam fotografados no seu estabelecimento. Esta campanha ter\u00e1 como objetivo afirmar ainda mais \u00c9vora como terra de bem receber. Pode marcar a sua sess\u00e3o fotogr\u00e1fica atrav\u00e9s do email <a href=\"mailto:cme.dc.comunicacao@cm-evora.pt\" target=\"_blank\" rel=\"noopener\">cme.dc.comunicacao@cm-evora.pt<\/a> ou pelo telefone <a href=\"tel:+351266777105\" target=\"_blank\" rel=\"noopener\">+351 266 777 105<\/a> \u00abChamada para a rede fixa nacional\u00bb. N\u00f3s vamos ter consigo.<\/p>\n<p>&nbsp;<\/p>\n<p>Tamb\u00e9m vamos, brevemente, disponibilizar alguns brindes para que, no final da refei\u00e7\u00e3o, possa premiar os seus clientes por escolherem \u00c9vora.<\/p>\n<p>\u00c9 tempo de trazer os clientes de volta.<\/p>\n<p>\u00c9 tempo de voltar a \u00c9vora.<\/p>\n<p>&nbsp;<\/p>\n<p><u>Nota<\/u>: Campanha limitada ao stock dispon\u00edvel.<\/p>","protected":false},"excerpt":{"rendered":"<p>Sorry, this entry is only available in Portugu\u00eas. \u00c9 tempo de trazer os clientes de volta. A C\u00e2mara Municipal de \u00c9vora tem em curso um programa de apoio aos restaurantes e bares do nosso Concelho. Esta \u00e9 uma campanha local e nacional com o objetivo de trazer de volta a \u00c9vora os turistas apaixonados pela [&hellip;]<\/p>\n","protected":false},"author":45,"featured_media":0,"parent":1496,"menu_order":2,"comment_status":"closed","ping_status":"closed","template":"templates-map\/component-text-layout1.php","meta":{"_acf_changed":false,"footnotes":""},"categories":[],"class_list":["post-24519","page","type-page","status-archive","hentry"],"acf":{"imagens":"","titulo_docs_seccao":"","documentos":""},"_links":{"self":[{"href":"https:\/\/www.cm-evora.pt\/en\/wp-json\/wp\/v2\/pages\/24519","targetHints":{"allow":["GET"]}}],"collection":[{"href":"https:\/\/www.cm-evora.pt\/en\/wp-json\/wp\/v2\/pages"}],"about":[{"href":"https:\/\/www.cm-evora.pt\/en\/wp-json\/wp\/v2\/types\/page"}],"author":[{"embeddable":true,"href":"https:\/\/www.cm-evora.pt\/en\/wp-json\/wp\/v2\/users\/45"}],"replies":[{"embeddable":true,"href":"https:\/\/www.cm-evora.pt\/en\/wp-json\/wp\/v2\/comments?post=24519"}],"version-history":[{"count":6,"href":"https:\/\/www.cm-evora.pt\/en\/wp-json\/wp\/v2\/pages\/24519\/revisions"}],"predecessor-version":[{"id":80222,"href":"https:\/\/www.cm-evora.pt\/en\/wp-json\/wp\/v2\/pages\/24519\/revisions\/80222"}],"up":[{"embeddable":true,"href":"https:\/\/www.cm-evora.pt\/en\/wp-json\/wp\/v2\/pages\/1496"}],"wp:attachment":[{"href":"https:\/\/www.cm-evora.pt\/en\/wp-json\/wp\/v2\/media?parent=24519"}],"wp:term":[{"taxonomy":"category","embeddable":true,"href":"https:\/\/www.cm-evora.pt\/en\/wp-json\/wp\/v2\/categories?post=24519"}],"curies":[{"name":"wp","href":"https:\/\/api.w.org\/{rel}","templated":true}]}}