{"id":24520,"date":"2021-07-06T18:02:27","date_gmt":"2021-07-06T17:02:27","guid":{"rendered":"https:\/\/www.cm-evora.pt\/?page_id=24520"},"modified":"2025-12-15T12:09:07","modified_gmt":"2025-12-15T12:09:07","slug":"eu-compro-em-evora-campanha-de-apoio-ao-comercio-local","status":"archive","type":"page","link":"https:\/\/www.cm-evora.pt\/en\/municipe\/areas-de-acao\/apoio-ao-comercio-local-e-restauracao\/eu-compro-em-evora-campanha-de-apoio-ao-comercio-local\/","title":{"rendered":"(Portugu\u00eas) Archived: EU COMPRO EM \u00c9VORA | Campanha de apoio ao com\u00e9rcio local"},"content":{"rendered":"<p class=\"qtranxs-available-languages-message qtranxs-available-languages-message-en\">Sorry, this entry is only available in <a href=\"https:\/\/www.cm-evora.pt\/pt\/wp-json\/wp\/v2\/pages\/24520\" class=\"qtranxs-available-language-link qtranxs-available-language-link-pt\" title=\"Portugu\u00eas\">Portugu\u00eas<\/a>.<\/p><p><\/p>\n<p style=\"text-align: center\"><a href=\"https:\/\/www.cm-evora.pt\/wp-content\/uploads\/2021\/07\/DSC_0371_T2.png\"><img loading=\"lazy\" decoding=\"async\" class=\"alignnone size-full wp-image-24511\" src=\"https:\/\/www.cm-evora.pt\/wp-content\/uploads\/2021\/07\/DSC_0371_T2.png\" alt=\"\" width=\"2464\" height=\"1632\" srcset=\"https:\/\/www.cm-evora.pt\/wp-content\/uploads\/2021\/07\/DSC_0371_T2.png 2464w, https:\/\/www.cm-evora.pt\/wp-content\/uploads\/2021\/07\/DSC_0371_T2-300x199.png 300w, https:\/\/www.cm-evora.pt\/wp-content\/uploads\/2021\/07\/DSC_0371_T2-1024x678.png 1024w, https:\/\/www.cm-evora.pt\/wp-content\/uploads\/2021\/07\/DSC_0371_T2-768x509.png 768w, https:\/\/www.cm-evora.pt\/wp-content\/uploads\/2021\/07\/DSC_0371_T2-1536x1017.png 1536w, https:\/\/www.cm-evora.pt\/wp-content\/uploads\/2021\/07\/DSC_0371_T2-2048x1356.png 2048w, https:\/\/www.cm-evora.pt\/wp-content\/uploads\/2021\/07\/DSC_0371_T2-1320x874.png 1320w\" sizes=\"auto, (max-width: 2464px) 100vw, 2464px\" \/><\/a><\/p>\n<p>A CME mant\u00e9m desde o Natal a distribui\u00e7\u00e3o de diversos materiais para apoiar e estimular a economia local, particularmente aos que lutam por manter vivo o com\u00e9rcio tradicional. Para al\u00e9m do selo \u201cEu compro em \u00c9vora\u201d, est\u00e3o \u00e0 disposi\u00e7\u00e3o dos comerciantes do concelho os seguintes materiais: placa aberto\/fechado, papel de embrulho e de sacos de papel.<\/p>\n<p>Todos os interessados com estabelecimentos comerciais no concelho de \u00c9vora podem solicitar os materiais \u00e0 CME atrav\u00e9s do endere\u00e7o: <a href=\"mailto:cme.dc.comunicacao@cm-evora.pt\" target=\"_blank\" rel=\"noopener\">cme.dc.comunicacao@cm-evora.pt<\/a>.<\/p>\n<div style=\"width: 640px;\" class=\"wp-video\"><!--[if lt IE 9]><script>document.createElement('video');<\/script><![endif]-->\n<video class=\"wp-video-shortcode\" id=\"video-24520-1\" width=\"640\" height=\"360\" preload=\"metadata\" controls=\"controls\"><source type=\"video\/mp4\" src=\"https:\/\/www.cm-evora.pt\/wp-content\/uploads\/2021\/07\/Campanha-Comercio_Voz-off_h264.mp4?_=1\" \/><a href=\"https:\/\/www.cm-evora.pt\/wp-content\/uploads\/2021\/07\/Campanha-Comercio_Voz-off_h264.mp4\">https:\/\/www.cm-evora.pt\/wp-content\/uploads\/2021\/07\/Campanha-Comercio_Voz-off_h264.mp4<\/a><\/video><\/div>\n<p>&nbsp;<\/p>\n<p><span style=\"text-decoration: underline\">Nota<\/span>: Os materiais s\u00e3o gratuitos. Campanha limitada ao stock existente.<\/p>","protected":false},"excerpt":{"rendered":"<p>Sorry, this entry is only available in Portugu\u00eas. A CME mant\u00e9m desde o Natal a distribui\u00e7\u00e3o de diversos materiais para apoiar e estimular a economia local, particularmente aos que lutam por manter vivo o com\u00e9rcio tradicional. Para al\u00e9m do selo \u201cEu compro em \u00c9vora\u201d, est\u00e3o \u00e0 disposi\u00e7\u00e3o dos comerciantes do concelho os seguintes materiais: placa [&hellip;]<\/p>\n","protected":false},"author":45,"featured_media":0,"parent":1496,"menu_order":3,"comment_status":"closed","ping_status":"closed","template":"templates-map\/component-text-layout1.php","meta":{"_acf_changed":false,"footnotes":""},"categories":[],"class_list":["post-24520","page","type-page","status-archive","hentry"],"acf":{"imagens":"","titulo_docs_seccao":"","documentos":""},"_links":{"self":[{"href":"https:\/\/www.cm-evora.pt\/en\/wp-json\/wp\/v2\/pages\/24520","targetHints":{"allow":["GET"]}}],"collection":[{"href":"https:\/\/www.cm-evora.pt\/en\/wp-json\/wp\/v2\/pages"}],"about":[{"href":"https:\/\/www.cm-evora.pt\/en\/wp-json\/wp\/v2\/types\/page"}],"author":[{"embeddable":true,"href":"https:\/\/www.cm-evora.pt\/en\/wp-json\/wp\/v2\/users\/45"}],"replies":[{"embeddable":true,"href":"https:\/\/www.cm-evora.pt\/en\/wp-json\/wp\/v2\/comments?post=24520"}],"version-history":[{"count":3,"href":"https:\/\/www.cm-evora.pt\/en\/wp-json\/wp\/v2\/pages\/24520\/revisions"}],"predecessor-version":[{"id":30742,"href":"https:\/\/www.cm-evora.pt\/en\/wp-json\/wp\/v2\/pages\/24520\/revisions\/30742"}],"up":[{"embeddable":true,"href":"https:\/\/www.cm-evora.pt\/en\/wp-json\/wp\/v2\/pages\/1496"}],"wp:attachment":[{"href":"https:\/\/www.cm-evora.pt\/en\/wp-json\/wp\/v2\/media?parent=24520"}],"wp:term":[{"taxonomy":"category","embeddable":true,"href":"https:\/\/www.cm-evora.pt\/en\/wp-json\/wp\/v2\/categories?post=24520"}],"curies":[{"name":"wp","href":"https:\/\/api.w.org\/{rel}","templated":true}]}}