{"id":2461,"date":"2020-02-03T12:17:40","date_gmt":"2020-02-03T12:17:40","guid":{"rendered":"https:\/\/evora2.int.skilltech.pt\/susProjects\/wp_evora2_suite\/?page_id=2461"},"modified":"2026-01-05T14:42:39","modified_gmt":"2026-01-05T14:42:39","slug":"boletim-municipal","status":"publish","type":"page","link":"https:\/\/www.cm-evora.pt\/en\/municipe\/camara-municipal\/boletim-municipal\/","title":{"rendered":"Boletim Municipal"},"content":{"rendered":"<p class=\"qtranxs-available-languages-message qtranxs-available-languages-message-en\">Sorry, this entry is only available in <a href=\"https:\/\/www.cm-evora.pt\/pt\/wp-json\/wp\/v2\/pages\/2461\" class=\"qtranxs-available-language-link qtranxs-available-language-link-pt\" title=\"Portugu\u00eas\">Portugu\u00eas<\/a>.<\/p><p><\/p>\n<p style=\"text-align: center\"><a href=\"https:\/\/www.cm-evora.pt\/wp-content\/uploads\/2020\/05\/Boletim-banner639.jpg\" target=\"_blank\" rel=\"noopener\"><img loading=\"lazy\" decoding=\"async\" class=\"alignnone wp-image-4125 size-full\" src=\"https:\/\/www.cm-evora.pt\/wp-content\/uploads\/2020\/05\/Boletim-banner639.jpg\" alt=\"\" width=\"639\" height=\"362\" srcset=\"https:\/\/www.cm-evora.pt\/wp-content\/uploads\/2020\/05\/Boletim-banner639.jpg 639w, https:\/\/www.cm-evora.pt\/wp-content\/uploads\/2020\/05\/Boletim-banner639-300x170.jpg 300w\" sizes=\"auto, (max-width: 639px) 100vw, 639px\" \/><\/a><\/p>\n<p>&nbsp;<\/p>\n<p>O Boletim Municipal do Munic\u00edpio de \u00c9vora tem periodicidade mensal e nos termos da Lei n.\u00ba 75\/2013, de 12 de setembro e do C\u00f3digo do Procedimento Administrativo inclui \u00fanica e exclusivamente a publica\u00e7\u00e3o das delibera\u00e7\u00f5es dos \u00f3rg\u00e3os aut\u00e1rquicos bem como as decis\u00f5es dos respetivos titulares e trabalhadores, destinadas a ter efic\u00e1cia externa. O Boletim Municipal pode ser consultado no s\u00edtio oficial na internet da C\u00e2mara Municipal de \u00c9vora e est\u00e1 igualmente dispon\u00edvel nos Servi\u00e7os Municipais.<\/p>","protected":false},"excerpt":{"rendered":"<p>Sorry, this entry is only available in Portugu\u00eas. &nbsp; O Boletim Municipal do Munic\u00edpio de \u00c9vora tem periodicidade mensal e nos termos da Lei n.\u00ba 75\/2013, de 12 de setembro e do C\u00f3digo do Procedimento Administrativo inclui \u00fanica e exclusivamente a publica\u00e7\u00e3o das delibera\u00e7\u00f5es dos \u00f3rg\u00e3os aut\u00e1rquicos bem como as decis\u00f5es dos respetivos titulares e [&hellip;]<\/p>\n","protected":false},"author":1,"featured_media":0,"parent":1430,"menu_order":16,"comment_status":"closed","ping_status":"closed","template":"templates-map\/component-file-gallery-layout2.php","meta":{"_acf_changed":false,"footnotes":""},"categories":[],"class_list":["post-2461","page","type-page","status-publish","hentry"],"acf":[],"_links":{"self":[{"href":"https:\/\/www.cm-evora.pt\/en\/wp-json\/wp\/v2\/pages\/2461","targetHints":{"allow":["GET"]}}],"collection":[{"href":"https:\/\/www.cm-evora.pt\/en\/wp-json\/wp\/v2\/pages"}],"about":[{"href":"https:\/\/www.cm-evora.pt\/en\/wp-json\/wp\/v2\/types\/page"}],"author":[{"embeddable":true,"href":"https:\/\/www.cm-evora.pt\/en\/wp-json\/wp\/v2\/users\/1"}],"replies":[{"embeddable":true,"href":"https:\/\/www.cm-evora.pt\/en\/wp-json\/wp\/v2\/comments?post=2461"}],"version-history":[{"count":20,"href":"https:\/\/www.cm-evora.pt\/en\/wp-json\/wp\/v2\/pages\/2461\/revisions"}],"predecessor-version":[{"id":80682,"href":"https:\/\/www.cm-evora.pt\/en\/wp-json\/wp\/v2\/pages\/2461\/revisions\/80682"}],"up":[{"embeddable":true,"href":"https:\/\/www.cm-evora.pt\/en\/wp-json\/wp\/v2\/pages\/1430"}],"wp:attachment":[{"href":"https:\/\/www.cm-evora.pt\/en\/wp-json\/wp\/v2\/media?parent=2461"}],"wp:term":[{"taxonomy":"category","embeddable":true,"href":"https:\/\/www.cm-evora.pt\/en\/wp-json\/wp\/v2\/categories?post=2461"}],"curies":[{"name":"wp","href":"https:\/\/api.w.org\/{rel}","templated":true}]}}