{"id":2466,"date":"2020-02-03T12:19:40","date_gmt":"2020-02-03T12:19:40","guid":{"rendered":"https:\/\/evora2.int.skilltech.pt\/susProjects\/wp_evora2_suite\/?page_id=2466"},"modified":"2024-09-24T14:48:04","modified_gmt":"2024-09-24T13:48:04","slug":"unioes-e-juntas-de-freguesias","status":"publish","type":"page","link":"https:\/\/www.cm-evora.pt\/en\/municipe\/freguesias-junta-e-assembleia\/unioes-e-juntas-de-freguesias\/","title":{"rendered":"Uni\u00f5es e Juntas de Freguesias"},"content":{"rendered":"<h3 style=\"text-align: center\"><strong>Contactos das Uni\u00f5es e Juntas de Freguesias<\/strong><\/h3>\n<p style=\"text-align: center\"><a href=\"https:\/\/www.cm-evora.pt\/wp-content\/uploads\/2020\/06\/freguesias-rurais.jpg\" target=\"_blank\" rel=\"noopener\"><img loading=\"lazy\" decoding=\"async\" class=\"alignnone wp-image-6094 size-full\" src=\"https:\/\/www.cm-evora.pt\/wp-content\/uploads\/2020\/06\/freguesias-rurais.jpg\" alt=\"\" width=\"639\" height=\"362\" srcset=\"https:\/\/www.cm-evora.pt\/wp-content\/uploads\/2020\/06\/freguesias-rurais.jpg 639w, https:\/\/www.cm-evora.pt\/wp-content\/uploads\/2020\/06\/freguesias-rurais-300x170.jpg 300w\" sizes=\"auto, (max-width: 639px) 100vw, 639px\" \/><\/a><\/p>\n<p>&nbsp;<\/p>\n<p>A assembleia de freguesia \u00e9 o \u00f3rg\u00e3o deliberativo da freguesia.<\/p>\n<p>A assembleia de freguesia \u00e9 eleita por sufr\u00e1gio universal, direto e secreto dos cidad\u00e3os recenseados na \u00e1rea da freguesia, segundo o sistema de representa\u00e7\u00e3o proporcional.<\/p>\n<p>As uni\u00f5es e juntas de freguesia s\u00e3o o \u00f3rg\u00e3o executivo colegial da freguesia, s\u00e3o constitu\u00eddas por um presidente e por vogais, sendo que dois exercer\u00e3o as fun\u00e7\u00f5es de secret\u00e1rio e de tesoureiro (Lei n.\u00ba 169\/99, de 18 de Setembro, Rect. n.\u00ba 9\/2002, de 05 de Mar\u00e7o).<\/p>\n<p>&nbsp;<\/p>\n<p><strong>UNI\u00d5ES E JUNTAS DE FREGUESIA<\/strong><\/p>\n","protected":false},"excerpt":{"rendered":"<p>Contactos das Uni\u00f5es e Juntas de Freguesias &nbsp; A assembleia de freguesia \u00e9 o \u00f3rg\u00e3o deliberativo da freguesia. A assembleia de freguesia \u00e9 eleita por sufr\u00e1gio universal, direto e secreto dos cidad\u00e3os recenseados na \u00e1rea da freguesia, segundo o sistema de representa\u00e7\u00e3o proporcional. As uni\u00f5es e juntas de freguesia s\u00e3o o \u00f3rg\u00e3o executivo colegial da [&hellip;]<\/p>\n","protected":false},"author":1,"featured_media":0,"parent":2464,"menu_order":0,"comment_status":"closed","ping_status":"closed","template":"templates-map\/component-contact-list-layout2.php","meta":{"_acf_changed":false,"footnotes":""},"categories":[],"class_list":["post-2466","page","type-page","status-publish","hentry"],"acf":[],"_links":{"self":[{"href":"https:\/\/www.cm-evora.pt\/en\/wp-json\/wp\/v2\/pages\/2466","targetHints":{"allow":["GET"]}}],"collection":[{"href":"https:\/\/www.cm-evora.pt\/en\/wp-json\/wp\/v2\/pages"}],"about":[{"href":"https:\/\/www.cm-evora.pt\/en\/wp-json\/wp\/v2\/types\/page"}],"author":[{"embeddable":true,"href":"https:\/\/www.cm-evora.pt\/en\/wp-json\/wp\/v2\/users\/1"}],"replies":[{"embeddable":true,"href":"https:\/\/www.cm-evora.pt\/en\/wp-json\/wp\/v2\/comments?post=2466"}],"version-history":[{"count":10,"href":"https:\/\/www.cm-evora.pt\/en\/wp-json\/wp\/v2\/pages\/2466\/revisions"}],"predecessor-version":[{"id":65965,"href":"https:\/\/www.cm-evora.pt\/en\/wp-json\/wp\/v2\/pages\/2466\/revisions\/65965"}],"up":[{"embeddable":true,"href":"https:\/\/www.cm-evora.pt\/en\/wp-json\/wp\/v2\/pages\/2464"}],"wp:attachment":[{"href":"https:\/\/www.cm-evora.pt\/en\/wp-json\/wp\/v2\/media?parent=2466"}],"wp:term":[{"taxonomy":"category","embeddable":true,"href":"https:\/\/www.cm-evora.pt\/en\/wp-json\/wp\/v2\/categories?post=2466"}],"curies":[{"name":"wp","href":"https:\/\/api.w.org\/{rel}","templated":true}]}}