{"id":2468,"date":"2020-02-03T12:26:58","date_gmt":"2020-02-03T12:26:58","guid":{"rendered":"https:\/\/evora2.int.skilltech.pt\/susProjects\/wp_evora2_suite\/?page_id=2468"},"modified":"2022-12-20T15:15:54","modified_gmt":"2022-12-20T15:15:54","slug":"contratos-interadministrativos-e-acordos-de-execucao","status":"publish","type":"page","link":"https:\/\/www.cm-evora.pt\/en\/municipe\/freguesias-junta-e-assembleia\/contratos-interadministrativos-e-acordos-de-execucao\/","title":{"rendered":"(Portugu\u00eas) Contratos interadministrativos e acordos de execu\u00e7\u00e3o"},"content":{"rendered":"<p class=\"qtranxs-available-languages-message qtranxs-available-languages-message-en\">Sorry, this entry is only available in <a href=\"https:\/\/www.cm-evora.pt\/pt\/wp-json\/wp\/v2\/pages\/2468\" class=\"qtranxs-available-language-link qtranxs-available-language-link-pt\" title=\"Portugu\u00eas\">Portugu\u00eas<\/a>.<\/p><p>&nbsp;<\/p>\n<p><a href=\"https:\/\/www.cm-evora.pt\/wp-content\/uploads\/2021\/01\/DSC_0004-scaled.jpg\" target=\"_blank\" rel=\"noopener\"><img loading=\"lazy\" decoding=\"async\" class=\"alignnone wp-image-18811 size-full\" src=\"https:\/\/www.cm-evora.pt\/wp-content\/uploads\/2021\/01\/DSC_0004-scaled-e1610468834751.jpg\" alt=\"\" width=\"2560\" height=\"1414\" srcset=\"https:\/\/www.cm-evora.pt\/wp-content\/uploads\/2021\/01\/DSC_0004-scaled-e1610468834751.jpg 2560w, https:\/\/www.cm-evora.pt\/wp-content\/uploads\/2021\/01\/DSC_0004-scaled-e1610468834751-300x166.jpg 300w, https:\/\/www.cm-evora.pt\/wp-content\/uploads\/2021\/01\/DSC_0004-scaled-e1610468834751-1024x566.jpg 1024w, https:\/\/www.cm-evora.pt\/wp-content\/uploads\/2021\/01\/DSC_0004-scaled-e1610468834751-768x424.jpg 768w, https:\/\/www.cm-evora.pt\/wp-content\/uploads\/2021\/01\/DSC_0004-scaled-e1610468834751-1536x848.jpg 1536w, https:\/\/www.cm-evora.pt\/wp-content\/uploads\/2021\/01\/DSC_0004-scaled-e1610468834751-2048x1131.jpg 2048w, https:\/\/www.cm-evora.pt\/wp-content\/uploads\/2021\/01\/DSC_0004-scaled-e1610468834751-1320x729.jpg 1320w\" sizes=\"auto, (max-width: 2560px) 100vw, 2560px\" \/><\/a><\/p>\n<p>&nbsp;<\/p>\n<p>A Lei n.\u00ba 75\/2013 de 12 de setembro veio introduzir um novo regime normativo de enquadramento da delega\u00e7\u00e3o de compet\u00eancias, atrav\u00e9s da sua contratualiza\u00e7\u00e3o, possibilitando que os \u00f3rg\u00e3os dos munic\u00edpios deleguem compet\u00eancias nos \u00f3rg\u00e3os das freguesias, em todos os dom\u00ednios dos interesses pr\u00f3prios das popula\u00e7\u00f5es destas, em especial no \u00e2mbito dos servi\u00e7os e as atividades de proximidade e do apoio direto \u00e0s comunidades locais.<\/p>\n<p>Assim, a C\u00e2mara Municipal de \u00c9vora celebrou em 2016 com as uni\u00f5es e juntas de freguesia os seguintes contratos de delega\u00e7\u00e3o de compet\u00eancias e acordos de execu\u00e7\u00e3o:<\/p>","protected":false},"excerpt":{"rendered":"<p>Sorry, this entry is only available in Portugu\u00eas.&nbsp; &nbsp; A Lei n.\u00ba 75\/2013 de 12 de setembro veio introduzir um novo regime normativo de enquadramento da delega\u00e7\u00e3o de compet\u00eancias, atrav\u00e9s da sua contratualiza\u00e7\u00e3o, possibilitando que os \u00f3rg\u00e3os dos munic\u00edpios deleguem compet\u00eancias nos \u00f3rg\u00e3os das freguesias, em todos os dom\u00ednios dos interesses pr\u00f3prios das popula\u00e7\u00f5es destas, [&hellip;]<\/p>\n","protected":false},"author":1,"featured_media":0,"parent":2464,"menu_order":1,"comment_status":"closed","ping_status":"closed","template":"templates-map\/component-file-gallery-layout2.php","meta":{"_acf_changed":false,"footnotes":""},"categories":[],"class_list":["post-2468","page","type-page","status-publish","hentry"],"acf":[],"_links":{"self":[{"href":"https:\/\/www.cm-evora.pt\/en\/wp-json\/wp\/v2\/pages\/2468","targetHints":{"allow":["GET"]}}],"collection":[{"href":"https:\/\/www.cm-evora.pt\/en\/wp-json\/wp\/v2\/pages"}],"about":[{"href":"https:\/\/www.cm-evora.pt\/en\/wp-json\/wp\/v2\/types\/page"}],"author":[{"embeddable":true,"href":"https:\/\/www.cm-evora.pt\/en\/wp-json\/wp\/v2\/users\/1"}],"replies":[{"embeddable":true,"href":"https:\/\/www.cm-evora.pt\/en\/wp-json\/wp\/v2\/comments?post=2468"}],"version-history":[{"count":11,"href":"https:\/\/www.cm-evora.pt\/en\/wp-json\/wp\/v2\/pages\/2468\/revisions"}],"predecessor-version":[{"id":44012,"href":"https:\/\/www.cm-evora.pt\/en\/wp-json\/wp\/v2\/pages\/2468\/revisions\/44012"}],"up":[{"embeddable":true,"href":"https:\/\/www.cm-evora.pt\/en\/wp-json\/wp\/v2\/pages\/2464"}],"wp:attachment":[{"href":"https:\/\/www.cm-evora.pt\/en\/wp-json\/wp\/v2\/media?parent=2468"}],"wp:term":[{"taxonomy":"category","embeddable":true,"href":"https:\/\/www.cm-evora.pt\/en\/wp-json\/wp\/v2\/categories?post=2468"}],"curies":[{"name":"wp","href":"https:\/\/api.w.org\/{rel}","templated":true}]}}