{"id":2474,"date":"2020-02-03T12:42:35","date_gmt":"2020-02-03T12:42:35","guid":{"rendered":"https:\/\/evora2.int.skilltech.pt\/susProjects\/wp_evora2_suite\/?page_id=2474"},"modified":"2023-02-16T15:26:58","modified_gmt":"2023-02-16T15:26:58","slug":"espaco-publico","status":"publish","type":"page","link":"https:\/\/www.cm-evora.pt\/en\/municipe\/areas-de-acao\/espaco-publico\/","title":{"rendered":"(Portugu\u00eas) Espa\u00e7o P\u00fablico"},"content":{"rendered":"<p class=\"qtranxs-available-languages-message qtranxs-available-languages-message-en\">Sorry, this entry is only available in <a href=\"https:\/\/www.cm-evora.pt\/pt\/wp-json\/wp\/v2\/pages\/2474\" class=\"qtranxs-available-language-link qtranxs-available-language-link-pt\" title=\"Portugu\u00eas\">Portugu\u00eas<\/a>.<\/p><p><\/p>\n<h3 style=\"text-align: center\">Avalia\u00e7\u00e3o Permanente do Espa\u00e7o P\u00fablico<\/h3>\n<p style=\"text-align: center\"><a href=\"https:\/\/www.cm-evora.pt\/wp-content\/uploads\/2020\/07\/espaco-publico6.jpg\"><img loading=\"lazy\" decoding=\"async\" class=\"alignnone wp-image-11152\" src=\"https:\/\/www.cm-evora.pt\/wp-content\/uploads\/2020\/07\/espaco-publico6.jpg\" alt=\"\" width=\"794\" height=\"450\" srcset=\"https:\/\/www.cm-evora.pt\/wp-content\/uploads\/2020\/07\/espaco-publico6.jpg 639w, https:\/\/www.cm-evora.pt\/wp-content\/uploads\/2020\/07\/espaco-publico6-300x170.jpg 300w\" sizes=\"auto, (max-width: 794px) 100vw, 794px\" \/><\/a><\/p>\n<p>&nbsp;<\/p>\n<p>Os espa\u00e7os p\u00fablicos s\u00e3o os espa\u00e7os de articula\u00e7\u00e3o entre o individual e o coletivo. \u00c9 no espa\u00e7o p\u00fablico que se promove o equil\u00edbrio entre o indiv\u00edduo e a comunidade, sendo, pois, a \u00e1rea de interven\u00e7\u00e3o municipal por excel\u00eancia. \u00c9 nos espa\u00e7os p\u00fablicos que a transversalidade de atua\u00e7\u00e3o do Munic\u00edpio e dos seus diferentes servi\u00e7os mais se faz sentir.<\/p>\n<p>Nesta perspetiva, o Munic\u00edpio de \u00c9vora det\u00e9m uma inovadora \u00e1rea funcional que avalia de forma continuada esses espa\u00e7os, fornecendo quer \u00e0 gest\u00e3o pol\u00edtica da c\u00e2mara quer aos servi\u00e7os, relat\u00f3rios que permitem um maior conhecimento das realidades ali vividas, diagn\u00f3sticos das mesmas e propostas de a\u00e7\u00e3o adequadas \u00e0 ultrapassagem dos problemas identificados.<\/p>\n<p>As medidas corretivas propostas, v\u00e3o desde a elabora\u00e7\u00e3o de estudos de aprofundamento de solu\u00e7\u00f5es de materiais e t\u00e9cnicas construtivas alternativas, \u00e0 altera\u00e7\u00e3o das pr\u00e1ticas procedimentais dos servi\u00e7os, passando por altera\u00e7\u00f5es regulamentares sobre interven\u00e7\u00f5es de terceiros ou campanhas de sensibiliza\u00e7\u00e3o de agentes e popula\u00e7\u00f5es.<\/p>\n<p>&nbsp;<\/p>\n<p style=\"text-align: center\"><a href=\"https:\/\/www.cm-evora.pt\/wp-content\/uploads\/2020\/07\/apep6.jpg\"><img loading=\"lazy\" decoding=\"async\" class=\"alignnone wp-image-11151\" src=\"https:\/\/www.cm-evora.pt\/wp-content\/uploads\/2020\/07\/apep6.jpg\" alt=\"\" width=\"240\" height=\"319\" \/><\/a> <a href=\"https:\/\/www.cm-evora.pt\/wp-content\/uploads\/2020\/07\/APEP1.jpg\"><img loading=\"lazy\" decoding=\"async\" class=\"alignnone wp-image-11150\" src=\"https:\/\/www.cm-evora.pt\/wp-content\/uploads\/2020\/07\/APEP1.jpg\" alt=\"\" width=\"240\" height=\"320\" \/><\/a> <a href=\"https:\/\/www.cm-evora.pt\/wp-content\/uploads\/2020\/07\/apep5.jpg\"><img loading=\"lazy\" decoding=\"async\" class=\"alignnone wp-image-11149\" src=\"https:\/\/www.cm-evora.pt\/wp-content\/uploads\/2020\/07\/apep5.jpg\" alt=\"\" width=\"240\" height=\"319\" \/><\/a> <a href=\"https:\/\/www.cm-evora.pt\/wp-content\/uploads\/2020\/07\/apep7.jpg\"><img loading=\"lazy\" decoding=\"async\" class=\"alignnone wp-image-11148\" src=\"https:\/\/www.cm-evora.pt\/wp-content\/uploads\/2020\/07\/apep7.jpg\" alt=\"\" width=\"240\" height=\"322\" \/><\/a><\/p>\n<p>&nbsp;<\/p>\n<p>&nbsp;<\/p>","protected":false},"excerpt":{"rendered":"<p>Sorry, this entry is only available in Portugu\u00eas. Avalia\u00e7\u00e3o Permanente do Espa\u00e7o P\u00fablico &nbsp; Os espa\u00e7os p\u00fablicos s\u00e3o os espa\u00e7os de articula\u00e7\u00e3o entre o individual e o coletivo. \u00c9 no espa\u00e7o p\u00fablico que se promove o equil\u00edbrio entre o indiv\u00edduo e a comunidade, sendo, pois, a \u00e1rea de interven\u00e7\u00e3o municipal por excel\u00eancia. \u00c9 nos espa\u00e7os [&hellip;]<\/p>\n","protected":false},"author":1,"featured_media":0,"parent":1300,"menu_order":15,"comment_status":"closed","ping_status":"closed","template":"templates-map\/component-text-layout1.php","meta":{"_acf_changed":false,"footnotes":""},"categories":[],"class_list":["post-2474","page","type-page","status-publish","hentry"],"acf":{"imagens":"","titulo_docs_seccao":"","documentos":[11155,11157,11159,11161,11163,11165]},"_links":{"self":[{"href":"https:\/\/www.cm-evora.pt\/en\/wp-json\/wp\/v2\/pages\/2474","targetHints":{"allow":["GET"]}}],"collection":[{"href":"https:\/\/www.cm-evora.pt\/en\/wp-json\/wp\/v2\/pages"}],"about":[{"href":"https:\/\/www.cm-evora.pt\/en\/wp-json\/wp\/v2\/types\/page"}],"author":[{"embeddable":true,"href":"https:\/\/www.cm-evora.pt\/en\/wp-json\/wp\/v2\/users\/1"}],"replies":[{"embeddable":true,"href":"https:\/\/www.cm-evora.pt\/en\/wp-json\/wp\/v2\/comments?post=2474"}],"version-history":[{"count":9,"href":"https:\/\/www.cm-evora.pt\/en\/wp-json\/wp\/v2\/pages\/2474\/revisions"}],"predecessor-version":[{"id":45772,"href":"https:\/\/www.cm-evora.pt\/en\/wp-json\/wp\/v2\/pages\/2474\/revisions\/45772"}],"up":[{"embeddable":true,"href":"https:\/\/www.cm-evora.pt\/en\/wp-json\/wp\/v2\/pages\/1300"}],"acf:post":[{"embeddable":true,"href":"https:\/\/www.cm-evora.pt\/en\/wp-json\/wp\/v2\/listas_ficheiros\/11165"},{"embeddable":true,"href":"https:\/\/www.cm-evora.pt\/en\/wp-json\/wp\/v2\/listas_ficheiros\/11163"},{"embeddable":true,"href":"https:\/\/www.cm-evora.pt\/en\/wp-json\/wp\/v2\/listas_ficheiros\/11161"},{"embeddable":true,"href":"https:\/\/www.cm-evora.pt\/en\/wp-json\/wp\/v2\/listas_ficheiros\/11159"},{"embeddable":true,"href":"https:\/\/www.cm-evora.pt\/en\/wp-json\/wp\/v2\/listas_ficheiros\/11157"},{"embeddable":true,"href":"https:\/\/www.cm-evora.pt\/en\/wp-json\/wp\/v2\/listas_ficheiros\/11155"}],"wp:attachment":[{"href":"https:\/\/www.cm-evora.pt\/en\/wp-json\/wp\/v2\/media?parent=2474"}],"wp:term":[{"taxonomy":"category","embeddable":true,"href":"https:\/\/www.cm-evora.pt\/en\/wp-json\/wp\/v2\/categories?post=2474"}],"curies":[{"name":"wp","href":"https:\/\/api.w.org\/{rel}","templated":true}]}}