{"id":2476,"date":"2020-02-03T12:42:52","date_gmt":"2020-02-03T12:42:52","guid":{"rendered":"https:\/\/evora2.int.skilltech.pt\/susProjects\/wp_evora2_suite\/?page_id=2476"},"modified":"2023-02-20T14:41:57","modified_gmt":"2023-02-20T14:41:57","slug":"servico-veterinario-municipal","status":"publish","type":"page","link":"https:\/\/www.cm-evora.pt\/en\/municipe\/areas-de-acao\/servico-veterinario-municipal\/","title":{"rendered":"(Portugu\u00eas) Servi\u00e7o Veterin\u00e1rio Municipal"},"content":{"rendered":"<p class=\"qtranxs-available-languages-message qtranxs-available-languages-message-en\">Sorry, this entry is only available in <a href=\"https:\/\/www.cm-evora.pt\/pt\/wp-json\/wp\/v2\/pages\/2476\" class=\"qtranxs-available-language-link qtranxs-available-language-link-pt\" title=\"Portugu\u00eas\">Portugu\u00eas<\/a>.<\/p><p><a href=\"https:\/\/www.cm-evora.pt\/esterilizar-solidario\/\" target=\"_blank\" rel=\"noopener noreferrer\"><img loading=\"lazy\" decoding=\"async\" class=\"wp-image-20475 size-medium alignleft\" src=\"https:\/\/www.cm-evora.pt\/wp-content\/uploads\/2021\/02\/Diapositivo1-1-257x300.jpeg\" alt=\"\" width=\"257\" height=\"300\" srcset=\"https:\/\/www.cm-evora.pt\/wp-content\/uploads\/2021\/02\/Diapositivo1-1-257x300.jpeg 257w, https:\/\/www.cm-evora.pt\/wp-content\/uploads\/2021\/02\/Diapositivo1-1-768x898.jpeg 768w, https:\/\/www.cm-evora.pt\/wp-content\/uploads\/2021\/02\/Diapositivo1-1.jpeg 818w\" sizes=\"auto, (max-width: 257px) 100vw, 257px\" \/><\/a> <a href=\"https:\/\/www.cm-evora.pt\/adocao-de-animais\/\" target=\"_blank\" rel=\"noopener noreferrer\"><img loading=\"lazy\" decoding=\"async\" class=\"wp-image-21543 size-medium alignleft\" src=\"https:\/\/www.cm-evora.pt\/wp-content\/uploads\/2021\/03\/Diapositivo2-e1615541018552-300x298.jpeg\" alt=\"\" width=\"300\" height=\"298\" srcset=\"https:\/\/www.cm-evora.pt\/wp-content\/uploads\/2021\/03\/Diapositivo2-e1615541018552-300x298.jpeg 300w, https:\/\/www.cm-evora.pt\/wp-content\/uploads\/2021\/03\/Diapositivo2-e1615541018552-150x150.jpeg 150w, https:\/\/www.cm-evora.pt\/wp-content\/uploads\/2021\/03\/Diapositivo2-e1615541018552-768x762.jpeg 768w, https:\/\/www.cm-evora.pt\/wp-content\/uploads\/2021\/03\/Diapositivo2-e1615541018552.jpeg 1001w\" sizes=\"auto, (max-width: 300px) 100vw, 300px\" \/><\/a><\/p>\n<p>&nbsp;<\/p>\n<p style=\"text-align: left\">\n<p>&nbsp;<\/p>\n<p>&nbsp;<\/p>\n<p>&nbsp;<\/p>\n<p>&nbsp;<\/p>\n<p>&nbsp;<\/p>\n<p>&nbsp;<\/p>\n<p>&nbsp;<\/p>\n<p>&nbsp;<\/p>\n<p><a href=\"https:\/\/www.cm-evora.pt\/pegar-e-largar\/\" target=\"_blank\" rel=\"noopener noreferrer\"><img loading=\"lazy\" decoding=\"async\" class=\"alignleft wp-image-20477 size-medium\" src=\"https:\/\/www.cm-evora.pt\/wp-content\/uploads\/2021\/02\/Diapositivo3-1-300x235.jpeg\" alt=\"\" width=\"300\" height=\"235\" srcset=\"https:\/\/www.cm-evora.pt\/wp-content\/uploads\/2021\/02\/Diapositivo3-1-300x235.jpeg 300w, https:\/\/www.cm-evora.pt\/wp-content\/uploads\/2021\/02\/Diapositivo3-1-1024x804.jpeg 1024w, https:\/\/www.cm-evora.pt\/wp-content\/uploads\/2021\/02\/Diapositivo3-1-768x603.jpeg 768w, https:\/\/www.cm-evora.pt\/wp-content\/uploads\/2021\/02\/Diapositivo3-1.jpeg 1302w\" sizes=\"auto, (max-width: 300px) 100vw, 300px\" \/><\/a> <a href=\"https:\/\/www.cm-evora.pt\/centro-de-recolha-oficial-cro-canilgatil-municipal\/\" target=\"_blank\" rel=\"noopener noreferrer\"><img loading=\"lazy\" decoding=\"async\" class=\"alignleft wp-image-20478 size-medium\" src=\"https:\/\/www.cm-evora.pt\/wp-content\/uploads\/2021\/02\/Diapositivo4-1-300x239.jpeg\" alt=\"\" width=\"300\" height=\"239\" srcset=\"https:\/\/www.cm-evora.pt\/wp-content\/uploads\/2021\/02\/Diapositivo4-1-300x239.jpeg 300w, https:\/\/www.cm-evora.pt\/wp-content\/uploads\/2021\/02\/Diapositivo4-1-1024x815.jpeg 1024w, https:\/\/www.cm-evora.pt\/wp-content\/uploads\/2021\/02\/Diapositivo4-1-768x611.jpeg 768w, https:\/\/www.cm-evora.pt\/wp-content\/uploads\/2021\/02\/Diapositivo4-1.jpeg 1262w\" sizes=\"auto, (max-width: 300px) 100vw, 300px\" \/><\/a><\/p>","protected":false},"excerpt":{"rendered":"<p>Sorry, this entry is only available in Portugu\u00eas. &nbsp; &nbsp; &nbsp; &nbsp; &nbsp; &nbsp; &nbsp; &nbsp; &nbsp;<\/p>\n","protected":false},"author":1,"featured_media":0,"parent":1300,"menu_order":17,"comment_status":"closed","ping_status":"closed","template":"templates-map\/component-text-layout1.php","meta":{"_acf_changed":false,"footnotes":""},"categories":[],"class_list":["post-2476","page","type-page","status-publish","hentry"],"acf":{"imagens":"","titulo_docs_seccao":"","documentos":""},"_links":{"self":[{"href":"https:\/\/www.cm-evora.pt\/en\/wp-json\/wp\/v2\/pages\/2476","targetHints":{"allow":["GET"]}}],"collection":[{"href":"https:\/\/www.cm-evora.pt\/en\/wp-json\/wp\/v2\/pages"}],"about":[{"href":"https:\/\/www.cm-evora.pt\/en\/wp-json\/wp\/v2\/types\/page"}],"author":[{"embeddable":true,"href":"https:\/\/www.cm-evora.pt\/en\/wp-json\/wp\/v2\/users\/1"}],"replies":[{"embeddable":true,"href":"https:\/\/www.cm-evora.pt\/en\/wp-json\/wp\/v2\/comments?post=2476"}],"version-history":[{"count":23,"href":"https:\/\/www.cm-evora.pt\/en\/wp-json\/wp\/v2\/pages\/2476\/revisions"}],"predecessor-version":[{"id":45815,"href":"https:\/\/www.cm-evora.pt\/en\/wp-json\/wp\/v2\/pages\/2476\/revisions\/45815"}],"up":[{"embeddable":true,"href":"https:\/\/www.cm-evora.pt\/en\/wp-json\/wp\/v2\/pages\/1300"}],"wp:attachment":[{"href":"https:\/\/www.cm-evora.pt\/en\/wp-json\/wp\/v2\/media?parent=2476"}],"wp:term":[{"taxonomy":"category","embeddable":true,"href":"https:\/\/www.cm-evora.pt\/en\/wp-json\/wp\/v2\/categories?post=2476"}],"curies":[{"name":"wp","href":"https:\/\/api.w.org\/{rel}","templated":true}]}}