{"id":2484,"date":"2020-02-03T12:49:16","date_gmt":"2020-02-03T12:49:16","guid":{"rendered":"https:\/\/evora2.int.skilltech.pt\/susProjects\/wp_evora2_suite\/?page_id=2484"},"modified":"2023-01-26T10:55:01","modified_gmt":"2023-01-26T10:55:01","slug":"desporto","status":"publish","type":"page","link":"https:\/\/www.cm-evora.pt\/en\/municipe\/areas-de-acao\/desporto-e-lazer\/desporto\/","title":{"rendered":"(Portugu\u00eas) Desporto"},"content":{"rendered":"<p class=\"qtranxs-available-languages-message qtranxs-available-languages-message-en\">Sorry, this entry is only available in <a href=\"https:\/\/www.cm-evora.pt\/pt\/wp-json\/wp\/v2\/pages\/2484\" class=\"qtranxs-available-language-link qtranxs-available-language-link-pt\" title=\"Portugu\u00eas\">Portugu\u00eas<\/a>.<\/p><p><\/p>\n<p style=\"text-align: center\"><strong><a href=\"https:\/\/www.cm-evora.pt\/wp-content\/uploads\/2021\/01\/DSC0088-scaled.jpg\" target=\"_blank\" rel=\"noopener\"><img loading=\"lazy\" decoding=\"async\" class=\"alignnone wp-image-19135 size-full\" src=\"https:\/\/www.cm-evora.pt\/wp-content\/uploads\/2021\/01\/DSC0088-scaled.jpg\" alt=\"\" width=\"2560\" height=\"1707\" srcset=\"https:\/\/www.cm-evora.pt\/wp-content\/uploads\/2021\/01\/DSC0088-scaled.jpg 2560w, https:\/\/www.cm-evora.pt\/wp-content\/uploads\/2021\/01\/DSC0088-300x200.jpg 300w, https:\/\/www.cm-evora.pt\/wp-content\/uploads\/2021\/01\/DSC0088-1024x683.jpg 1024w, https:\/\/www.cm-evora.pt\/wp-content\/uploads\/2021\/01\/DSC0088-768x512.jpg 768w, https:\/\/www.cm-evora.pt\/wp-content\/uploads\/2021\/01\/DSC0088-1536x1024.jpg 1536w, https:\/\/www.cm-evora.pt\/wp-content\/uploads\/2021\/01\/DSC0088-2048x1365.jpg 2048w, https:\/\/www.cm-evora.pt\/wp-content\/uploads\/2021\/01\/DSC0088-1320x880.jpg 1320w\" sizes=\"auto, (max-width: 2560px) 100vw, 2560px\" \/><\/a><\/strong><\/p>\n<p>&nbsp;<\/p>\n<p>Ser herdeiro de um passado grande<\/p>\n<p>Ser testemunho de uma cidade velha em transforma\u00e7\u00e3o<\/p>\n<p>Ser ator da evolu\u00e7\u00e3o, ser agente criativo, ser inconformado<\/p>\n<p>Ser capaz de transformar<\/p>\n<p>Ser Jovem<\/p>\n<p>em \u00c9vora<\/p>\n<p>Somos o munic\u00edpio de \u00c9vora, avan\u00e7amos com os jovens, pelos caminhos que soubermos descobrir\u2026 em conjunto.<\/p>\n<p>Pelo desporto, pela utiliza\u00e7\u00e3o dos circuitos de manuten\u00e7\u00e3o, dos campos desportivos, das piscinas, da pista de atletismo, dos aparelhos de gin\u00e1stica ao ar livre, das caminhadas, corridas e passeios de bicicleta, pelos percursos ambientais como o do Alto de S. Bento, ou o do Aqueduto, Caminhos de Santiago, nos jardins e parques da cidade. Queremos contribuir para formar cidad\u00e3os saud\u00e1veis e inclusivos, respeitadores e defensores do espa\u00e7o p\u00fablico, determinados na defesa de estilos de vida saud\u00e1veis.<\/p>\n<p>Somos \u00c9vora criativa e participativa, candidata a Capital Europeia da Cultura 2017, jovem, para jovens.<\/p>\n<p>Assumimos a defesa do ambiente, preocupamo-nos com os impactos das altera\u00e7\u00f5es clim\u00e1ticas e da sustentabilidade ambiental.<\/p>\n<p>Comprometemo-nos a \u201cAgir pelo Ambiente, Construir um Concelho Sustent\u00e1vel\u201d<\/p>\n<p>&nbsp;<\/p>\n<p><strong>Defini\u00e7\u00e3o de desporto<\/strong><\/p>\n<p><em>Todas as formas de atividade f\u00edsica que, atrav\u00e9s de participa\u00e7\u00e3o organizada ou n\u00e3o, t\u00eam por objetivo melhorar a condi\u00e7\u00e3o f\u00edsica e ps\u00edquica e o desenvolvimento das rela\u00e7\u00f5es sociais e humanas, proporcionado uma vida melhor, mais saud\u00e1vel e, consequentemente, mais feliz.<\/em><\/p>\n<p><u>Fonte<\/u>: Carta Europeia do Desporto,1992<\/p>\n<p>&nbsp;<\/p>\n<p><strong>Atribui\u00e7\u00f5es e Compet\u00eancias do Munic\u00edpio na \u00c1rea Desportiva<\/strong><\/p>\n<p>A promo\u00e7\u00e3o e a salvaguarda dos direitos e interesses coletivos da popula\u00e7\u00e3o no dom\u00ednio dos Tempos Livres e Desporto, nomeadamente promover e executar projetos de interven\u00e7\u00e3o comunit\u00e1ria em articula\u00e7\u00e3o com as freguesias.<\/p>\n<p>&nbsp;<\/p>\n<p><strong>Equipamentos Municipais<\/strong><\/p>\n<p><strong>Hor\u00e1rio do Circuito de Manuten\u00e7\u00e3o<\/strong><\/p>\n<p>No Ver\u00e3o das 07h00 \u00e0s 22h00<\/p>\n<p>No Inverno das 07h00 \u00e0s 21h00 (21 dezembro a 20 mar\u00e7o)<\/p>\n<p>&nbsp;<\/p>\n<p><strong>Complexo Desportivo de \u00c9vora<\/strong><\/p>\n<p><a href=\"https:\/\/www.cm-evora.pt\/visitante\/lazer-visitar\/complexo-desportivo-de-evora\/\" target=\"_blank\" rel=\"noopener\">Complexo Desportivo de \u00c9vora<\/a><\/p>\n<p>&nbsp;<\/p>\n<p><strong>Parque Municipal de Piscinas Eng\u00ba Arantes e Oliveira<\/strong><\/p>\n<p><a href=\"https:\/\/www.cm-evora.pt\/visitante\/lazer-visitar\/piscinas-municipais\/\" target=\"_blank\" rel=\"noopener\">Piscinas Municipais<\/a><\/p>\n<p>&nbsp;<\/p>\n<p><strong>Programas desportivos destinados aos idosos<\/strong><\/p>\n<p><a href=\"https:\/\/www.cm-evora.pt\/municipe\/areas-de-acao\/desporto-e-lazer\/programas-desportivos\/seniores-ativos\/\" target=\"_blank\" rel=\"noopener\">Seniores Ativos<\/a><\/p>\n<p>&nbsp;<\/p>\n<p><strong>Percursos Ambientais<\/strong><\/p>\n<p><a href=\"http:\/\/www.evora.net\/percursos\/\" target=\"_blank\" rel=\"noopener\">Percursos Ambientais de \u00c9vora<\/a><\/p>\n<p>&nbsp;<\/p>","protected":false},"excerpt":{"rendered":"<p>Sorry, this entry is only available in Portugu\u00eas. &nbsp; Ser herdeiro de um passado grande Ser testemunho de uma cidade velha em transforma\u00e7\u00e3o Ser ator da evolu\u00e7\u00e3o, ser agente criativo, ser inconformado Ser capaz de transformar Ser Jovem em \u00c9vora Somos o munic\u00edpio de \u00c9vora, avan\u00e7amos com os jovens, pelos caminhos que soubermos descobrir\u2026 em [&hellip;]<\/p>\n","protected":false},"author":1,"featured_media":0,"parent":1502,"menu_order":4,"comment_status":"closed","ping_status":"closed","template":"templates-map\/component-text-layout1.php","meta":{"_acf_changed":false,"footnotes":""},"categories":[],"class_list":["post-2484","page","type-page","status-publish","hentry"],"acf":{"imagens":"","titulo_docs_seccao":"","documentos":""},"_links":{"self":[{"href":"https:\/\/www.cm-evora.pt\/en\/wp-json\/wp\/v2\/pages\/2484","targetHints":{"allow":["GET"]}}],"collection":[{"href":"https:\/\/www.cm-evora.pt\/en\/wp-json\/wp\/v2\/pages"}],"about":[{"href":"https:\/\/www.cm-evora.pt\/en\/wp-json\/wp\/v2\/types\/page"}],"author":[{"embeddable":true,"href":"https:\/\/www.cm-evora.pt\/en\/wp-json\/wp\/v2\/users\/1"}],"replies":[{"embeddable":true,"href":"https:\/\/www.cm-evora.pt\/en\/wp-json\/wp\/v2\/comments?post=2484"}],"version-history":[{"count":15,"href":"https:\/\/www.cm-evora.pt\/en\/wp-json\/wp\/v2\/pages\/2484\/revisions"}],"predecessor-version":[{"id":44983,"href":"https:\/\/www.cm-evora.pt\/en\/wp-json\/wp\/v2\/pages\/2484\/revisions\/44983"}],"up":[{"embeddable":true,"href":"https:\/\/www.cm-evora.pt\/en\/wp-json\/wp\/v2\/pages\/1502"}],"wp:attachment":[{"href":"https:\/\/www.cm-evora.pt\/en\/wp-json\/wp\/v2\/media?parent=2484"}],"wp:term":[{"taxonomy":"category","embeddable":true,"href":"https:\/\/www.cm-evora.pt\/en\/wp-json\/wp\/v2\/categories?post=2484"}],"curies":[{"name":"wp","href":"https:\/\/api.w.org\/{rel}","templated":true}]}}