{"id":2494,"date":"2020-02-03T12:52:25","date_gmt":"2020-02-03T12:52:25","guid":{"rendered":"https:\/\/evora2.int.skilltech.pt\/susProjects\/wp_evora2_suite\/?page_id=2494"},"modified":"2023-01-26T10:09:57","modified_gmt":"2023-01-26T10:09:57","slug":"desporto-para-pessoas-com-deficiencia-2","status":"publish","type":"page","link":"https:\/\/www.cm-evora.pt\/en\/municipe\/areas-de-acao\/desporto-e-lazer\/desporto-para-pessoas-com-deficiencia-2\/","title":{"rendered":"(Portugu\u00eas) Desporto para Pessoas com Defici\u00eancia"},"content":{"rendered":"<p class=\"qtranxs-available-languages-message qtranxs-available-languages-message-en\">Sorry, this entry is only available in <a href=\"https:\/\/www.cm-evora.pt\/pt\/wp-json\/wp\/v2\/pages\/2494\" class=\"qtranxs-available-language-link qtranxs-available-language-link-pt\" title=\"Portugu\u00eas\">Portugu\u00eas<\/a>.<\/p><p><\/p>\n<p style=\"text-align: center\"><strong>\u200b<a href=\"https:\/\/www.cm-evora.pt\/wp-content\/uploads\/2022\/02\/Logotipo_InclusaoemMovimento_V1-03.png\"><img loading=\"lazy\" decoding=\"async\" class=\"alignnone size-full wp-image-31462\" src=\"https:\/\/www.cm-evora.pt\/wp-content\/uploads\/2022\/02\/Logotipo_InclusaoemMovimento_V1-03.png\" alt=\"\" width=\"2094\" height=\"1055\" srcset=\"https:\/\/www.cm-evora.pt\/wp-content\/uploads\/2022\/02\/Logotipo_InclusaoemMovimento_V1-03.png 2094w, https:\/\/www.cm-evora.pt\/wp-content\/uploads\/2022\/02\/Logotipo_InclusaoemMovimento_V1-03-300x151.png 300w, https:\/\/www.cm-evora.pt\/wp-content\/uploads\/2022\/02\/Logotipo_InclusaoemMovimento_V1-03-1024x516.png 1024w, https:\/\/www.cm-evora.pt\/wp-content\/uploads\/2022\/02\/Logotipo_InclusaoemMovimento_V1-03-768x387.png 768w, https:\/\/www.cm-evora.pt\/wp-content\/uploads\/2022\/02\/Logotipo_InclusaoemMovimento_V1-03-1536x774.png 1536w, https:\/\/www.cm-evora.pt\/wp-content\/uploads\/2022\/02\/Logotipo_InclusaoemMovimento_V1-03-2048x1032.png 2048w, https:\/\/www.cm-evora.pt\/wp-content\/uploads\/2022\/02\/Logotipo_InclusaoemMovimento_V1-03-1320x665.png 1320w\" sizes=\"auto, (max-width: 2094px) 100vw, 2094px\" \/><\/a><\/strong><\/p>\n<p>&nbsp;<\/p>\n<p><strong>Para mais informa\u00e7\u00f5es consulte os seguintes links:<\/strong><\/p>\n<ul>\n<li style=\"list-style-type: none\">\n<ul>\n<li><a href=\"https:\/\/www.comiteparalimpicoportugal.pt\/default.aspx\" target=\"_blank\" rel=\"noopener\">Comit\u00e9 Paraol\u00edmpico de Portugal<\/a><\/li>\n<\/ul>\n<\/li>\n<\/ul>\n<ul>\n<li style=\"list-style-type: none\">\n<ul>\n<li><a href=\"http:\/\/www.fpdd.org\/\" target=\"_blank\" rel=\"noopener\">Federa\u00e7\u00e3o Portuguesa de Desporto para Pessoas com Defici\u00eancia<\/a><\/li>\n<\/ul>\n<\/li>\n<\/ul>\n<ul>\n<li style=\"list-style-type: none\">\n<ul>\n<li><a href=\"https:\/\/www.cm-evora.pt\/municipe\/projetos-municipais\/pel-projeto-educativo-local\/projetos-educativos\/inclusao-em-movimento\/\" target=\"_blank\" rel=\"noopener\">Inclus\u00e3o em Movimento<\/a><\/li>\n<\/ul>\n<\/li>\n<\/ul>\n<p>&nbsp;<\/p>\n<p><strong>Associa\u00e7\u00f5es promotoras de desporto adaptado:<\/strong><\/p>\n<ul>\n<li style=\"list-style-type: none\">\n<ul>\n<li><a href=\"http:\/\/www.apce.org.pt\/\" target=\"_blank\" rel=\"noopener\">APCE<\/a> &#8211; Associa\u00e7\u00e3o de Paralisia Cerebral de \u00c9vora<\/li>\n<\/ul>\n<\/li>\n<\/ul>\n<ul>\n<li style=\"list-style-type: none\">\n<ul>\n<li><a href=\"http:\/\/appacdm-evora.wixsite.com\/sede\" target=\"_blank\" rel=\"noopener\">APPACDM<\/a> &#8211; Associa\u00e7\u00e3o Portuguesa de Pais e Amigos do Cidad\u00e3o Deficiente Mental<\/li>\n<\/ul>\n<\/li>\n<\/ul>\n<ul>\n<li style=\"list-style-type: none\">\n<ul>\n<li><a href=\"https:\/\/ascte.com\/site\/index.php\/pt\/\" target=\"_blank\" rel=\"noopener\">ASCTE<\/a> &#8211; Associa\u00e7\u00e3o S\u00f3cio Cultural Terap\u00eautica de \u00c9vora<\/li>\n<\/ul>\n<\/li>\n<\/ul>\n<ul>\n<li style=\"list-style-type: none\">\n<ul>\n<li><a href=\"https:\/\/www.arass.pt\/\" target=\"_blank\" rel=\"noopener\">ARASS<\/a> &#8211; Associa\u00e7\u00e3o de Reabilita\u00e7\u00e3o, Apoio e Solidariedade Social<\/li>\n<\/ul>\n<\/li>\n<\/ul>\n<ul>\n<li style=\"list-style-type: none\">\n<ul>\n<li><a href=\"https:\/\/cercidiana.pt\/\" target=\"_blank\" rel=\"noopener\">Cercidiana<\/a><\/li>\n<\/ul>\n<\/li>\n<\/ul>\n<p>&nbsp;<\/p>","protected":false},"excerpt":{"rendered":"<p>Sorry, this entry is only available in Portugu\u00eas. \u200b &nbsp; Para mais informa\u00e7\u00f5es consulte os seguintes links: Comit\u00e9 Paraol\u00edmpico de Portugal Federa\u00e7\u00e3o Portuguesa de Desporto para Pessoas com Defici\u00eancia Inclus\u00e3o em Movimento &nbsp; Associa\u00e7\u00f5es promotoras de desporto adaptado: APCE &#8211; Associa\u00e7\u00e3o de Paralisia Cerebral de \u00c9vora APPACDM &#8211; Associa\u00e7\u00e3o Portuguesa de Pais e Amigos do [&hellip;]<\/p>\n","protected":false},"author":1,"featured_media":7708,"parent":1502,"menu_order":2,"comment_status":"closed","ping_status":"closed","template":"templates-map\/component-text-layout1.php","meta":{"_acf_changed":false,"footnotes":""},"categories":[],"class_list":["post-2494","page","type-page","status-publish","has-post-thumbnail","hentry"],"acf":{"imagens":"","titulo_docs_seccao":"","documentos":""},"_links":{"self":[{"href":"https:\/\/www.cm-evora.pt\/en\/wp-json\/wp\/v2\/pages\/2494","targetHints":{"allow":["GET"]}}],"collection":[{"href":"https:\/\/www.cm-evora.pt\/en\/wp-json\/wp\/v2\/pages"}],"about":[{"href":"https:\/\/www.cm-evora.pt\/en\/wp-json\/wp\/v2\/types\/page"}],"author":[{"embeddable":true,"href":"https:\/\/www.cm-evora.pt\/en\/wp-json\/wp\/v2\/users\/1"}],"replies":[{"embeddable":true,"href":"https:\/\/www.cm-evora.pt\/en\/wp-json\/wp\/v2\/comments?post=2494"}],"version-history":[{"count":13,"href":"https:\/\/www.cm-evora.pt\/en\/wp-json\/wp\/v2\/pages\/2494\/revisions"}],"predecessor-version":[{"id":44975,"href":"https:\/\/www.cm-evora.pt\/en\/wp-json\/wp\/v2\/pages\/2494\/revisions\/44975"}],"up":[{"embeddable":true,"href":"https:\/\/www.cm-evora.pt\/en\/wp-json\/wp\/v2\/pages\/1502"}],"wp:featuredmedia":[{"embeddable":true,"href":"https:\/\/www.cm-evora.pt\/en\/wp-json\/wp\/v2\/media\/7708"}],"wp:attachment":[{"href":"https:\/\/www.cm-evora.pt\/en\/wp-json\/wp\/v2\/media?parent=2494"}],"wp:term":[{"taxonomy":"category","embeddable":true,"href":"https:\/\/www.cm-evora.pt\/en\/wp-json\/wp\/v2\/categories?post=2494"}],"curies":[{"name":"wp","href":"https:\/\/api.w.org\/{rel}","templated":true}]}}