{"id":24958,"date":"2021-07-21T10:55:12","date_gmt":"2021-07-21T09:55:12","guid":{"rendered":"https:\/\/www.cm-evora.pt\/?page_id=24958"},"modified":"2021-07-21T10:56:11","modified_gmt":"2021-07-21T09:56:11","slug":"termos-e-condicoes-de-utilizacao-dos-dados","status":"publish","type":"page","link":"https:\/\/www.cm-evora.pt\/en\/municipe\/projetos-municipais\/pel-projeto-educativo-local\/termos-e-condicoes-de-utilizacao-dos-dados\/","title":{"rendered":"(Portugu\u00eas) TERMOS E CONDI\u00c7\u00d5ES DE UTILIZA\u00c7\u00c3O DOS DADOS"},"content":{"rendered":"<p class=\"qtranxs-available-languages-message qtranxs-available-languages-message-en\">Sorry, this entry is only available in <a href=\"https:\/\/www.cm-evora.pt\/pt\/wp-json\/wp\/v2\/pages\/24958\" class=\"qtranxs-available-language-link qtranxs-available-language-link-pt\" title=\"Portugu\u00eas\">Portugu\u00eas<\/a>.<\/p><p><\/p>\n<p style=\"text-align: center\"><a href=\"https:\/\/www.cm-evora.pt\/wp-content\/uploads\/2021\/07\/topo_form.jpeg\" target=\"_blank\" rel=\"noopener\"><img loading=\"lazy\" decoding=\"async\" class=\"alignnone wp-image-24961 size-full\" src=\"https:\/\/www.cm-evora.pt\/wp-content\/uploads\/2021\/07\/topo_form.jpeg\" alt=\"\" width=\"750\" height=\"198\" srcset=\"https:\/\/www.cm-evora.pt\/wp-content\/uploads\/2021\/07\/topo_form.jpeg 750w, https:\/\/www.cm-evora.pt\/wp-content\/uploads\/2021\/07\/topo_form-300x79.jpeg 300w\" sizes=\"auto, (max-width: 750px) 100vw, 750px\" \/><\/a><\/p>\n<p><strong>Tratamento dos seus dados<\/strong><\/p>\n<p>As informa\u00e7\u00f5es recolhidas destinam-se a tratamento no \u00e2mbito do PEL. O Munic\u00edpio de \u00c9vora <strong>nunca comunicar\u00e1 os dados recolhidos a terceiros<\/strong> e assegura o direito de acesso aos dados, de modo a garantir o exerc\u00edcio do direito de oposi\u00e7\u00e3o, rectifica\u00e7\u00e3o e elimina\u00e7\u00e3o atrav\u00e9s de comunica\u00e7\u00e3o por escrito para <a href=\"mailto:cmevora@cm-evora.pt\" target=\"_blank\" rel=\"noopener\">cmevora@cm-evora.pt<\/a>.<\/p>\n<p>&nbsp;<\/p>\n<p><strong>Pol\u00edtica de Privacidade<\/strong><\/p>\n<p>Esta declara\u00e7\u00e3o de garantia de privacidade de dados aplica-se espec\u00edfica e exclusivamente \u00e0 comunica\u00e7\u00e3o do Munic\u00edpio de \u00c9vora.<\/p>\n<p>O Munic\u00edpio de \u00c9vora compromete-se a proteger a sua privacidade e ir\u00e1 fazer um grande esfor\u00e7o para garantir o uso de uma tecnologia suficientemente eficaz para que a sua experi\u00eancia on-line seja de dia para dia mais segura e os seus relacionamentos na Web cada vez mais refor\u00e7ados.<br \/>\nSobre qualquer quest\u00e3o que tenha relativa a este compromisso, n\u00e3o hesite em contactar-nos.<\/p>\n<p>&nbsp;<\/p>\n<p>&nbsp;<\/p>\n<p style=\"text-align: center\">Copyright \u00a9 DITI &#8211; CME<\/p>\n<p><\/p>","protected":false},"excerpt":{"rendered":"<p>Sorry, this entry is only available in Portugu\u00eas. Tratamento dos seus dados As informa\u00e7\u00f5es recolhidas destinam-se a tratamento no \u00e2mbito do PEL. O Munic\u00edpio de \u00c9vora nunca comunicar\u00e1 os dados recolhidos a terceiros e assegura o direito de acesso aos dados, de modo a garantir o exerc\u00edcio do direito de oposi\u00e7\u00e3o, rectifica\u00e7\u00e3o e elimina\u00e7\u00e3o atrav\u00e9s [&hellip;]<\/p>\n","protected":false},"author":45,"featured_media":0,"parent":2583,"menu_order":7,"comment_status":"closed","ping_status":"closed","template":"templates-map\/component-text-layout1.php","meta":{"_acf_changed":false,"footnotes":""},"categories":[],"class_list":["post-24958","page","type-page","status-publish","hentry"],"acf":{"imagens":"","titulo_docs_seccao":"","documentos":""},"_links":{"self":[{"href":"https:\/\/www.cm-evora.pt\/en\/wp-json\/wp\/v2\/pages\/24958","targetHints":{"allow":["GET"]}}],"collection":[{"href":"https:\/\/www.cm-evora.pt\/en\/wp-json\/wp\/v2\/pages"}],"about":[{"href":"https:\/\/www.cm-evora.pt\/en\/wp-json\/wp\/v2\/types\/page"}],"author":[{"embeddable":true,"href":"https:\/\/www.cm-evora.pt\/en\/wp-json\/wp\/v2\/users\/45"}],"replies":[{"embeddable":true,"href":"https:\/\/www.cm-evora.pt\/en\/wp-json\/wp\/v2\/comments?post=24958"}],"version-history":[{"count":2,"href":"https:\/\/www.cm-evora.pt\/en\/wp-json\/wp\/v2\/pages\/24958\/revisions"}],"predecessor-version":[{"id":24965,"href":"https:\/\/www.cm-evora.pt\/en\/wp-json\/wp\/v2\/pages\/24958\/revisions\/24965"}],"up":[{"embeddable":true,"href":"https:\/\/www.cm-evora.pt\/en\/wp-json\/wp\/v2\/pages\/2583"}],"wp:attachment":[{"href":"https:\/\/www.cm-evora.pt\/en\/wp-json\/wp\/v2\/media?parent=24958"}],"wp:term":[{"taxonomy":"category","embeddable":true,"href":"https:\/\/www.cm-evora.pt\/en\/wp-json\/wp\/v2\/categories?post=24958"}],"curies":[{"name":"wp","href":"https:\/\/api.w.org\/{rel}","templated":true}]}}