{"id":24982,"date":"2021-07-22T09:06:52","date_gmt":"2021-07-22T08:06:52","guid":{"rendered":"https:\/\/www.cm-evora.pt\/?page_id=24982"},"modified":"2023-05-11T11:16:57","modified_gmt":"2023-05-11T10:16:57","slug":"newsletters-evora-cidade-educadora","status":"publish","type":"page","link":"https:\/\/www.cm-evora.pt\/en\/municipe\/projetos-municipais\/evora-cidade-educadora\/newsletters-evora-cidade-educadora\/","title":{"rendered":"Newsletters \u00c9vora, Cidade Educadora"},"content":{"rendered":"<p>&nbsp;<\/p>\n<h2 style=\"text-align: center\"><strong><span style=\"color: #ff9900\">\u00c9vora Cidade Educadora<\/span> &#8211; <\/strong><span style=\"color: #000000\"><strong>Uma quest\u00e3o de <span style=\"text-decoration: underline\">princ\u00edpio<\/span>!<\/strong><\/span><\/h2>\n<p>&nbsp;<\/p>\n<h4><span style=\"color: #000080\"><strong>Gostaria de subscrever a nossa Newsletter?<\/strong><\/span><\/h4>\n<p>A cidade \u00e9 um espa\u00e7o vivo, din\u00e2mico, com potencial educador a cada minuto de todos os dias. \u00c9vora procura refor\u00e7ar esta identidade com o valor da sua hist\u00f3ria, mas tamb\u00e9m com a capacidade de cria\u00e7\u00e3o e transforma\u00e7\u00e3o do agora, do presente, do amanh\u00e3 que vir\u00e1.<\/p>\n<p>Queremos em conjunto valorizar os esfor\u00e7os educadores de todos, e por isso, apostar na comunica\u00e7\u00e3o em tempo \u00fatil e na capacidade de veicular ideias transformadoras. Assim, convidamo-l@ a subscrever a <strong>newsletter \u00c9vora Cidade Educadora<\/strong>.<\/p>\n<p>Ficaremos mais pr\u00f3ximos, seremos mais cidade!<\/p>\n<p>Contamos com o seu sim, <strong>por uma quest\u00e3o de princ\u00edpio<\/strong>\u2026<\/p>\n<p>&nbsp;<\/p>\n<p>Este formul\u00e1rio recolhe apenas o m\u00ednimo de informa\u00e7\u00e3o necess\u00e1ria para o envio da newsletter, neste caso apenas o endere\u00e7o de email.<\/p>\n<p>Pode tamb\u00e9m cancelar a subscri\u00e7\u00e3o a qualquer momento, utilizando a funcionalidade abaixo dispon\u00edvel.<\/p>\n<p>Em caso de d\u00favidas, por favor contacte a Divis\u00e3o de Comunica\u00e7\u00e3o do Munic\u00edpio de \u00c9vora atrav\u00e9s do email <a href=\"mailto:cme.dc@cm-evora.pt\" target=\"_blank\" rel=\"noopener\">cme.dc@cm-evora.pt<\/a>.<\/p>\n<p>&nbsp;<\/p>\n<p>A informa\u00e7\u00e3o atualizada sobre \u00c9vora, Cidade Educadora tamb\u00e9m est\u00e1 acess\u00edvel nos seguintes canais:<\/p>\n<ul>\n<li style=\"list-style-type: none\">\n<ul>\n<li>P\u00e1gina no site da C\u00e2mara Municipal de \u00c9vora em:<br \/>\n<a href=\"https:\/\/www.cm-evora.pt\/municipe\/projetos-municipais\/evora-cidade-educadora\/\" target=\"_blank\" rel=\"noopener\">https:\/\/www.cm-evora.pt\/municipe\/projetos-municipais\/evora-cidade-educadora\/<\/a><\/li>\n<li>P\u00e1gina facebook \u00c9vora, Cidade Educadora em:<br \/>\n<a href=\"https:\/\/www.facebook.com\/EvoraCidadeEducadora\/\" target=\"_blank\" rel=\"noopener\">https:\/\/www.facebook.com\/EvoraCidadeEducadora\/<\/a><\/li>\n<\/ul>\n<\/li>\n<\/ul>\n<p>&nbsp;<\/p>\n<p style=\"text-align: center\"><a href=\"https:\/\/www.cm-evora.pt\/wp-content\/uploads\/2021\/07\/06.pdf\" target=\"_blank\" rel=\"noopener\">CLIQUE PARA VISUALIZAR<\/a><\/p>\n<p style=\"text-align: center\"><a href=\"https:\/\/www.cm-evora.pt\/wp-content\/uploads\/2021\/07\/06.pdf\" target=\"_blank\" rel=\"noopener\"><img loading=\"lazy\" decoding=\"async\" class=\"alignnone wp-image-25031 size-full\" src=\"https:\/\/www.cm-evora.pt\/wp-content\/uploads\/2021\/07\/06-1A.jpeg\" alt=\"\" width=\"1024\" height=\"760\" srcset=\"https:\/\/www.cm-evora.pt\/wp-content\/uploads\/2021\/07\/06-1A.jpeg 1024w, https:\/\/www.cm-evora.pt\/wp-content\/uploads\/2021\/07\/06-1A-300x223.jpeg 300w, https:\/\/www.cm-evora.pt\/wp-content\/uploads\/2021\/07\/06-1A-768x570.jpeg 768w\" sizes=\"auto, (max-width: 1024px) 100vw, 1024px\" \/><\/a><\/p>\n<p>&nbsp;<\/p>\n<p><strong>Newsletters Anteriores<\/strong>:<\/p>\n<ul>\n<li style=\"list-style-type: none\">\n<ul>\n<li><a href=\"http:\/\/www2.cm-evora.pt\/evoracidadeeducadora\/Newsletter5\/\" target=\"_blank\" rel=\"noopener\">Newsletter n\u00ba 5<\/a><\/li>\n<li><a href=\"http:\/\/www2.cm-evora.pt\/evoracidadeeducadora\/Newsletter4\/\" target=\"_blank\" rel=\"noopener\">Newsletter n\u00ba 4<\/a><\/li>\n<li><a href=\"http:\/\/www2.cm-evora.pt\/evoracidadeeducadora\/Newsletter3\/\" target=\"_blank\" rel=\"noopener\">Newsletter n\u00ba 3<\/a><\/li>\n<li><a href=\"http:\/\/www2.cm-evora.pt\/evoracidadeeducadora\/Newsletter2\/\" target=\"_blank\" rel=\"noopener\">Newsletter n\u00ba 2<\/a><\/li>\n<li><a href=\"http:\/\/www2.cm-evora.pt\/evoracidadeeducadora\/Newsletter1\/\" target=\"_blank\" rel=\"noopener\">Newsletter n\u00ba 1<\/a><\/li>\n<\/ul>\n<\/li>\n<\/ul>\n<p>&nbsp;<\/p>\n<p>Poder\u00e1\u00a0<a href=\"https:\/\/www.cm-evora.pt\/municipe\/projetos-municipais\/evora-cidade-educadora\/newsletters-evora-cidade-educadora\/\" target=\"_blank\" rel=\"noopener\">registar-se<\/a>\u200b\u00a0e receber a newsletter\u00a0<strong>\u00c9vora Cidade Educadora<\/strong>, com muitas informa\u00e7\u00f5es sobre o Projeto Educativo Local&#8221;<\/p>\n","protected":false},"excerpt":{"rendered":"<p>&nbsp; \u00c9vora Cidade Educadora &#8211; Uma quest\u00e3o de princ\u00edpio! &nbsp; Gostaria de subscrever a nossa Newsletter? A cidade \u00e9 um espa\u00e7o vivo, din\u00e2mico, com potencial educador a cada minuto de todos os dias. \u00c9vora procura refor\u00e7ar esta identidade com o valor da sua hist\u00f3ria, mas tamb\u00e9m com a capacidade de cria\u00e7\u00e3o e transforma\u00e7\u00e3o do agora, [&hellip;]<\/p>\n","protected":false},"author":45,"featured_media":0,"parent":10391,"menu_order":6,"comment_status":"closed","ping_status":"closed","template":"templates-map\/component-form-layout1.php","meta":{"_acf_changed":false,"footnotes":""},"categories":[],"class_list":["post-24982","page","type-page","status-publish","hentry"],"acf":[],"_links":{"self":[{"href":"https:\/\/www.cm-evora.pt\/en\/wp-json\/wp\/v2\/pages\/24982","targetHints":{"allow":["GET"]}}],"collection":[{"href":"https:\/\/www.cm-evora.pt\/en\/wp-json\/wp\/v2\/pages"}],"about":[{"href":"https:\/\/www.cm-evora.pt\/en\/wp-json\/wp\/v2\/types\/page"}],"author":[{"embeddable":true,"href":"https:\/\/www.cm-evora.pt\/en\/wp-json\/wp\/v2\/users\/45"}],"replies":[{"embeddable":true,"href":"https:\/\/www.cm-evora.pt\/en\/wp-json\/wp\/v2\/comments?post=24982"}],"version-history":[{"count":29,"href":"https:\/\/www.cm-evora.pt\/en\/wp-json\/wp\/v2\/pages\/24982\/revisions"}],"predecessor-version":[{"id":48939,"href":"https:\/\/www.cm-evora.pt\/en\/wp-json\/wp\/v2\/pages\/24982\/revisions\/48939"}],"up":[{"embeddable":true,"href":"https:\/\/www.cm-evora.pt\/en\/wp-json\/wp\/v2\/pages\/10391"}],"wp:attachment":[{"href":"https:\/\/www.cm-evora.pt\/en\/wp-json\/wp\/v2\/media?parent=24982"}],"wp:term":[{"taxonomy":"category","embeddable":true,"href":"https:\/\/www.cm-evora.pt\/en\/wp-json\/wp\/v2\/categories?post=24982"}],"curies":[{"name":"wp","href":"https:\/\/api.w.org\/{rel}","templated":true}]}}