{"id":2501,"date":"2020-02-03T12:55:27","date_gmt":"2020-02-03T12:55:27","guid":{"rendered":"https:\/\/evora2.int.skilltech.pt\/susProjects\/wp_evora2_suite\/?page_id=2501"},"modified":"2023-02-15T14:57:40","modified_gmt":"2023-02-15T14:57:40","slug":"instalacoes-da-juventude","status":"publish","type":"page","link":"https:\/\/www.cm-evora.pt\/en\/municipe\/areas-de-acao\/juventude\/instalacoes-da-juventude\/","title":{"rendered":"(Portugu\u00eas) Instala\u00e7\u00f5es da Juventude"},"content":{"rendered":"<p class=\"qtranxs-available-languages-message qtranxs-available-languages-message-en\">Sorry, this entry is only available in <a href=\"https:\/\/www.cm-evora.pt\/pt\/wp-json\/wp\/v2\/pages\/2501\" class=\"qtranxs-available-language-link qtranxs-available-language-link-pt\" title=\"Portugu\u00eas\">Portugu\u00eas<\/a>.<\/p><p><\/p>\n<h3 style=\"text-align: center\"><strong>Espa\u00e7o Municipal da Juventude<\/strong><\/h3>\n<p style=\"text-align: center\"><a href=\"https:\/\/www.cm-evora.pt\/wp-content\/uploads\/2020\/06\/ponto-jovem-1.jpg\"><img loading=\"lazy\" decoding=\"async\" class=\"alignnone wp-image-10233\" src=\"https:\/\/www.cm-evora.pt\/wp-content\/uploads\/2020\/06\/ponto-jovem-1.jpg\" alt=\"\" width=\"861\" height=\"488\" srcset=\"https:\/\/www.cm-evora.pt\/wp-content\/uploads\/2020\/06\/ponto-jovem-1.jpg 639w, https:\/\/www.cm-evora.pt\/wp-content\/uploads\/2020\/06\/ponto-jovem-1-300x170.jpg 300w\" sizes=\"auto, (max-width: 861px) 100vw, 861px\" \/><\/a><\/p>\n<div>\n<p>&nbsp;<\/p>\n<p>Consciente da import\u00e2ncia social que os jovens assumem nos dias de hoje, enquanto cidad\u00e3os com voz ativa e alicerces fundamentais no processo de constru\u00e7\u00e3o do Futuro, a C\u00e2mara Municipal de \u00c9vora tem manifestado uma preocupa\u00e7\u00e3o constante no que se refere \u00e0 sua estrat\u00e9gia para a Juventude, criando assim o Ponto Jovem, um espa\u00e7o municipal inaugurado em 2010, com o objetivo primordial de assegurar a participa\u00e7\u00e3o das associa\u00e7\u00f5es juvenis\/grupos de jovens na conce\u00e7\u00e3o e concretiza\u00e7\u00e3o da pol\u00edtica e objetivos municipais no \u00e2mbito da juventude.<\/p>\n<p>&nbsp;<\/p>\n<p>Com a cria\u00e7\u00e3o deste equipamento municipal a autarquia pretende tamb\u00e9m:<\/p>\n<ul>\n<li style=\"list-style-type: none\">\n<ul>\n<li>Disponibilizar um espa\u00e7o a que os jovens\/associa\u00e7\u00f5es juvenis podem recorrer solicitando apoio para o desenvolvimento dos seus projetos e atividades.<\/li>\n<li>Dinamizar a participa\u00e7\u00e3o dos jovens na organiza\u00e7\u00e3o de atividades a desenvolver no Ponto Jovem ao longo do ano.<\/li>\n<li>Disponibilizar um espa\u00e7o a que os jovens podem recorrer para solicitar informa\u00e7\u00f5es em diferentes \u00e1reas do seu interesse.<\/li>\n<li>Disponibilizar aos jovens eborenses mais um espa\u00e7o de encontro, conv\u00edvio, lazer e aprendizagem n\u00e3o formal com especificidades territoriais.<\/li>\n<li>Promover o acesso dos jovens \u00e0 informa\u00e7\u00e3o, atrav\u00e9s da cria\u00e7\u00e3o, desenvolvimento e promo\u00e7\u00e3o de sistemas integrados de informa\u00e7\u00e3o.<\/li>\n<li>Estimular a participa\u00e7\u00e3o c\u00edvica dos jovens, atrav\u00e9s da organiza\u00e7\u00e3o de palestras, semin\u00e1rios, tert\u00falias.<\/li>\n<li>Promover, criar e desenvolver programas para jovens, em diferentes \u00e1reas.<\/li>\n<li>Desenvolver ou apoiar Projetos de Investiga\u00e7\u00e3o relacionados com a \u00e1rea da juventude.<\/li>\n<\/ul>\n<\/li>\n<\/ul>\n<p>&nbsp;<\/p>\n<\/div>\n<p><\/p>","protected":false},"excerpt":{"rendered":"<p>Sorry, this entry is only available in Portugu\u00eas. Espa\u00e7o Municipal da Juventude &nbsp; Consciente da import\u00e2ncia social que os jovens assumem nos dias de hoje, enquanto cidad\u00e3os com voz ativa e alicerces fundamentais no processo de constru\u00e7\u00e3o do Futuro, a C\u00e2mara Municipal de \u00c9vora tem manifestado uma preocupa\u00e7\u00e3o constante no que se refere \u00e0 sua [&hellip;]<\/p>\n","protected":false},"author":1,"featured_media":0,"parent":1508,"menu_order":2,"comment_status":"closed","ping_status":"closed","template":"templates-map\/component-contact-list-layout1.php","meta":{"_acf_changed":false,"footnotes":""},"categories":[],"class_list":["post-2501","page","type-page","status-publish","hentry"],"acf":[],"_links":{"self":[{"href":"https:\/\/www.cm-evora.pt\/en\/wp-json\/wp\/v2\/pages\/2501","targetHints":{"allow":["GET"]}}],"collection":[{"href":"https:\/\/www.cm-evora.pt\/en\/wp-json\/wp\/v2\/pages"}],"about":[{"href":"https:\/\/www.cm-evora.pt\/en\/wp-json\/wp\/v2\/types\/page"}],"author":[{"embeddable":true,"href":"https:\/\/www.cm-evora.pt\/en\/wp-json\/wp\/v2\/users\/1"}],"replies":[{"embeddable":true,"href":"https:\/\/www.cm-evora.pt\/en\/wp-json\/wp\/v2\/comments?post=2501"}],"version-history":[{"count":15,"href":"https:\/\/www.cm-evora.pt\/en\/wp-json\/wp\/v2\/pages\/2501\/revisions"}],"predecessor-version":[{"id":45710,"href":"https:\/\/www.cm-evora.pt\/en\/wp-json\/wp\/v2\/pages\/2501\/revisions\/45710"}],"up":[{"embeddable":true,"href":"https:\/\/www.cm-evora.pt\/en\/wp-json\/wp\/v2\/pages\/1508"}],"wp:attachment":[{"href":"https:\/\/www.cm-evora.pt\/en\/wp-json\/wp\/v2\/media?parent=2501"}],"wp:term":[{"taxonomy":"category","embeddable":true,"href":"https:\/\/www.cm-evora.pt\/en\/wp-json\/wp\/v2\/categories?post=2501"}],"curies":[{"name":"wp","href":"https:\/\/api.w.org\/{rel}","templated":true}]}}