{"id":2503,"date":"2020-02-03T12:55:43","date_gmt":"2020-02-03T12:55:43","guid":{"rendered":"https:\/\/evora2.int.skilltech.pt\/susProjects\/wp_evora2_suite\/?page_id=2503"},"modified":"2025-12-04T23:23:16","modified_gmt":"2025-12-04T23:23:16","slug":"arvores-de-natal-recicladas","status":"publish","type":"page","link":"https:\/\/www.cm-evora.pt\/en\/municipe\/areas-de-acao\/juventude\/programas-e-iniciativaspara-a-juventude\/arvores-de-natal-recicladas\/","title":{"rendered":"\u00c1rvores de Natal Recicladas"},"content":{"rendered":"<p class=\"qtranxs-available-languages-message qtranxs-available-languages-message-en\">Sorry, this entry is only available in <a href=\"https:\/\/www.cm-evora.pt\/pt\/wp-json\/wp\/v2\/pages\/2503\" class=\"qtranxs-available-language-link qtranxs-available-language-link-pt\" title=\"Portugu\u00eas\">Portugu\u00eas<\/a>.<\/p><p><\/p>\n<p style=\"text-align: center\"><img loading=\"lazy\" decoding=\"async\" class=\"alignnone wp-image-79119 size-full\" src=\"https:\/\/www.cm-evora.pt\/wp-content\/uploads\/2025\/11\/AF_Banner_Arvores_2025-scaled.png\" alt=\"\" width=\"2560\" height=\"1440\" srcset=\"https:\/\/www.cm-evora.pt\/wp-content\/uploads\/2025\/11\/AF_Banner_Arvores_2025-scaled.png 2560w, https:\/\/www.cm-evora.pt\/wp-content\/uploads\/2025\/11\/AF_Banner_Arvores_2025-300x169.png 300w, https:\/\/www.cm-evora.pt\/wp-content\/uploads\/2025\/11\/AF_Banner_Arvores_2025-1024x576.png 1024w, https:\/\/www.cm-evora.pt\/wp-content\/uploads\/2025\/11\/AF_Banner_Arvores_2025-768x432.png 768w, https:\/\/www.cm-evora.pt\/wp-content\/uploads\/2025\/11\/AF_Banner_Arvores_2025-1536x864.png 1536w, https:\/\/www.cm-evora.pt\/wp-content\/uploads\/2025\/11\/AF_Banner_Arvores_2025-2048x1152.png 2048w, https:\/\/www.cm-evora.pt\/wp-content\/uploads\/2025\/11\/AF_Banner_Arvores_2025-1320x743.png 1320w\" sizes=\"auto, (max-width: 2560px) 100vw, 2560px\" \/><\/p>\n<p>&nbsp;<\/p>\n<p>Organizada pela C\u00e2mara Municipal de \u00c9vora , esta iniciativa tem como principais objetivos sensibilizar os jovens e popula\u00e7\u00e3o em geral para as quest\u00f5es ambientais e de sustentabilidade sob o lema \u201cReduzir, Reutilizar, Reciclar\u201d; incentivar a criatividade e originalidade na constru\u00e7\u00e3o de uma \u00c1rvore de Natal recorrendo \u00e0 reutiliza\u00e7\u00e3o e reciclagem de materiais; conservar tradi\u00e7\u00f5es e a cultura popular, sustentando o esp\u00edrito natal\u00edcio, a partilha e coopera\u00e7\u00e3o; reconhecer e premiar projetos inovadores; e embelezar a cidade na quadra natal\u00edcia.<\/p>\n<p>O concurso \u201c\u00c1rvores de Natal Recicladas\u201d destina-se a todos os jovens e\/ou alunos pertencentes a Estabelecimentos de Ensino (jardins de inf\u00e2ncia; ensino b\u00e1sico, ensino secund\u00e1rio e profissional, universidades), Associa\u00e7\u00f5es Juvenis, Associa\u00e7\u00f5es de 3\u00aa Idade, Associa\u00e7\u00f5es de Defici\u00eancia e Agrupamentos de Escuteiros do concelho.<\/p>\n<p>As inscri\u00e7\u00f5es s\u00e3o feitas preenchendo a <a href=\"https:\/\/www.cm-evora.pt\/wp-content\/uploads\/2025\/11\/Ficha-de-Inscricao-Arvores-de-Natal-Recicladas-2025.docx\">ficha de inscri\u00e7\u00e3o<\/a> e enviando para o email: <a href=\"mailto:palavraj@cm-evora.pt\" target=\"_blank\" rel=\"noopener\">palavraj@cm-evora.pt<\/a><\/p>\n<p>&nbsp;<\/p>\n<p>&nbsp;<\/p>\n<p><strong>Concurso \u201c\u00c1rvores de Natal Recicladas 2025\u201d<\/strong><\/p>\n<p>A exposi\u00e7\u00e3o resultante do concurso <strong>\u201c\u00c1rvores de Natal Recicladas 2025\u201d<\/strong>, promovido pela C\u00e2mara Municipal de \u00c9vora, ir\u00e1 ficar exposta,<strong> no Jardim P\u00fablico, entre os dias 13 de dezembro e 6 de janeiro de 2026.<\/strong><\/p>\n<p style=\"text-align: center\"><a href=\"https:\/\/www.cm-evora.pt\/wp-content\/uploads\/2025\/11\/AF_Cartaz2025-scaled.png\"><img loading=\"lazy\" decoding=\"async\" class=\"alignnone size-full wp-image-79205\" src=\"https:\/\/www.cm-evora.pt\/wp-content\/uploads\/2025\/11\/AF_Cartaz2025-scaled.png\" alt=\"\" width=\"1810\" height=\"2560\" srcset=\"https:\/\/www.cm-evora.pt\/wp-content\/uploads\/2025\/11\/AF_Cartaz2025-scaled.png 1810w, https:\/\/www.cm-evora.pt\/wp-content\/uploads\/2025\/11\/AF_Cartaz2025-212x300.png 212w, https:\/\/www.cm-evora.pt\/wp-content\/uploads\/2025\/11\/AF_Cartaz2025-724x1024.png 724w, https:\/\/www.cm-evora.pt\/wp-content\/uploads\/2025\/11\/AF_Cartaz2025-768x1086.png 768w, https:\/\/www.cm-evora.pt\/wp-content\/uploads\/2025\/11\/AF_Cartaz2025-1086x1536.png 1086w, https:\/\/www.cm-evora.pt\/wp-content\/uploads\/2025\/11\/AF_Cartaz2025-1448x2048.png 1448w, https:\/\/www.cm-evora.pt\/wp-content\/uploads\/2025\/11\/AF_Cartaz2025-1320x1867.png 1320w\" sizes=\"auto, (max-width: 1810px) 100vw, 1810px\" \/><\/a><\/p>\n<p><\/p>","protected":false},"excerpt":{"rendered":"<p>Sorry, this entry is only available in Portugu\u00eas. &nbsp; Organizada pela C\u00e2mara Municipal de \u00c9vora , esta iniciativa tem como principais objetivos sensibilizar os jovens e popula\u00e7\u00e3o em geral para as quest\u00f5es ambientais e de sustentabilidade sob o lema \u201cReduzir, Reutilizar, Reciclar\u201d; incentivar a criatividade e originalidade na constru\u00e7\u00e3o de uma \u00c1rvore de Natal recorrendo [&hellip;]<\/p>\n","protected":false},"author":1,"featured_media":0,"parent":2511,"menu_order":4,"comment_status":"closed","ping_status":"closed","template":"templates-map\/component-text-layout1.php","meta":{"_acf_changed":false,"footnotes":""},"categories":[],"class_list":["post-2503","page","type-page","status-publish","hentry"],"acf":{"imagens":"","titulo_docs_seccao":"","documentos":[79200,79201]},"_links":{"self":[{"href":"https:\/\/www.cm-evora.pt\/en\/wp-json\/wp\/v2\/pages\/2503","targetHints":{"allow":["GET"]}}],"collection":[{"href":"https:\/\/www.cm-evora.pt\/en\/wp-json\/wp\/v2\/pages"}],"about":[{"href":"https:\/\/www.cm-evora.pt\/en\/wp-json\/wp\/v2\/types\/page"}],"author":[{"embeddable":true,"href":"https:\/\/www.cm-evora.pt\/en\/wp-json\/wp\/v2\/users\/1"}],"replies":[{"embeddable":true,"href":"https:\/\/www.cm-evora.pt\/en\/wp-json\/wp\/v2\/comments?post=2503"}],"version-history":[{"count":26,"href":"https:\/\/www.cm-evora.pt\/en\/wp-json\/wp\/v2\/pages\/2503\/revisions"}],"predecessor-version":[{"id":79893,"href":"https:\/\/www.cm-evora.pt\/en\/wp-json\/wp\/v2\/pages\/2503\/revisions\/79893"}],"up":[{"embeddable":true,"href":"https:\/\/www.cm-evora.pt\/en\/wp-json\/wp\/v2\/pages\/2511"}],"acf:post":[{"embeddable":true,"href":"https:\/\/www.cm-evora.pt\/en\/wp-json\/wp\/v2\/listas_ficheiros\/79201"},{"embeddable":true,"href":"https:\/\/www.cm-evora.pt\/en\/wp-json\/wp\/v2\/listas_ficheiros\/79200"}],"wp:attachment":[{"href":"https:\/\/www.cm-evora.pt\/en\/wp-json\/wp\/v2\/media?parent=2503"}],"wp:term":[{"taxonomy":"category","embeddable":true,"href":"https:\/\/www.cm-evora.pt\/en\/wp-json\/wp\/v2\/categories?post=2503"}],"curies":[{"name":"wp","href":"https:\/\/api.w.org\/{rel}","templated":true}]}}