{"id":2507,"date":"2020-02-03T12:56:30","date_gmt":"2020-02-03T12:56:30","guid":{"rendered":"https:\/\/evora2.int.skilltech.pt\/susProjects\/wp_evora2_suite\/?page_id=2507"},"modified":"2026-01-30T16:08:00","modified_gmt":"2026-01-30T16:08:00","slug":"conselho-municipal-de-juventude-de-evora-cmje","status":"publish","type":"page","link":"https:\/\/www.cm-evora.pt\/en\/municipe\/areas-de-acao\/juventude\/conselho-municipal-de-juventude-de-evora-cmje\/","title":{"rendered":"(Portugu\u00eas) Conselho Municipal de Juventude de \u00c9vora"},"content":{"rendered":"<p class=\"qtranxs-available-languages-message qtranxs-available-languages-message-en\">Sorry, this entry is only available in <a href=\"https:\/\/www.cm-evora.pt\/pt\/wp-json\/wp\/v2\/pages\/2507\" class=\"qtranxs-available-language-link qtranxs-available-language-link-pt\" title=\"Portugu\u00eas\">Portugu\u00eas<\/a>.<\/p><p><\/p>\n<div style=\"text-align: center\"><a href=\"https:\/\/www.cm-evora.pt\/wp-content\/uploads\/2026\/01\/DSC_5225-1-1.jpg\"><img loading=\"lazy\" decoding=\"async\" class=\"alignnone size-full wp-image-81283\" src=\"https:\/\/www.cm-evora.pt\/wp-content\/uploads\/2026\/01\/DSC_5225-1-1.jpg\" alt=\"\" width=\"2048\" height=\"1178\" srcset=\"https:\/\/www.cm-evora.pt\/wp-content\/uploads\/2026\/01\/DSC_5225-1-1.jpg 2048w, https:\/\/www.cm-evora.pt\/wp-content\/uploads\/2026\/01\/DSC_5225-1-1-300x173.jpg 300w, https:\/\/www.cm-evora.pt\/wp-content\/uploads\/2026\/01\/DSC_5225-1-1-1024x589.jpg 1024w, https:\/\/www.cm-evora.pt\/wp-content\/uploads\/2026\/01\/DSC_5225-1-1-768x442.jpg 768w, https:\/\/www.cm-evora.pt\/wp-content\/uploads\/2026\/01\/DSC_5225-1-1-1536x884.jpg 1536w, https:\/\/www.cm-evora.pt\/wp-content\/uploads\/2026\/01\/DSC_5225-1-1-1320x759.jpg 1320w\" sizes=\"auto, (max-width: 2048px) 100vw, 2048px\" \/><\/a><\/div>\n<div><\/div>\n<p>&nbsp;<\/p>\n<p>O <strong>Conselho Municipal de Juventude de \u00c9vora (CMJE)<\/strong> surge por iniciativa da C\u00e2mara Municipal de \u00c9vora, visando proporcionar aos jovens mun\u00edcipes um espa\u00e7o aberto ao debate e partilha de opini\u00f5es, incentivando o seu direito \u00e0 participa\u00e7\u00e3o e \u00e0 cidadania.<\/p>\n<p>&nbsp;<\/p>\n<p>Defendendo a C\u00e2mara Municipal de \u00c9vora que:<\/p>\n<ul>\n<li style=\"list-style-type: none\">\n<ul>\n<li>Uma pol\u00edtica municipal virada para a juventude deve oferecer uma resposta adequada \u00e0s necessidades dos jovens, com o objetivo de melhorar a sua qualidade de vida e favorecer a sua plena participa\u00e7\u00e3o na comunidade.<\/li>\n<li>Os jovens representam um forte capital de esperan\u00e7a, devendo o munic\u00edpio desenvolver a sua a\u00e7\u00e3o no sentido de aproveitar as suas capacidades criativas e geradoras de processos de mudan\u00e7a de mentalidades e de moderniza\u00e7\u00e3o da sociedade.<\/li>\n<li>Os jovens s\u00e3o normalmente detentores de um profundo esp\u00edrito de voluntariado e de solidariedade, caracter\u00edsticas que devem ser aproveitadas para um investimento real na constru\u00e7\u00e3o de um futuro com qualidade de vida.<\/li>\n<li>A propens\u00e3o dos jovens ao associativismo, revestindo car\u00e1cter formal ou informal, deve ser fomentada pelo munic\u00edpio, como forma de aprofundar o seu esp\u00edrito de voluntariado e de solidariedade social e a sua capacidade para contribuir para um desenvolvimento harmonioso e saud\u00e1vel do concelho.<\/li>\n<li>As suas atividades dirigidas aos jovens, devem envolv\u00ea-los n\u00e3o s\u00f3 na sua execu\u00e7\u00e3o, mas tamb\u00e9m na fase de defini\u00e7\u00e3o, planifica\u00e7\u00e3o e prepara\u00e7\u00e3o.<\/li>\n<\/ul>\n<\/li>\n<\/ul>\n<p>A cria\u00e7\u00e3o do Conselho Municipal de Juventude de \u00c9vora assume-se como fundamental e pertinente, na defesa dos pressupostos aqui enunciados.<\/p>\n<p>&nbsp;<\/p>\n<p>Envie as suas sugest\u00f5es para: <u><a href=\"mailto:palavraj@cm-evora.pt\" target=\"_blank\" rel=\"noopener\">palavraj@cm-evora.pt<\/a><\/u><\/p>\n<div>\n<div><\/div>\n<\/div>\n<p><\/p>","protected":false},"excerpt":{"rendered":"<p>Sorry, this entry is only available in Portugu\u00eas. &nbsp; O Conselho Municipal de Juventude de \u00c9vora (CMJE) surge por iniciativa da C\u00e2mara Municipal de \u00c9vora, visando proporcionar aos jovens mun\u00edcipes um espa\u00e7o aberto ao debate e partilha de opini\u00f5es, incentivando o seu direito \u00e0 participa\u00e7\u00e3o e \u00e0 cidadania. &nbsp; Defendendo a C\u00e2mara Municipal de \u00c9vora [&hellip;]<\/p>\n","protected":false},"author":1,"featured_media":0,"parent":1508,"menu_order":3,"comment_status":"closed","ping_status":"closed","template":"templates-map\/component-text-list-layout1.php","meta":{"_acf_changed":false,"footnotes":""},"categories":[],"class_list":["post-2507","page","type-page","status-publish","hentry"],"acf":[],"_links":{"self":[{"href":"https:\/\/www.cm-evora.pt\/en\/wp-json\/wp\/v2\/pages\/2507","targetHints":{"allow":["GET"]}}],"collection":[{"href":"https:\/\/www.cm-evora.pt\/en\/wp-json\/wp\/v2\/pages"}],"about":[{"href":"https:\/\/www.cm-evora.pt\/en\/wp-json\/wp\/v2\/types\/page"}],"author":[{"embeddable":true,"href":"https:\/\/www.cm-evora.pt\/en\/wp-json\/wp\/v2\/users\/1"}],"replies":[{"embeddable":true,"href":"https:\/\/www.cm-evora.pt\/en\/wp-json\/wp\/v2\/comments?post=2507"}],"version-history":[{"count":18,"href":"https:\/\/www.cm-evora.pt\/en\/wp-json\/wp\/v2\/pages\/2507\/revisions"}],"predecessor-version":[{"id":81284,"href":"https:\/\/www.cm-evora.pt\/en\/wp-json\/wp\/v2\/pages\/2507\/revisions\/81284"}],"up":[{"embeddable":true,"href":"https:\/\/www.cm-evora.pt\/en\/wp-json\/wp\/v2\/pages\/1508"}],"wp:attachment":[{"href":"https:\/\/www.cm-evora.pt\/en\/wp-json\/wp\/v2\/media?parent=2507"}],"wp:term":[{"taxonomy":"category","embeddable":true,"href":"https:\/\/www.cm-evora.pt\/en\/wp-json\/wp\/v2\/categories?post=2507"}],"curies":[{"name":"wp","href":"https:\/\/api.w.org\/{rel}","templated":true}]}}