{"id":2509,"date":"2020-02-03T12:56:50","date_gmt":"2020-02-03T12:56:50","guid":{"rendered":"https:\/\/evora2.int.skilltech.pt\/susProjects\/wp_evora2_suite\/?page_id=2509"},"modified":"2023-02-15T15:14:36","modified_gmt":"2023-02-15T15:14:36","slug":"plano-municipal-da-juventude-pmj","status":"publish","type":"page","link":"https:\/\/www.cm-evora.pt\/en\/municipe\/areas-de-acao\/juventude\/plano-municipal-da-juventude-pmj\/","title":{"rendered":"(Portugu\u00eas) Plano Municipal da Juventude"},"content":{"rendered":"<p class=\"qtranxs-available-languages-message qtranxs-available-languages-message-en\">Sorry, this entry is only available in <a href=\"https:\/\/www.cm-evora.pt\/pt\/wp-json\/wp\/v2\/pages\/2509\" class=\"qtranxs-available-language-link qtranxs-available-language-link-pt\" title=\"Portugu\u00eas\">Portugu\u00eas<\/a>.<\/p><p><a href=\"https:\/\/www.cm-evora.pt\/wp-content\/uploads\/2021\/08\/Site_PlanoMunicipalJuventude21-25-06_reduzido-scaled.jpg\"><img loading=\"lazy\" decoding=\"async\" class=\"alignnone wp-image-25377 size-full\" src=\"https:\/\/www.cm-evora.pt\/wp-content\/uploads\/2021\/08\/Site_PlanoMunicipalJuventude21-25-06_reduzido-scaled.jpg\" alt=\"\" width=\"2560\" height=\"1513\" srcset=\"https:\/\/www.cm-evora.pt\/wp-content\/uploads\/2021\/08\/Site_PlanoMunicipalJuventude21-25-06_reduzido-scaled.jpg 2560w, https:\/\/www.cm-evora.pt\/wp-content\/uploads\/2021\/08\/Site_PlanoMunicipalJuventude21-25-06_reduzido-300x177.jpg 300w, https:\/\/www.cm-evora.pt\/wp-content\/uploads\/2021\/08\/Site_PlanoMunicipalJuventude21-25-06_reduzido-1024x605.jpg 1024w, https:\/\/www.cm-evora.pt\/wp-content\/uploads\/2021\/08\/Site_PlanoMunicipalJuventude21-25-06_reduzido-768x454.jpg 768w, https:\/\/www.cm-evora.pt\/wp-content\/uploads\/2021\/08\/Site_PlanoMunicipalJuventude21-25-06_reduzido-1536x908.jpg 1536w, https:\/\/www.cm-evora.pt\/wp-content\/uploads\/2021\/08\/Site_PlanoMunicipalJuventude21-25-06_reduzido-2048x1210.jpg 2048w, https:\/\/www.cm-evora.pt\/wp-content\/uploads\/2021\/08\/Site_PlanoMunicipalJuventude21-25-06_reduzido-1320x780.jpg 1320w\" sizes=\"auto, (max-width: 2560px) 100vw, 2560px\" \/><\/a><\/p>\n<p>Acreditando que as pol\u00edticas locais de Juventude assumem grande import\u00e2ncia na valoriza\u00e7\u00e3o e melhoria da qualidade de vida da popula\u00e7\u00e3o mais jovem, a C\u00e2mara Municipal de \u00c9vora decidiu avan\u00e7ar para a constru\u00e7\u00e3o de um Plano Municipal da Juventude de \u00c9vora, documento estrat\u00e9gico que permite planear o desenvolvimento e implementa\u00e7\u00e3o de pol\u00edticas inovadoras, de car\u00e1cter global e transversal, que respondam aos desafios colocados e facilitem recursos e servi\u00e7os que possibilitem aos jovens alcan\u00e7ar uma plena cidadania.<\/p>\n<p><a href=\"https:\/\/www.cm-evora.pt\/wp-content\/uploads\/2021\/08\/PMJ21-25-F.pdf\" target=\"_blank\" rel=\"noopener\">CONSULTE AQUI DOCUMENTO INTEGRAL &#8211; PLANO MUNICIPAL DA JUVENTUDE 2021 &#8211; 2025<\/a><\/p>\n<p>&nbsp;<\/p>\n<p><u>Email<\/u>: <a href=\"mailto:pmje@cm-evora.pt\" target=\"_blank\" rel=\"noopener\">pmje@cm-evora.pt<\/a><\/p>\n<p>&nbsp;<\/p>","protected":false},"excerpt":{"rendered":"<p>Sorry, this entry is only available in Portugu\u00eas. Acreditando que as pol\u00edticas locais de Juventude assumem grande import\u00e2ncia na valoriza\u00e7\u00e3o e melhoria da qualidade de vida da popula\u00e7\u00e3o mais jovem, a C\u00e2mara Municipal de \u00c9vora decidiu avan\u00e7ar para a constru\u00e7\u00e3o de um Plano Municipal da Juventude de \u00c9vora, documento estrat\u00e9gico que permite planear o desenvolvimento [&hellip;]<\/p>\n","protected":false},"author":1,"featured_media":0,"parent":1508,"menu_order":4,"comment_status":"closed","ping_status":"closed","template":"templates-map\/component-text-list-layout1.php","meta":{"_acf_changed":false,"footnotes":""},"categories":[],"class_list":["post-2509","page","type-page","status-publish","hentry"],"acf":[],"_links":{"self":[{"href":"https:\/\/www.cm-evora.pt\/en\/wp-json\/wp\/v2\/pages\/2509","targetHints":{"allow":["GET"]}}],"collection":[{"href":"https:\/\/www.cm-evora.pt\/en\/wp-json\/wp\/v2\/pages"}],"about":[{"href":"https:\/\/www.cm-evora.pt\/en\/wp-json\/wp\/v2\/types\/page"}],"author":[{"embeddable":true,"href":"https:\/\/www.cm-evora.pt\/en\/wp-json\/wp\/v2\/users\/1"}],"replies":[{"embeddable":true,"href":"https:\/\/www.cm-evora.pt\/en\/wp-json\/wp\/v2\/comments?post=2509"}],"version-history":[{"count":12,"href":"https:\/\/www.cm-evora.pt\/en\/wp-json\/wp\/v2\/pages\/2509\/revisions"}],"predecessor-version":[{"id":45713,"href":"https:\/\/www.cm-evora.pt\/en\/wp-json\/wp\/v2\/pages\/2509\/revisions\/45713"}],"up":[{"embeddable":true,"href":"https:\/\/www.cm-evora.pt\/en\/wp-json\/wp\/v2\/pages\/1508"}],"wp:attachment":[{"href":"https:\/\/www.cm-evora.pt\/en\/wp-json\/wp\/v2\/media?parent=2509"}],"wp:term":[{"taxonomy":"category","embeddable":true,"href":"https:\/\/www.cm-evora.pt\/en\/wp-json\/wp\/v2\/categories?post=2509"}],"curies":[{"name":"wp","href":"https:\/\/api.w.org\/{rel}","templated":true}]}}