{"id":2521,"date":"2020-02-03T13:00:13","date_gmt":"2020-02-03T13:00:13","guid":{"rendered":"https:\/\/evora2.int.skilltech.pt\/susProjects\/wp_evora2_suite\/?page_id=2521"},"modified":"2025-09-16T16:00:09","modified_gmt":"2025-09-16T15:00:09","slug":"tpac-programa-de-apoio-a-reducao-tarifaria-nos-transportes-publicos","status":"publish","type":"page","link":"https:\/\/www.cm-evora.pt\/en\/municipe\/areas-de-acao\/mobilidade-e-transportes\/tpac-programa-de-apoio-a-reducao-tarifaria-nos-transportes-publicos\/","title":{"rendered":"TPAC &#8211; Programa de apoio \u00e0 redu\u00e7\u00e3o tarif\u00e1ria nos transportes p\u00fablicos"},"content":{"rendered":"<p style=\"text-align: center\"><a href=\"https:\/\/www.cm-evora.pt\/wp-content\/uploads\/2025\/09\/Logotipo_Prancheta-1.jpg\" target=\"_blank\" rel=\"noopener\"><img loading=\"lazy\" decoding=\"async\" class=\"alignnone wp-image-77784 size-large\" src=\"https:\/\/www.cm-evora.pt\/wp-content\/uploads\/2025\/09\/Logotipo_Prancheta-1-1024x724.jpg\" alt=\"\" width=\"1024\" height=\"724\" srcset=\"https:\/\/www.cm-evora.pt\/wp-content\/uploads\/2025\/09\/Logotipo_Prancheta-1-1024x724.jpg 1024w, https:\/\/www.cm-evora.pt\/wp-content\/uploads\/2025\/09\/Logotipo_Prancheta-1-300x212.jpg 300w, https:\/\/www.cm-evora.pt\/wp-content\/uploads\/2025\/09\/Logotipo_Prancheta-1-768x543.jpg 768w, https:\/\/www.cm-evora.pt\/wp-content\/uploads\/2025\/09\/Logotipo_Prancheta-1-1536x1086.jpg 1536w, https:\/\/www.cm-evora.pt\/wp-content\/uploads\/2025\/09\/Logotipo_Prancheta-1-1320x933.jpg 1320w, https:\/\/www.cm-evora.pt\/wp-content\/uploads\/2025\/09\/Logotipo_Prancheta-1.jpg 1920w\" sizes=\"auto, (max-width: 1024px) 100vw, 1024px\" \/><\/a><\/p>\n<p>&nbsp;<\/p>\n<div>A Comunidade Intermunicipal do Alentejo Central abrange os munic\u00edpios de Alandroal, Arraiolos, Borba, Estremoz, \u00c9vora, Montemor-o-Novo, Mora, Mour\u00e3o, Portel, Redondo, Reguengos de Monsaraz, Vendas Novas, Viana do Alentejo e Vila Vi\u00e7osa.<\/div>\n<p>&nbsp;<\/p>\n<div><\/div>\n<div style=\"text-align: center\"><a href=\"https:\/\/www.cm-evora.pt\/wp-content\/uploads\/2025\/09\/FORMULARIO-DE-REGISTO-maio_2024.pdf\" target=\"_blank\" rel=\"noopener\"><img loading=\"lazy\" decoding=\"async\" class=\"alignnone wp-image-77780 size-full\" src=\"https:\/\/www.cm-evora.pt\/wp-content\/uploads\/2025\/09\/Folheto_TPAC_page-0001.jpg\" alt=\"\" width=\"878\" height=\"1241\" srcset=\"https:\/\/www.cm-evora.pt\/wp-content\/uploads\/2025\/09\/Folheto_TPAC_page-0001.jpg 878w, https:\/\/www.cm-evora.pt\/wp-content\/uploads\/2025\/09\/Folheto_TPAC_page-0001-212x300.jpg 212w, https:\/\/www.cm-evora.pt\/wp-content\/uploads\/2025\/09\/Folheto_TPAC_page-0001-724x1024.jpg 724w, https:\/\/www.cm-evora.pt\/wp-content\/uploads\/2025\/09\/Folheto_TPAC_page-0001-768x1086.jpg 768w\" sizes=\"auto, (max-width: 878px) 100vw, 878px\" \/><\/a><\/div>\n","protected":false},"excerpt":{"rendered":"<p>&nbsp; A Comunidade Intermunicipal do Alentejo Central abrange os munic\u00edpios de Alandroal, Arraiolos, Borba, Estremoz, \u00c9vora, Montemor-o-Novo, Mora, Mour\u00e3o, Portel, Redondo, Reguengos de Monsaraz, Vendas Novas, Viana do Alentejo e Vila Vi\u00e7osa. &nbsp;<\/p>\n","protected":false},"author":1,"featured_media":0,"parent":1510,"menu_order":0,"comment_status":"closed","ping_status":"closed","template":"templates-map\/component-text-layout1.php","meta":{"_acf_changed":false,"footnotes":""},"categories":[],"class_list":["post-2521","page","type-page","status-publish","hentry"],"acf":{"imagens":"","titulo_docs_seccao":"","documentos":[77782]},"_links":{"self":[{"href":"https:\/\/www.cm-evora.pt\/en\/wp-json\/wp\/v2\/pages\/2521","targetHints":{"allow":["GET"]}}],"collection":[{"href":"https:\/\/www.cm-evora.pt\/en\/wp-json\/wp\/v2\/pages"}],"about":[{"href":"https:\/\/www.cm-evora.pt\/en\/wp-json\/wp\/v2\/types\/page"}],"author":[{"embeddable":true,"href":"https:\/\/www.cm-evora.pt\/en\/wp-json\/wp\/v2\/users\/1"}],"replies":[{"embeddable":true,"href":"https:\/\/www.cm-evora.pt\/en\/wp-json\/wp\/v2\/comments?post=2521"}],"version-history":[{"count":22,"href":"https:\/\/www.cm-evora.pt\/en\/wp-json\/wp\/v2\/pages\/2521\/revisions"}],"predecessor-version":[{"id":77789,"href":"https:\/\/www.cm-evora.pt\/en\/wp-json\/wp\/v2\/pages\/2521\/revisions\/77789"}],"up":[{"embeddable":true,"href":"https:\/\/www.cm-evora.pt\/en\/wp-json\/wp\/v2\/pages\/1510"}],"acf:post":[{"embeddable":true,"href":"https:\/\/www.cm-evora.pt\/en\/wp-json\/wp\/v2\/listas_ficheiros\/77782"}],"wp:attachment":[{"href":"https:\/\/www.cm-evora.pt\/en\/wp-json\/wp\/v2\/media?parent=2521"}],"wp:term":[{"taxonomy":"category","embeddable":true,"href":"https:\/\/www.cm-evora.pt\/en\/wp-json\/wp\/v2\/categories?post=2521"}],"curies":[{"name":"wp","href":"https:\/\/api.w.org\/{rel}","templated":true}]}}