{"id":2523,"date":"2020-02-03T13:00:27","date_gmt":"2020-02-03T13:00:27","guid":{"rendered":"https:\/\/evora2.int.skilltech.pt\/susProjects\/wp_evora2_suite\/?page_id=2523"},"modified":"2025-12-19T16:13:05","modified_gmt":"2025-12-19T16:13:05","slug":"passes-com-reducao-tarifaria-part-e-passes-sociais-municipais","status":"publish","type":"page","link":"https:\/\/www.cm-evora.pt\/en\/municipe\/areas-de-acao\/mobilidade-e-transportes\/passes-com-reducao-tarifaria-part-e-passes-sociais-municipais\/","title":{"rendered":"Passes com Redu\u00e7\u00e3o Tarif\u00e1ria (PART) e Passes Sociais Municipais"},"content":{"rendered":"<p><\/p>\n<p style=\"text-align: center\"><a href=\"https:\/\/www.cm-evora.pt\/wp-content\/uploads\/2020\/06\/trevo2.jpg\" target=\"_blank\" rel=\"noopener\"><img loading=\"lazy\" decoding=\"async\" class=\"alignnone wp-image-10303 size-full\" src=\"https:\/\/www.cm-evora.pt\/wp-content\/uploads\/2020\/06\/trevo2.jpg\" alt=\"\" width=\"639\" height=\"362\" srcset=\"https:\/\/www.cm-evora.pt\/wp-content\/uploads\/2020\/06\/trevo2.jpg 639w, https:\/\/www.cm-evora.pt\/wp-content\/uploads\/2020\/06\/trevo2-300x170.jpg 300w\" sizes=\"auto, (max-width: 639px) 100vw, 639px\" \/><\/a><\/p>\n<p>&nbsp;<\/p>\n<p>O PART (Programa de Apoio \u00e0 Redu\u00e7\u00e3o de Tarifado) \u00e9 uma iniciativa prevista na Lei do Or\u00e7amento de Estado com a colabora\u00e7\u00e3o e participa\u00e7\u00e3o dos Munic\u00edpios.<\/p>\n<p>O objetivo \u00e9 a cria\u00e7\u00e3o de passes a pre\u00e7os reduzidos para maior facilidade de desloca\u00e7\u00e3o nos transportes p\u00fablicos.<\/p>\n<p>O programa tem in\u00edcio a partir de 1 de Setembro e conduz a uma redu\u00e7\u00e3o m\u00e9dia de 55% dos passes dos transportes urbanos de \u00c9vora.<\/p>\n<p>&nbsp;<\/p>\n<p style=\"text-align: center\"><a href=\"https:\/\/www.cm-evora.pt\/wp-content\/uploads\/2020\/06\/TREVO.jpg\"><img loading=\"lazy\" decoding=\"async\" class=\"alignnone size-full wp-image-10304\" src=\"https:\/\/www.cm-evora.pt\/wp-content\/uploads\/2020\/06\/TREVO.jpg\" alt=\"\" width=\"496\" height=\"184\" srcset=\"https:\/\/www.cm-evora.pt\/wp-content\/uploads\/2020\/06\/TREVO.jpg 496w, https:\/\/www.cm-evora.pt\/wp-content\/uploads\/2020\/06\/TREVO-300x111.jpg 300w\" sizes=\"auto, (max-width: 496px) 100vw, 496px\" \/><\/a><\/p>\n<p>&nbsp;<\/p>\n<p>O Munic\u00edpio de \u00c9vora mant\u00e9m os passes sociais para jovens e idosos, por impossibilidade de beneficiarem do desconto PART.<\/p>\n<p>&nbsp;<\/p>\n<table width=\"66%\">\n<tbody>\n<tr>\n<td width=\"45%\"><strong>Passes Mensais<\/strong><\/td>\n<td width=\"273%\"><\/td>\n<\/tr>\n<tr>\n<td width=\"45%\"><strong>Tipo de passe<\/strong><\/td>\n<td width=\"273%\"><strong>Pre\u00e7o atual<\/strong><\/td>\n<\/tr>\n<tr>\n<td width=\"45%\">Jovem 1<\/td>\n<td width=\"273%\">0,00 \u20ac<\/td>\n<\/tr>\n<tr>\n<td width=\"45%\">Jovem 2<\/td>\n<td width=\"273%\">9,88 \u20ac<\/td>\n<\/tr>\n<tr>\n<td width=\"45%\">Jovem 3<\/td>\n<td width=\"273%\">14,81 \u20ac<\/td>\n<\/tr>\n<tr>\n<td width=\"45%\">Idoso<\/td>\n<td width=\"273%\">9,88 \u20ac<\/td>\n<\/tr>\n<\/tbody>\n<\/table>\n<p>&nbsp;<\/p>\n<p>Os utentes s\u00e3o livres de escolher a modalidade de passe que desejarem.<\/p>\n<p>Para renova\u00e7\u00e3o ou aquisi\u00e7\u00e3o de passe devem dirigir-se aos locais habituais.<\/p>","protected":false},"excerpt":{"rendered":"<p>&nbsp; O PART (Programa de Apoio \u00e0 Redu\u00e7\u00e3o de Tarifado) \u00e9 uma iniciativa prevista na Lei do Or\u00e7amento de Estado com a colabora\u00e7\u00e3o e participa\u00e7\u00e3o dos Munic\u00edpios. O objetivo \u00e9 a cria\u00e7\u00e3o de passes a pre\u00e7os reduzidos para maior facilidade de desloca\u00e7\u00e3o nos transportes p\u00fablicos. O programa tem in\u00edcio a partir de 1 de Setembro [&hellip;]<\/p>\n","protected":false},"author":1,"featured_media":0,"parent":1510,"menu_order":1,"comment_status":"closed","ping_status":"closed","template":"templates-map\/component-text-layout1.php","meta":{"_acf_changed":false,"footnotes":""},"categories":[],"class_list":["post-2523","page","type-page","status-publish","hentry"],"acf":{"imagens":"","titulo_docs_seccao":"","documentos":[80427]},"_links":{"self":[{"href":"https:\/\/www.cm-evora.pt\/en\/wp-json\/wp\/v2\/pages\/2523","targetHints":{"allow":["GET"]}}],"collection":[{"href":"https:\/\/www.cm-evora.pt\/en\/wp-json\/wp\/v2\/pages"}],"about":[{"href":"https:\/\/www.cm-evora.pt\/en\/wp-json\/wp\/v2\/types\/page"}],"author":[{"embeddable":true,"href":"https:\/\/www.cm-evora.pt\/en\/wp-json\/wp\/v2\/users\/1"}],"replies":[{"embeddable":true,"href":"https:\/\/www.cm-evora.pt\/en\/wp-json\/wp\/v2\/comments?post=2523"}],"version-history":[{"count":9,"href":"https:\/\/www.cm-evora.pt\/en\/wp-json\/wp\/v2\/pages\/2523\/revisions"}],"predecessor-version":[{"id":80432,"href":"https:\/\/www.cm-evora.pt\/en\/wp-json\/wp\/v2\/pages\/2523\/revisions\/80432"}],"up":[{"embeddable":true,"href":"https:\/\/www.cm-evora.pt\/en\/wp-json\/wp\/v2\/pages\/1510"}],"acf:post":[{"embeddable":true,"href":"https:\/\/www.cm-evora.pt\/en\/wp-json\/wp\/v2\/listas_ficheiros\/80427"}],"wp:attachment":[{"href":"https:\/\/www.cm-evora.pt\/en\/wp-json\/wp\/v2\/media?parent=2523"}],"wp:term":[{"taxonomy":"category","embeddable":true,"href":"https:\/\/www.cm-evora.pt\/en\/wp-json\/wp\/v2\/categories?post=2523"}],"curies":[{"name":"wp","href":"https:\/\/api.w.org\/{rel}","templated":true}]}}