{"id":2528,"date":"2020-02-03T14:10:38","date_gmt":"2020-02-03T14:10:38","guid":{"rendered":"https:\/\/evora2.int.skilltech.pt\/susProjects\/wp_evora2_suite\/?page_id=2528"},"modified":"2023-02-16T10:13:58","modified_gmt":"2023-02-16T10:13:58","slug":"cafe-memoria","status":"publish","type":"page","link":"https:\/\/www.cm-evora.pt\/en\/municipe\/areas-de-acao\/saude\/programas-para-a-saude\/cafe-memoria\/","title":{"rendered":"(Portugu\u00eas) Caf\u00e9 Mem\u00f3ria"},"content":{"rendered":"<p class=\"qtranxs-available-languages-message qtranxs-available-languages-message-en\">Sorry, this entry is only available in <a href=\"https:\/\/www.cm-evora.pt\/pt\/wp-json\/wp\/v2\/pages\/2528\" class=\"qtranxs-available-language-link qtranxs-available-language-link-pt\" title=\"Portugu\u00eas\">Portugu\u00eas<\/a>.<\/p><p><\/p>\n<p style=\"text-align: center\"><a href=\"https:\/\/www.cm-evora.pt\/wp-content\/uploads\/2020\/06\/cafe-memoria-639.jpg\"><img loading=\"lazy\" decoding=\"async\" class=\"alignnone wp-image-9162 size-full\" src=\"https:\/\/www.cm-evora.pt\/wp-content\/uploads\/2020\/06\/cafe-memoria-639-e1658747059737.jpg\" alt=\"\" width=\"637\" height=\"193\" srcset=\"https:\/\/www.cm-evora.pt\/wp-content\/uploads\/2020\/06\/cafe-memoria-639-e1658747059737.jpg 637w, https:\/\/www.cm-evora.pt\/wp-content\/uploads\/2020\/06\/cafe-memoria-639-e1658747059737-300x91.jpg 300w\" sizes=\"auto, (max-width: 637px) 100vw, 637px\" \/><\/a><\/p>\n<p>&nbsp;<\/p>\n<p><strong>O ponto de encontro para pessoas com problemas de mem\u00f3ria e seus familiares<\/strong><\/p>\n<p>O CAF\u00c9 MEM\u00d3RIA \u00e9 um local de encontro destinado a pessoas com problemas de mem\u00f3ria ou dem\u00eancia, bem como aos respetivos familiares e cuidadores, para partilha de experi\u00eancias e suporte m\u00fatuo.<\/p>\n<p>Aqui poder\u00e1 encontrar um ambiente acolhedor, reservado e seguro onde se facilita a intera\u00e7\u00e3o entre todos, se oferece apoio emocional, informa\u00e7\u00e3o \u00fatil e promove a participa\u00e7\u00e3o das pessoas em atividades l\u00fadicas e estimulantes, com o apoio de profissionais de sa\u00fade ou de a\u00e7\u00e3o social, num contexto informal.<\/p>\n<p>A miss\u00e3o do CAF\u00c9 MEM\u00d3RIA consiste em reduzir o isolamento social em que muitas das pessoas com dem\u00eancia e os seus familiares e cuidadores se encontram, contribuindo para a melhoria da sua qualidade de vida. Pretende ainda sensibilizar a comunidade para a relev\u00e2ncia crescente do tema das dem\u00eancias, diminuindo, assim, o estigma que lhe est\u00e1 associado.<\/p>\n<p>&nbsp;<\/p>\n<p><strong>A participa\u00e7\u00e3o nos CAF\u00c9S MEM\u00d3RIA \u00e9 gratuita e n\u00e3o necessita de marca\u00e7\u00e3o pr\u00e9via<\/strong><\/p>\n<p><strong>Local<\/strong>:\u00a0Restaurante Salsa Verde, Rua do Raimundo 93 A, 7000-661 \u00c9vora<\/p>\n<p><strong>Hor\u00e1rio:<\/strong> 4\u00ba s\u00e1bado de cada m\u00eas,\u00a010h00 \u2013 12h00<\/p>\n<p><strong>Contactos:<\/strong><\/p>\n<ul>\n<li style=\"list-style-type: none\">\n<ul>\n<li><u>Telem\u00f3vel<\/u>: <a href=\"tel:+351935044787\" target=\"_blank\" rel=\"noopener\">+351 935 044 787<\/a> \u00abChamada para a rede m\u00f3vel nacional\u00bb<\/li>\n<li><a href=\"https:\/\/www.cafememoria.pt\/\" target=\"_blank\" rel=\"noopener\">https:\/\/www.cafememoria.pt\/<\/a><\/li>\n<li><a href=\"mailto:geral@cafememoria.pt\" target=\"_blank\" rel=\"noopener\">geral@cafememoria.pt<\/a><\/li>\n<\/ul>\n<\/li>\n<\/ul>\n<p>&nbsp;<\/p>\n<h6><u>Uma Iniciativa de<\/u>: Alzheimer Portugal e SonaeSierra<\/h6>\n<h6><u>Parceiros Institucionais<\/u>: Funda\u00e7\u00e3o Montepio; Funda\u00e7\u00e3o Calouste Gulbenkian e Instituto de Ci\u00eancias Sociais da Universidade Cat\u00f3lica Portuguesa<\/h6>\n<h6><u>Apoio<\/u>: Funda\u00e7\u00e3o PT e Llorente y Cuenca<\/h6>\n<h6><u>Promotor Local<\/u>: Universidade de \u00c9vora<\/h6>\n<h6><u>Apoios Locais<\/u>: Dire\u00e7\u00e3o Regional de Cultura do Alentejo; C\u00e2mara Municipal de \u00c9vora; Delta Caf\u00e9s; NephroCare; Funda\u00e7\u00e3o Eug\u00e9nio de Almeida e Funda\u00e7\u00e3o Alentejo<\/h6>\n<p>&nbsp;<\/p>","protected":false},"excerpt":{"rendered":"<p>Sorry, this entry is only available in Portugu\u00eas. &nbsp; O ponto de encontro para pessoas com problemas de mem\u00f3ria e seus familiares O CAF\u00c9 MEM\u00d3RIA \u00e9 um local de encontro destinado a pessoas com problemas de mem\u00f3ria ou dem\u00eancia, bem como aos respetivos familiares e cuidadores, para partilha de experi\u00eancias e suporte m\u00fatuo. Aqui poder\u00e1 [&hellip;]<\/p>\n","protected":false},"author":1,"featured_media":0,"parent":2532,"menu_order":2,"comment_status":"closed","ping_status":"closed","template":"templates-map\/component-text-layout1.php","meta":{"_acf_changed":false,"footnotes":""},"categories":[],"class_list":["post-2528","page","type-page","status-publish","hentry"],"acf":{"imagens":"","titulo_docs_seccao":"","documentos":""},"_links":{"self":[{"href":"https:\/\/www.cm-evora.pt\/en\/wp-json\/wp\/v2\/pages\/2528","targetHints":{"allow":["GET"]}}],"collection":[{"href":"https:\/\/www.cm-evora.pt\/en\/wp-json\/wp\/v2\/pages"}],"about":[{"href":"https:\/\/www.cm-evora.pt\/en\/wp-json\/wp\/v2\/types\/page"}],"author":[{"embeddable":true,"href":"https:\/\/www.cm-evora.pt\/en\/wp-json\/wp\/v2\/users\/1"}],"replies":[{"embeddable":true,"href":"https:\/\/www.cm-evora.pt\/en\/wp-json\/wp\/v2\/comments?post=2528"}],"version-history":[{"count":9,"href":"https:\/\/www.cm-evora.pt\/en\/wp-json\/wp\/v2\/pages\/2528\/revisions"}],"predecessor-version":[{"id":45745,"href":"https:\/\/www.cm-evora.pt\/en\/wp-json\/wp\/v2\/pages\/2528\/revisions\/45745"}],"up":[{"embeddable":true,"href":"https:\/\/www.cm-evora.pt\/en\/wp-json\/wp\/v2\/pages\/2532"}],"wp:attachment":[{"href":"https:\/\/www.cm-evora.pt\/en\/wp-json\/wp\/v2\/media?parent=2528"}],"wp:term":[{"taxonomy":"category","embeddable":true,"href":"https:\/\/www.cm-evora.pt\/en\/wp-json\/wp\/v2\/categories?post=2528"}],"curies":[{"name":"wp","href":"https:\/\/api.w.org\/{rel}","templated":true}]}}