{"id":2530,"date":"2020-02-03T14:11:01","date_gmt":"2020-02-03T14:11:01","guid":{"rendered":"https:\/\/evora2.int.skilltech.pt\/susProjects\/wp_evora2_suite\/?page_id=2530"},"modified":"2025-11-12T10:57:21","modified_gmt":"2025-11-12T10:57:21","slug":"plano-local-de-saude-de-evora","status":"publish","type":"page","link":"https:\/\/www.cm-evora.pt\/en\/municipe\/areas-de-acao\/saude\/plano-local-de-saude-de-evora\/","title":{"rendered":"(Portugu\u00eas) Plano Local de Sa\u00fade de \u00c9vora"},"content":{"rendered":"<p class=\"qtranxs-available-languages-message qtranxs-available-languages-message-en\">Sorry, this entry is only available in <a href=\"https:\/\/www.cm-evora.pt\/pt\/wp-json\/wp\/v2\/pages\/2530\" class=\"qtranxs-available-language-link qtranxs-available-language-link-pt\" title=\"Portugu\u00eas\">Portugu\u00eas<\/a>.<\/p><p><\/p>\n<p style=\"text-align: center\"><a href=\"https:\/\/www.cm-evora.pt\/wp-content\/uploads\/2020\/07\/Banner-1-PLS.png\" target=\"_blank\" rel=\"noopener\"><img loading=\"lazy\" decoding=\"async\" class=\"alignnone wp-image-10946 size-full\" src=\"https:\/\/www.cm-evora.pt\/wp-content\/uploads\/2020\/07\/Banner-1-PLS.png\" alt=\"\" width=\"792\" height=\"356\" srcset=\"https:\/\/www.cm-evora.pt\/wp-content\/uploads\/2020\/07\/Banner-1-PLS.png 792w, https:\/\/www.cm-evora.pt\/wp-content\/uploads\/2020\/07\/Banner-1-PLS-300x135.png 300w, https:\/\/www.cm-evora.pt\/wp-content\/uploads\/2020\/07\/Banner-1-PLS-768x345.png 768w, https:\/\/www.cm-evora.pt\/wp-content\/uploads\/2020\/07\/Banner-1-PLS-220x100.png 220w\" sizes=\"auto, (max-width: 792px) 100vw, 792px\" \/><\/a><\/p>\n<p>&nbsp;<\/p>\n<p>Os planos e estrat\u00e9gias locais de sa\u00fade s\u00e3o um conjunto de des\u00edgnios na \u00e1rea da promo\u00e7\u00e3o da sa\u00fade e bem-estar de uma comunidade, acordados com parceiros sociais e focados no alinhamento de estrat\u00e9gias e atividades, utilizando recursos j\u00e1 existentes na comunidade ou mobilizando novos recursos.<\/p>\n<p>Melhorar a sa\u00fade e o bem-estar dos Mun\u00edcipes de \u00c9vora \u00e9 o desafio principal de muitas institui\u00e7\u00f5es, que trabalham diariamente nesse sentido. Desde a C\u00e2mara Municipal, a Pol\u00edcia, o Hospital, o Agrupamento de Centros de Sa\u00fade, a Seguran\u00e7a Social e associa\u00e7\u00f5es desportivas e culturais, cada um desempenha um papel \u00fanico e muito importante.<\/p>\n<p>&nbsp;<\/p>\n<p style=\"text-align: center\"><iframe loading=\"lazy\" title=\"\u00c9vora Plano Local de Sa\u00fade [Infografia]\" width=\"500\" height=\"281\" src=\"https:\/\/www.youtube.com\/embed\/dM4_CyK-0eo?feature=oembed\" frameborder=\"0\" allow=\"accelerometer; autoplay; clipboard-write; encrypted-media; gyroscope; picture-in-picture; web-share\" referrerpolicy=\"strict-origin-when-cross-origin\" allowfullscreen><\/iframe><\/p>\n<p>&nbsp;<\/p>\n<p style=\"text-align: center\"><iframe loading=\"lazy\" title=\"\u00c9vora Plano Local de Sa\u00fade [Infografia]\" width=\"500\" height=\"281\" src=\"https:\/\/www.youtube.com\/embed\/pCOsIqZmXmo?feature=oembed\" frameborder=\"0\" allow=\"accelerometer; autoplay; clipboard-write; encrypted-media; gyroscope; picture-in-picture; web-share\" referrerpolicy=\"strict-origin-when-cross-origin\" allowfullscreen><\/iframe><\/p>\n<p><\/p>","protected":false},"excerpt":{"rendered":"<p>Sorry, this entry is only available in Portugu\u00eas. &nbsp; Os planos e estrat\u00e9gias locais de sa\u00fade s\u00e3o um conjunto de des\u00edgnios na \u00e1rea da promo\u00e7\u00e3o da sa\u00fade e bem-estar de uma comunidade, acordados com parceiros sociais e focados no alinhamento de estrat\u00e9gias e atividades, utilizando recursos j\u00e1 existentes na comunidade ou mobilizando novos recursos. Melhorar [&hellip;]<\/p>\n","protected":false},"author":1,"featured_media":0,"parent":1515,"menu_order":0,"comment_status":"closed","ping_status":"closed","template":"templates-map\/component-text-layout1.php","meta":{"_acf_changed":false,"footnotes":""},"categories":[],"class_list":["post-2530","page","type-page","status-publish","hentry"],"acf":{"imagens":"","titulo_docs_seccao":"","documentos":""},"_links":{"self":[{"href":"https:\/\/www.cm-evora.pt\/en\/wp-json\/wp\/v2\/pages\/2530","targetHints":{"allow":["GET"]}}],"collection":[{"href":"https:\/\/www.cm-evora.pt\/en\/wp-json\/wp\/v2\/pages"}],"about":[{"href":"https:\/\/www.cm-evora.pt\/en\/wp-json\/wp\/v2\/types\/page"}],"author":[{"embeddable":true,"href":"https:\/\/www.cm-evora.pt\/en\/wp-json\/wp\/v2\/users\/1"}],"replies":[{"embeddable":true,"href":"https:\/\/www.cm-evora.pt\/en\/wp-json\/wp\/v2\/comments?post=2530"}],"version-history":[{"count":7,"href":"https:\/\/www.cm-evora.pt\/en\/wp-json\/wp\/v2\/pages\/2530\/revisions"}],"predecessor-version":[{"id":79211,"href":"https:\/\/www.cm-evora.pt\/en\/wp-json\/wp\/v2\/pages\/2530\/revisions\/79211"}],"up":[{"embeddable":true,"href":"https:\/\/www.cm-evora.pt\/en\/wp-json\/wp\/v2\/pages\/1515"}],"wp:attachment":[{"href":"https:\/\/www.cm-evora.pt\/en\/wp-json\/wp\/v2\/media?parent=2530"}],"wp:term":[{"taxonomy":"category","embeddable":true,"href":"https:\/\/www.cm-evora.pt\/en\/wp-json\/wp\/v2\/categories?post=2530"}],"curies":[{"name":"wp","href":"https:\/\/api.w.org\/{rel}","templated":true}]}}