{"id":2537,"date":"2020-02-03T14:14:34","date_gmt":"2020-02-03T14:14:34","guid":{"rendered":"https:\/\/evora2.int.skilltech.pt\/susProjects\/wp_evora2_suite\/?page_id=2537"},"modified":"2023-04-05T09:10:09","modified_gmt":"2023-04-05T08:10:09","slug":"a-protecao-civil","status":"publish","type":"page","link":"https:\/\/www.cm-evora.pt\/en\/municipe\/areas-de-acao\/protecao-civil\/a-protecao-civil\/","title":{"rendered":"A Prote\u00e7\u00e3o Civil"},"content":{"rendered":"<p style=\"text-align: center\"><strong>O que \u00e9 a Prote\u00e7\u00e3o Civil?, Atividades, N\u00famero Verde Prote\u00e7\u00e3o Civil Municipal (Ocorr\u00eancias)<\/strong><\/p>\n<p>&nbsp;<\/p>\n<p style=\"text-align: center\"><a href=\"https:\/\/www.cm-evora.pt\/wp-content\/uploads\/2022\/08\/PortalAguasCME_I03.png\"><img loading=\"lazy\" decoding=\"async\" class=\"alignnone size-full wp-image-39123\" src=\"https:\/\/www.cm-evora.pt\/wp-content\/uploads\/2022\/08\/PortalAguasCME_I03.png\" alt=\"\" width=\"440\" height=\"274\" srcset=\"https:\/\/www.cm-evora.pt\/wp-content\/uploads\/2022\/08\/PortalAguasCME_I03.png 440w, https:\/\/www.cm-evora.pt\/wp-content\/uploads\/2022\/08\/PortalAguasCME_I03-300x187.png 300w\" sizes=\"auto, (max-width: 440px) 100vw, 440px\" \/><\/a><\/p>\n","protected":false},"excerpt":{"rendered":"<p>O que \u00e9 a Prote\u00e7\u00e3o Civil?, Atividades, N\u00famero Verde Prote\u00e7\u00e3o Civil Municipal (Ocorr\u00eancias) &nbsp;<\/p>\n","protected":false},"author":1,"featured_media":0,"parent":1517,"menu_order":0,"comment_status":"closed","ping_status":"closed","template":"templates-map\/component-text-list-layout1.php","meta":{"_acf_changed":false,"footnotes":""},"categories":[],"class_list":["post-2537","page","type-page","status-publish","hentry"],"acf":[],"_links":{"self":[{"href":"https:\/\/www.cm-evora.pt\/en\/wp-json\/wp\/v2\/pages\/2537","targetHints":{"allow":["GET"]}}],"collection":[{"href":"https:\/\/www.cm-evora.pt\/en\/wp-json\/wp\/v2\/pages"}],"about":[{"href":"https:\/\/www.cm-evora.pt\/en\/wp-json\/wp\/v2\/types\/page"}],"author":[{"embeddable":true,"href":"https:\/\/www.cm-evora.pt\/en\/wp-json\/wp\/v2\/users\/1"}],"replies":[{"embeddable":true,"href":"https:\/\/www.cm-evora.pt\/en\/wp-json\/wp\/v2\/comments?post=2537"}],"version-history":[{"count":11,"href":"https:\/\/www.cm-evora.pt\/en\/wp-json\/wp\/v2\/pages\/2537\/revisions"}],"predecessor-version":[{"id":47705,"href":"https:\/\/www.cm-evora.pt\/en\/wp-json\/wp\/v2\/pages\/2537\/revisions\/47705"}],"up":[{"embeddable":true,"href":"https:\/\/www.cm-evora.pt\/en\/wp-json\/wp\/v2\/pages\/1517"}],"wp:attachment":[{"href":"https:\/\/www.cm-evora.pt\/en\/wp-json\/wp\/v2\/media?parent=2537"}],"wp:term":[{"taxonomy":"category","embeddable":true,"href":"https:\/\/www.cm-evora.pt\/en\/wp-json\/wp\/v2\/categories?post=2537"}],"curies":[{"name":"wp","href":"https:\/\/api.w.org\/{rel}","templated":true}]}}