{"id":25532,"date":"2021-08-10T13:52:11","date_gmt":"2021-08-10T12:52:11","guid":{"rendered":"https:\/\/www.cm-evora.pt\/?page_id=25532"},"modified":"2026-02-13T15:52:04","modified_gmt":"2026-02-13T15:52:04","slug":"centro-interpretativo-da-cidade-de-evora","status":"publish","type":"page","link":"https:\/\/www.cm-evora.pt\/en\/visitante\/patrimonio\/centro-interpretativo-da-cidade-de-evora\/","title":{"rendered":"Centro Interpretativo da Cidade de \u00c9vora"},"content":{"rendered":"<p><\/p>\n<p style=\"text-align: center\"><a href=\"https:\/\/www.cm-evora.pt\/wp-content\/uploads\/2021\/08\/2021_07_Centro-Interpretativo_HO-7.jpg\" target=\"_blank\" rel=\"noopener\"><img loading=\"lazy\" decoding=\"async\" class=\"alignnone wp-image-25536 size-full\" src=\"https:\/\/www.cm-evora.pt\/wp-content\/uploads\/2021\/08\/2021_07_Centro-Interpretativo_HO-7.jpg\" alt=\"\" width=\"1920\" height=\"1349\" srcset=\"https:\/\/www.cm-evora.pt\/wp-content\/uploads\/2021\/08\/2021_07_Centro-Interpretativo_HO-7.jpg 1920w, https:\/\/www.cm-evora.pt\/wp-content\/uploads\/2021\/08\/2021_07_Centro-Interpretativo_HO-7-300x211.jpg 300w, https:\/\/www.cm-evora.pt\/wp-content\/uploads\/2021\/08\/2021_07_Centro-Interpretativo_HO-7-1024x719.jpg 1024w, https:\/\/www.cm-evora.pt\/wp-content\/uploads\/2021\/08\/2021_07_Centro-Interpretativo_HO-7-768x540.jpg 768w, https:\/\/www.cm-evora.pt\/wp-content\/uploads\/2021\/08\/2021_07_Centro-Interpretativo_HO-7-1536x1079.jpg 1536w, https:\/\/www.cm-evora.pt\/wp-content\/uploads\/2021\/08\/2021_07_Centro-Interpretativo_HO-7-1320x927.jpg 1320w\" sizes=\"auto, (max-width: 1920px) 100vw, 1920px\" \/><\/a><\/p>\n<p>&nbsp;<\/p>\n<p>Inaugurado no passado dia 29 de junho de 2021, Dia da Cidade, depois de uma interven\u00e7\u00e3o que requalificou este monumento nacional, o Pal\u00e1cio de D. Manuel alberga agora o Centro Interpretativo da Cidade de \u00c9vora, al\u00e9m de uma sala de exposi\u00e7\u00f5es tempor\u00e1rias e de uma sala de confer\u00eancias totalmente equipada. O Centro Interpretativo abre agora portas ao p\u00fablico, percorrendo os 20 s\u00e9culos de hist\u00f3ria que modelaram a cidade de \u00c9vora.<\/p>\n<p>O Centro Interpretativo da Cidade de \u00c9vora desempenha um papel determinante na prossecu\u00e7\u00e3o de uma estrat\u00e9gia municipal de cria\u00e7\u00e3o de melhores condi\u00e7\u00f5es de acolhimento aos visitantes da Cidade. Procurou estruturar-se em torno de uma narrativa que permite apresentar ao visitante as raz\u00f5es pelas quais \u00c9vora foi considerada Patrim\u00f3nio Cultural da Humanidade. Atrav\u00e9s de documentos, artefactos museol\u00f3gicos, imagens, sons e recursos multim\u00e9dia, foi desenvolvido um discurso que evidencia uma vis\u00e3o abrangente do s\u00edtio classificado, documentando, de forma simples e apelativa, as grandes linhas pelas quais se tece a sua harmonia temporal.<\/p>\n<p>Em termos expositivos, procurou-se (re)interpretar as diversas pe\u00e7as, as imagens anal\u00f3gicas e virtuais, as maquetas e as recria\u00e7\u00f5es expostas, cruzando-as com momentos hist\u00f3ricos do pa\u00eds vivenciados em \u00c9vora, atrav\u00e9s de um trilho dram\u00e1tico e sonoro, onde a m\u00fasica, a poesia, relatos ou curtas fic\u00e7\u00f5es dramatizadas permitem estabelecer uma desej\u00e1vel ponte do espa\u00e7o interpretativo para a cidade.<\/p>\n<p>O Centro Interpretativo pode ser visitado de ter\u00e7a-feira a s\u00e1bado, entre as 09h30 e 12h30 e entre as 14h00 e as 18h00.<\/p>\n<p>&nbsp;<\/p>\n<p><strong>Localiza\u00e7\u00e3o:<\/strong> <a href=\"https:\/\/www.cm-evora.pt\/locais\/palacio-de-d-manuel-2\/\" target=\"_blank\" rel=\"noopener\">Pal\u00e1cio D. Manuel<\/a><\/p>\n<p>Mais informa\u00e7\u00f5es sobre o Servi\u00e7o Cultural e Educativo <a href=\"https:\/\/www.cm-evora.pt\/municipe\/projetos-municipais\/pel-projeto-educativo-local\/projetos-educativos\/servico-cultural-e-educativo\/\" target=\"_blank\" rel=\"noopener\">aqui<\/a>.<\/p>\n<p>&nbsp;<\/p>\n<div id=\"attachment_69915\" style=\"width: 222px\" class=\"wp-caption aligncenter\"><a href=\"https:\/\/www.cm-evora.pt\/wp-content\/uploads\/2025\/01\/assomate_PCE-1.pdf\" target=\"_blank\" rel=\"noopener\"><img loading=\"lazy\" decoding=\"async\" aria-describedby=\"caption-attachment-69915\" class=\"wp-image-69915 size-medium\" src=\"https:\/\/www.cm-evora.pt\/wp-content\/uploads\/2025\/01\/assomate_PCE_page-0001-212x300.jpg\" alt=\"\" width=\"212\" height=\"300\" srcset=\"https:\/\/www.cm-evora.pt\/wp-content\/uploads\/2025\/01\/assomate_PCE_page-0001-212x300.jpg 212w, https:\/\/www.cm-evora.pt\/wp-content\/uploads\/2025\/01\/assomate_PCE_page-0001-722x1024.jpg 722w, https:\/\/www.cm-evora.pt\/wp-content\/uploads\/2025\/01\/assomate_PCE_page-0001-768x1089.jpg 768w, https:\/\/www.cm-evora.pt\/wp-content\/uploads\/2025\/01\/assomate_PCE_page-0001.jpg 875w\" sizes=\"auto, (max-width: 212px) 100vw, 212px\" \/><\/a><p id=\"caption-attachment-69915\" class=\"wp-caption-text\">Programa\u00e7\u00e3o &#8211; Servi\u00e7o Cultural e Educativo 2024\/2025<\/p><\/div>\n<p>&nbsp;<\/p>\n<div id=\"attachment_54204\" style=\"width: 222px\" class=\"wp-caption aligncenter\"><a href=\"https:\/\/www.cm-evora.pt\/wp-content\/uploads\/2023\/10\/programa_palacio_2023Out_2024Julho_spreads_low.pdf\" target=\"_blank\" rel=\"noopener\"><img loading=\"lazy\" decoding=\"async\" aria-describedby=\"caption-attachment-54204\" class=\"wp-image-54204 size-medium\" src=\"https:\/\/www.cm-evora.pt\/wp-content\/uploads\/2023\/10\/programa_palacio_spreads_low_page-0001-212x300.jpg\" alt=\"\" width=\"212\" height=\"300\" srcset=\"https:\/\/www.cm-evora.pt\/wp-content\/uploads\/2023\/10\/programa_palacio_spreads_low_page-0001-212x300.jpg 212w, https:\/\/www.cm-evora.pt\/wp-content\/uploads\/2023\/10\/programa_palacio_spreads_low_page-0001-722x1024.jpg 722w, https:\/\/www.cm-evora.pt\/wp-content\/uploads\/2023\/10\/programa_palacio_spreads_low_page-0001-768x1089.jpg 768w, https:\/\/www.cm-evora.pt\/wp-content\/uploads\/2023\/10\/programa_palacio_spreads_low_page-0001.jpg 875w\" sizes=\"auto, (max-width: 212px) 100vw, 212px\" \/><\/a><p id=\"caption-attachment-54204\" class=\"wp-caption-text\">Programa\u00e7\u00e3o &#8211; Servi\u00e7o Cultural e Educativo Outubro 2023-Julho 2024<\/p><\/div>\n<p>&nbsp;<\/p>\n<p><strong>Links \u00fateis:<\/strong><\/p>\n<ul>\n<li style=\"list-style-type: none\">\n<ul>\n<li><a href=\"https:\/\/www.cm-evora.pt\/visitante\/lazer-visitar\/roteiros\/\" target=\"_blank\" rel=\"noopener\">Roteiros<\/a><\/li>\n<li><a href=\"https:\/\/www.cm-evora.pt\/visitante\/posto-de-turismo\/\" target=\"_blank\" rel=\"noopener\">Posto de Turismo<\/a><\/li>\n<li><a href=\"https:\/\/www.cm-evora.pt\/visitante\/lazer-visitar\/visitar\/\" target=\"_blank\" rel=\"noopener\">Visitar<\/a><\/li>\n<li><a href=\"https:\/\/www.cm-evora.pt\/visitante\/onde-comer-e-beber\/\" target=\"_blank\" rel=\"noopener\">Onde comer e beber<\/a><\/li>\n<li><a href=\"https:\/\/www.cm-evora.pt\/visitante\/onde-ficar\/\" target=\"_blank\" rel=\"noopener\">Onde ficar<\/a><\/li>\n<li><a href=\"https:\/\/www.cm-evora.pt\/visitante\/como-chegar\/deslocar-se-em-evora\/\" target=\"_blank\" rel=\"noopener\">Deslocar-se em \u00c9vora<\/a><\/li>\n<\/ul>\n<\/li>\n<\/ul>\n<p><\/p>","protected":false},"excerpt":{"rendered":"<p>&nbsp; Inaugurado no passado dia 29 de junho de 2021, Dia da Cidade, depois de uma interven\u00e7\u00e3o que requalificou este monumento nacional, o Pal\u00e1cio de D. Manuel alberga agora o Centro Interpretativo da Cidade de \u00c9vora, al\u00e9m de uma sala de exposi\u00e7\u00f5es tempor\u00e1rias e de uma sala de confer\u00eancias totalmente equipada. O Centro Interpretativo abre [&hellip;]<\/p>\n","protected":false},"author":45,"featured_media":0,"parent":1335,"menu_order":1,"comment_status":"closed","ping_status":"closed","template":"templates-map\/component-photo-gallery-list-layout1.php","meta":{"_acf_changed":false,"footnotes":""},"categories":[],"class_list":["post-25532","page","type-page","status-publish","hentry"],"acf":[],"_links":{"self":[{"href":"https:\/\/www.cm-evora.pt\/en\/wp-json\/wp\/v2\/pages\/25532","targetHints":{"allow":["GET"]}}],"collection":[{"href":"https:\/\/www.cm-evora.pt\/en\/wp-json\/wp\/v2\/pages"}],"about":[{"href":"https:\/\/www.cm-evora.pt\/en\/wp-json\/wp\/v2\/types\/page"}],"author":[{"embeddable":true,"href":"https:\/\/www.cm-evora.pt\/en\/wp-json\/wp\/v2\/users\/45"}],"replies":[{"embeddable":true,"href":"https:\/\/www.cm-evora.pt\/en\/wp-json\/wp\/v2\/comments?post=25532"}],"version-history":[{"count":22,"href":"https:\/\/www.cm-evora.pt\/en\/wp-json\/wp\/v2\/pages\/25532\/revisions"}],"predecessor-version":[{"id":81692,"href":"https:\/\/www.cm-evora.pt\/en\/wp-json\/wp\/v2\/pages\/25532\/revisions\/81692"}],"up":[{"embeddable":true,"href":"https:\/\/www.cm-evora.pt\/en\/wp-json\/wp\/v2\/pages\/1335"}],"wp:attachment":[{"href":"https:\/\/www.cm-evora.pt\/en\/wp-json\/wp\/v2\/media?parent=25532"}],"wp:term":[{"taxonomy":"category","embeddable":true,"href":"https:\/\/www.cm-evora.pt\/en\/wp-json\/wp\/v2\/categories?post=25532"}],"curies":[{"name":"wp","href":"https:\/\/api.w.org\/{rel}","templated":true}]}}